{"id":5313,"date":"2021-07-09T11:47:21","date_gmt":"2021-07-09T11:47:21","guid":{"rendered":"https:\/\/valahia.riplu.ro\/?page_id=5313"},"modified":"2026-04-02T22:35:06","modified_gmt":"2026-04-02T20:35:06","slug":"departament-management","status":"publish","type":"page","link":"https:\/\/economice.valahia.ro\/?page_id=5313","title":{"rendered":"Management &#8211; Marketing"},"content":{"rendered":"<p>[vc_row][vc_column]<h1 style=\"color:;\" class=\" ztl-accent-font ztl-center ztl-font-bold\">DEPARTAMENT MANAGEMENT - MARKETING<\/h1>[vc_empty_space][\/vc_column][\/vc_row][vc_row][vc_column width=&#8221;1\/4&#8243;][vc_row_inner][vc_column_inner][vc_single_image image=&#8221;5626&#8243; img_size=&#8221;medium&#8221; alignment=&#8221;center&#8221; style=&#8221;vc_box_rounded&#8221;]<h4 style=\"color:;\" class=\"  ztl-center ztl-font-bold\">Mihai Mieil\u0103<\/h4><h5 style=\"color:;\" class=\"  ztl-center \">PROF. UNIV. DR. HABIL.<\/h5><h6 style=\"color:#000000;\" class=\" ztl-main-font ztl-center ztl-font-bold\"><\/h6><h6 style=\"color:#000000;\" class=\" ztl-main-font ztl-center ztl-font-bold\"><\/h6>[vc_empty_space][\/vc_column_inner][\/vc_row_inner][vc_row_inner][vc_column_inner][vc_single_image image=&#8221;5784&#8243; img_size=&#8221;medium&#8221; alignment=&#8221;center&#8221; style=&#8221;vc_box_rounded&#8221;]<h4 style=\"color:;\" class=\"  ztl-center ztl-font-bold\">Ion Steg\u0103roiu<\/h4><h5 style=\"color:;\" class=\"  ztl-center \">PROF. UNIV. DR.<\/h5><h6 style=\"color:#000000;\" class=\" ztl-main-font ztl-center ztl-font-bold\"><\/h6><h6 style=\"color:#000000;\" class=\" ztl-main-font ztl-center ztl-font-bold\"><\/h6>[\/vc_column_inner][\/vc_row_inner][vc_empty_space][\/vc_column][vc_column width=&#8221;1\/4&#8243;][vc_row_inner][vc_column_inner][vc_single_image image=&#8221;5785&#8243; img_size=&#8221;medium&#8221; alignment=&#8221;center&#8221; style=&#8221;vc_box_rounded&#8221;]<h4 style=\"color:;\" class=\"  ztl-center ztl-font-bold\">Dorina T\u0103n\u0103sescu<\/h4><h5 style=\"color:;\" class=\"  ztl-center \">PROF. UNIV. DR.<\/h5><h6 style=\"color:#000000;\" class=\" ztl-main-font ztl-center ztl-font-bold\"><\/h6><h6 style=\"color:#000000;\" class=\" ztl-main-font ztl-center ztl-font-bold\"><\/h6>[vc_empty_space][\/vc_column_inner][\/vc_row_inner][vc_row_inner][vc_column_inner][vc_single_image image=&#8221;5620&#8243; img_size=&#8221;medium&#8221; alignment=&#8221;center&#8221; style=&#8221;vc_box_rounded&#8221;]<h4 style=\"color:;\" class=\"  ztl-center ztl-font-bold\">Cornelia Denisa Ivan<\/h4><h5 style=\"color:;\" class=\"  ztl-center \">LECT. UNIV. DR.<\/h5>[\/vc_column_inner][\/vc_row_inner][vc_empty_space][vc_empty_space][\/vc_column][vc_column width=&#8221;1\/4&#8243;][vc_row_inner][vc_column_inner][vc_single_image image=&#8221;5782&#8243; img_size=&#8221;medium&#8221; alignment=&#8221;center&#8221; style=&#8221;vc_box_rounded&#8221;]<h4 style=\"color:;\" class=\"  ztl-center ztl-font-bold\">Constan\u021ba Popescu<\/h4><h5 style=\"color:;\" class=\"  ztl-center \">PROF. UNIV. DR.<\/h5><h6 style=\"color:#000000;\" class=\" ztl-main-font ztl-center ztl-font-bold\"><\/h6><h6 style=\"color:#000000;\" class=\" ztl-main-font ztl-center ztl-font-bold\"><\/h6>[vc_empty_space][\/vc_column_inner][\/vc_row_inner][vc_row_inner][vc_column_inner][vc_single_image image=&#8221;5623&#8243; img_size=&#8221;medium&#8221; alignment=&#8221;center&#8221; style=&#8221;vc_box_rounded&#8221;]<h4 style=\"color:;\" class=\"  ztl-center ztl-font-bold\">Bogdan C\u0103t\u0103lin Savu<\/h4><h5 style=\"color:;\" class=\"  ztl-center \">LECT. UNIV. DR.<\/h5>[\/vc_column_inner][\/vc_row_inner][vc_empty_space][vc_empty_space][\/vc_column][vc_column width=&#8221;1\/4&#8243;][vc_row_inner][vc_column_inner][vc_single_image image=&#8221;5783&#8243; img_size=&#8221;medium&#8221; alignment=&#8221;center&#8221; style=&#8221;vc_box_rounded&#8221;]<h4 style=\"color:;\" class=\"  ztl-center ztl-font-bold\">Delia Mioara Popescu<\/h4><h5 style=\"color:;\" class=\"  ztl-center \">PROF. UNIV. DR.<\/h5>[vc_empty_space][\/vc_column_inner][\/vc_row_inner][vc_row_inner][vc_column_inner][vc_single_image image=&#8221;5841&#8243; img_size=&#8221;medium&#8221; alignment=&#8221;center&#8221; style=&#8221;vc_box_rounded&#8221;]<h4 style=\"color:;\" class=\"  ztl-center ztl-font-bold\">Gabriel Croitoru<\/h4><h5 style=\"color:;\" class=\"  ztl-center \">PROF. UNIV. DR. HABIL.<\/h5>[\/vc_column_inner][\/vc_row_inner][vc_empty_space][vc_empty_space][\/vc_column][\/vc_row][vc_row][vc_column width=&#8221;1\/4&#8243;][vc_row_inner][vc_column_inner][vc_single_image image=&#8221;5562&#8243; img_size=&#8221;medium&#8221; alignment=&#8221;center&#8221; style=&#8221;vc_box_rounded&#8221;]<h4 style=\"color:;\" class=\"  ztl-center ztl-font-bold\">Ani\u0219oara Duic\u0103<\/h4><h5 style=\"color:;\" class=\"  ztl-center \">PROF. UNIV. DR. HABIL.<\/h5><h6 style=\"color:#000000;\" class=\" ztl-main-font ztl-center ztl-font-bold\"><\/h6>[vc_empty_space][vc_empty_space][\/vc_column_inner][\/vc_row_inner][vc_row_inner][vc_column_inner][vc_single_image image=&#8221;5622&#8243; img_size=&#8221;medium&#8221; alignment=&#8221;center&#8221; style=&#8221;vc_box_rounded&#8221;]<h4 style=\"color:;\" class=\"  ztl-center ztl-font-bold\">Valentina Ofelia Robescu<\/h4><h5 style=\"color:;\" class=\"  ztl-center \">PROF. UNIV. DR. HABIL.<\/h5><h6 style=\"color:#000000;\" class=\" ztl-main-font ztl-center ztl-font-bold\"><\/h6>[vc_empty_space][vc_empty_space][\/vc_column_inner][\/vc_row_inner][vc_row_inner][vc_column_inner][vc_single_image image=&#8221;5560&#8243; img_size=&#8221;medium&#8221; alignment=&#8221;center&#8221; style=&#8221;vc_box_rounded&#8221;]<h4 style=\"color:;\" class=\"  ztl-center ztl-font-bold\">Georgiana Daniela Stoica<\/h4><h5 style=\"color:;\" class=\"  ztl-center \">CONF. UNIV. DR.<\/h5><h6 style=\"color:#000000;\" class=\" ztl-main-font ztl-center ztl-font-bold\"><\/h6>[\/vc_column_inner][\/vc_row_inner][\/vc_column][vc_column width=&#8221;1\/4&#8243;][vc_row_inner][vc_column_inner][vc_single_image image=&#8221;6791&#8243; img_size=&#8221;medium&#8221; alignment=&#8221;center&#8221; style=&#8221;vc_box_rounded&#8221;]<h4 style=\"color:;\" class=\"  ztl-center ztl-font-bold\">Mircea Constantin Duic\u0103<\/h4><h5 style=\"color:;\" class=\"  ztl-center \">PROF. UNIV. DR. HABIL.<\/h5><h6 style=\"color:#000000;\" class=\" ztl-main-font ztl-center ztl-font-bold\"><\/h6>[vc_empty_space][vc_empty_space][\/vc_column_inner][\/vc_row_inner][vc_row_inner][vc_column_inner][vc_single_image image=&#8221;5624&#8243; img_size=&#8221;medium&#8221; alignment=&#8221;center&#8221; style=&#8221;vc_box_rounded&#8221;]<h4 style=\"color:;\" class=\"  ztl-center ztl-font-bold\">Maria Cristina \u0218tefan<\/h4><h5 style=\"color:;\" class=\"  ztl-center \">PROF. UNIV. DR. HABIL.<\/h5><h6 style=\"color:#000000;\" class=\" ztl-main-font ztl-center ztl-font-bold\"><\/h6>[vc_empty_space][vc_empty_space][\/vc_column_inner][\/vc_row_inner][vc_row_inner][vc_column_inner][vc_single_image image=&#8221;5564&#8243; img_size=&#8221;medium&#8221; alignment=&#8221;center&#8221; style=&#8221;vc_box_rounded&#8221;]<h4 style=\"color:;\" class=\"  ztl-center ztl-font-bold\">Nicoleta Valentina Florea<\/h4><h5 style=\"color:;\" class=\"  ztl-center \">CONF. UNIV. DR. HABIL.<\/h5><h6 style=\"color:#000000;\" class=\" ztl-main-font ztl-center ztl-font-bold\"><\/h6>[\/vc_column_inner][\/vc_row_inner][\/vc_column][vc_column width=&#8221;1\/4&#8243;][vc_row_inner][vc_column_inner][vc_single_image image=&#8221;5625&#8243; img_size=&#8221;medium&#8221; alignment=&#8221;center&#8221; style=&#8221;vc_box_rounded&#8221;]<h4 style=\"color:;\" class=\"  ztl-center ztl-font-bold\">Andrei Toma<\/h4><h5 style=\"color:;\" class=\"  ztl-center \">CONF. UNIV. DR.<\/h5><h6 style=\"color:#000000;\" class=\" ztl-main-font ztl-center ztl-font-bold\"><\/h6>[vc_empty_space][vc_empty_space][\/vc_column_inner][\/vc_row_inner][vc_row_inner][vc_column_inner][vc_single_image image=&#8221;5619&#8243; img_size=&#8221;medium&#8221; alignment=&#8221;center&#8221; style=&#8221;vc_box_rounded&#8221;]<h4 style=\"color:;\" class=\"  ztl-center ztl-font-bold\">Adrian Ionu\u021b Ghibanu<\/h4><h5 style=\"color:;\" class=\"  ztl-center \">CONF. UNIV. DR.<\/h5><h6 style=\"color:#000000;\" class=\" ztl-main-font ztl-center ztl-font-bold\"><\/h6>[vc_empty_space][vc_empty_space][\/vc_column_inner][\/vc_row_inner][vc_row_inner][vc_column_inner][vc_single_image image=&#8221;11709&#8243; img_size=&#8221;medium&#8221; alignment=&#8221;center&#8221;]<h4 style=\"color:;\" class=\"  ztl-center ztl-font-bold\">Alina Iuliana T\u0103b\u00eerc\u0103<\/h4><h5 style=\"color:;\" class=\"  ztl-center \">LECT. UNIV. DR.<\/h5>[\/vc_column_inner][\/vc_row_inner][\/vc_column][vc_column width=&#8221;1\/4&#8243;][vc_row_inner][vc_column_inner][vc_single_image image=&#8221;5621&#8243; img_size=&#8221;medium&#8221; alignment=&#8221;center&#8221; style=&#8221;vc_box_rounded&#8221;]<h4 style=\"color:;\" class=\"  ztl-center ztl-font-bold\">Laura Marcu<\/h4><h5 style=\"color:;\" class=\"  ztl-center \">CONF. UNIV. DR.<\/h5><h6 style=\"color:#000000;\" class=\" ztl-main-font ztl-center ztl-font-bold\"><\/h6>[vc_empty_space][vc_empty_space][\/vc_column_inner][\/vc_row_inner][vc_row_inner][vc_column_inner][vc_single_image image=&#8221;5559&#8243; img_size=&#8221;medium&#8221; alignment=&#8221;center&#8221; style=&#8221;vc_box_rounded&#8221;]<h4 style=\"color:;\" class=\"  ztl-center ztl-font-bold\">Violeta Andreea Andreiana<\/h4><h5 style=\"color:;\" class=\"  ztl-center \">CONF. UNIV. DR.<\/h5><h6 style=\"color:#000000;\" class=\" ztl-main-font ztl-center ztl-font-bold\"><\/h6>[vc_empty_space][\/vc_column_inner][\/vc_row_inner][vc_row_inner][vc_column_inner][vc_single_image image=&#8221;6784&#8243; img_size=&#8221;medium&#8221; alignment=&#8221;center&#8221; style=&#8221;vc_box_rounded&#8221;]<h4 style=\"color:;\" class=\"  ztl-center ztl-font-bold\">Dorin Iancu<\/h4><h5 style=\"color:;\" class=\"  ztl-center \">LECT. UNIV. DR.<\/h5><h6 style=\"color:#000000;\" class=\" ztl-main-font ztl-center ztl-font-bold\"><\/h6>[\/vc_column_inner][\/vc_row_inner][\/vc_column][\/vc_row]<\/p>\n","protected":false},"excerpt":{"rendered":"<p>[vc_row][vc_column][vc_empty_space][\/vc_column][\/vc_row][vc_row][vc_column width=&#8221;1\/4&#8243;][vc_row_inner][vc_column_inner][vc_single_image image=&#8221;5626&#8243; img_size=&#8221;medium&#8221; alignment=&#8221;center&#8221; style=&#8221;vc_box_rounded&#8221;][vc_empty_space][\/vc_column_inner][\/vc_row_inner][vc_row_inner][vc_column_inner][vc_single_image image=&#8221;5784&#8243; img_size=&#8221;medium&#8221; alignment=&#8221;center&#8221; style=&#8221;vc_box_rounded&#8221;][\/vc_column_inner][\/vc_row_inner][vc_empty_space][\/vc_column][vc_column width=&#8221;1\/4&#8243;][vc_row_inner][vc_column_inner][vc_single_image image=&#8221;5785&#8243; img_size=&#8221;medium&#8221; alignment=&#8221;center&#8221; style=&#8221;vc_box_rounded&#8221;][vc_empty_space][\/vc_column_inner][\/vc_row_inner][vc_row_inner][vc_column_inner][vc_single_image image=&#8221;5620&#8243; img_size=&#8221;medium&#8221; alignment=&#8221;center&#8221; style=&#8221;vc_box_rounded&#8221;][\/vc_column_inner][\/vc_row_inner][vc_empty_space][vc_empty_space][\/vc_column][vc_column width=&#8221;1\/4&#8243;][vc_row_inner][vc_column_inner][vc_single_image image=&#8221;5782&#8243; img_size=&#8221;medium&#8221; alignment=&#8221;center&#8221; style=&#8221;vc_box_rounded&#8221;][vc_empty_space][\/vc_column_inner][\/vc_row_inner][vc_row_inner][vc_column_inner][vc_single_image image=&#8221;5623&#8243; img_size=&#8221;medium&#8221; alignment=&#8221;center&#8221; style=&#8221;vc_box_rounded&#8221;][\/vc_column_inner][\/vc_row_inner][vc_empty_space][vc_empty_space][\/vc_column][vc_column width=&#8221;1\/4&#8243;][vc_row_inner][vc_column_inner][vc_single_image image=&#8221;5783&#8243; img_size=&#8221;medium&#8221; alignment=&#8221;center&#8221; style=&#8221;vc_box_rounded&#8221;][vc_empty_space][\/vc_column_inner][\/vc_row_inner][vc_row_inner][vc_column_inner][vc_single_image image=&#8221;5841&#8243; img_size=&#8221;medium&#8221; alignment=&#8221;center&#8221; style=&#8221;vc_box_rounded&#8221;][\/vc_column_inner][\/vc_row_inner][vc_empty_space][vc_empty_space][\/vc_column][\/vc_row][vc_row][vc_column width=&#8221;1\/4&#8243;][vc_row_inner][vc_column_inner][vc_single_image image=&#8221;5562&#8243; img_size=&#8221;medium&#8221; alignment=&#8221;center&#8221; style=&#8221;vc_box_rounded&#8221;][vc_empty_space][vc_empty_space][\/vc_column_inner][\/vc_row_inner][vc_row_inner][vc_column_inner][vc_single_image image=&#8221;5622&#8243; img_size=&#8221;medium&#8221; alignment=&#8221;center&#8221; style=&#8221;vc_box_rounded&#8221;][vc_empty_space][vc_empty_space][\/vc_column_inner][\/vc_row_inner][vc_row_inner][vc_column_inner][vc_single_image image=&#8221;5560&#8243; img_size=&#8221;medium&#8221; alignment=&#8221;center&#8221; style=&#8221;vc_box_rounded&#8221;][\/vc_column_inner][\/vc_row_inner][\/vc_column][vc_column width=&#8221;1\/4&#8243;][vc_row_inner][vc_column_inner][vc_single_image image=&#8221;6791&#8243; img_size=&#8221;medium&#8221; alignment=&#8221;center&#8221; style=&#8221;vc_box_rounded&#8221;][vc_empty_space][vc_empty_space][\/vc_column_inner][\/vc_row_inner][vc_row_inner][vc_column_inner][vc_single_image [&hellip;]<\/p>\n","protected":false},"author":1,"featured_media":0,"parent":0,"menu_order":0,"comment_status":"closed","ping_status":"closed","template":"","meta":{"footnotes":""},"class_list":["post-5313","page","type-page","status-publish","hentry"],"_links":{"self":[{"href":"https:\/\/economice.valahia.ro\/index.php?rest_route=\/wp\/v2\/pages\/5313","targetHints":{"allow":["GET"]}}],"collection":[{"href":"https:\/\/economice.valahia.ro\/index.php?rest_route=\/wp\/v2\/pages"}],"about":[{"href":"https:\/\/economice.valahia.ro\/index.php?rest_route=\/wp\/v2\/types\/page"}],"author":[{"embeddable":true,"href":"https:\/\/economice.valahia.ro\/index.php?rest_route=\/wp\/v2\/users\/1"}],"replies":[{"embeddable":true,"href":"https:\/\/economice.valahia.ro\/index.php?rest_route=%2Fwp%2Fv2%2Fcomments&post=5313"}],"version-history":[{"count":75,"href":"https:\/\/economice.valahia.ro\/index.php?rest_route=\/wp\/v2\/pages\/5313\/revisions"}],"predecessor-version":[{"id":11718,"href":"https:\/\/economice.valahia.ro\/index.php?rest_route=\/wp\/v2\/pages\/5313\/revisions\/11718"}],"wp:attachment":[{"href":"https:\/\/economice.valahia.ro\/index.php?rest_route=%2Fwp%2Fv2%2Fmedia&parent=5313"}],"curies":[{"name":"wp","href":"https:\/\/api.w.org\/{rel}","templated":true}]}}