{"id":5387,"date":"2021-07-15T20:14:05","date_gmt":"2021-07-15T20:14:05","guid":{"rendered":"https:\/\/valahia.riplu.ro\/?page_id=5387"},"modified":"2025-01-28T15:41:36","modified_gmt":"2025-01-28T13:41:36","slug":"plan-strategic","status":"publish","type":"page","link":"https:\/\/economice.valahia.ro\/?page_id=5387","title":{"rendered":"Plan strategic"},"content":{"rendered":"<p>[vc_row][vc_column]<h1 style=\"color:;\" class=\" ztl-accent-font ztl-center ztl-font-bold\">PLAN STRATEGIC 2024 - 2029<\/h1>[\/vc_column][vc_column][vc_empty_space][\/vc_column][\/vc_row][vc_row][vc_column width=&#8221;1\/2&#8243;][vc_single_image image=&#8221;5904&#8243; img_size=&#8221;full&#8221; alignment=&#8221;center&#8221;][\/vc_column][vc_column width=&#8221;1\/2&#8243;][vc_column_text]<\/p>\n<p style=\"text-align: justify;\">Pentru orizontul de timp 2024-2029, Facultatea de \u0218tiin\u021be Economice, verig\u0103 organizatoric\u0103 important\u0103 \u020bn structura Universit\u0103\u021bii \u201eValahia\u201d din T\u00e2rgovi\u0219te, va trebui s\u0103 fac\u0103 fa\u0163\u0103 noilor cerin\u0163e generate de statutul Rom\u00e2niei de \u0163ar\u0103 membr\u0103 a Uniunii Europene, de func\u0163ionarea sa \u00een Spa\u0163iul European al \u00cenv\u0103\u0163\u0103m\u00e2ntului Superior, dar \u015fi de evolu\u0163iile viitoare ce vor fi marcate de intensific\u0103ri ale mediului concuren\u0163ial pe fondul pie\u0163ei europene libere.<\/p>\n<p>[\/vc_column_text][vc_btn title=&#8221;PLAN STRATEGIC&#8221; color=&#8221;primary&#8221; align=&#8221;center&#8221; link=&#8221;url:economice.valahia.ro\/wp-content\/uploads\/2025\/01\/FSE_Plan-Strategic_2024-2029.pdf&#8221;][\/vc_column][\/vc_row]<\/p>\n","protected":false},"excerpt":{"rendered":"<p>[vc_row][vc_column][\/vc_column][vc_column][vc_empty_space][\/vc_column][\/vc_row][vc_row][vc_column width=&#8221;1\/2&#8243;][vc_single_image image=&#8221;5904&#8243; img_size=&#8221;full&#8221; alignment=&#8221;center&#8221;][\/vc_column][vc_column width=&#8221;1\/2&#8243;][vc_column_text] Pentru orizontul de timp 2024-2029, Facultatea de \u0218tiin\u021be Economice, verig\u0103 organizatoric\u0103 important\u0103 \u020bn structura Universit\u0103\u021bii \u201eValahia\u201d din T\u00e2rgovi\u0219te, va trebui s\u0103 fac\u0103 fa\u0163\u0103 noilor cerin\u0163e generate de statutul Rom\u00e2niei de \u0163ar\u0103 membr\u0103 a Uniunii Europene, de func\u0163ionarea sa \u00een Spa\u0163iul European al \u00cenv\u0103\u0163\u0103m\u00e2ntului Superior, dar \u015fi de evolu\u0163iile viitoare [&hellip;]<\/p>\n","protected":false},"author":1,"featured_media":0,"parent":0,"menu_order":0,"comment_status":"closed","ping_status":"closed","template":"","meta":{"footnotes":""},"class_list":["post-5387","page","type-page","status-publish","hentry"],"_links":{"self":[{"href":"https:\/\/economice.valahia.ro\/index.php?rest_route=\/wp\/v2\/pages\/5387","targetHints":{"allow":["GET"]}}],"collection":[{"href":"https:\/\/economice.valahia.ro\/index.php?rest_route=\/wp\/v2\/pages"}],"about":[{"href":"https:\/\/economice.valahia.ro\/index.php?rest_route=\/wp\/v2\/types\/page"}],"author":[{"embeddable":true,"href":"https:\/\/economice.valahia.ro\/index.php?rest_route=\/wp\/v2\/users\/1"}],"replies":[{"embeddable":true,"href":"https:\/\/economice.valahia.ro\/index.php?rest_route=%2Fwp%2Fv2%2Fcomments&post=5387"}],"version-history":[{"count":12,"href":"https:\/\/economice.valahia.ro\/index.php?rest_route=\/wp\/v2\/pages\/5387\/revisions"}],"predecessor-version":[{"id":10653,"href":"https:\/\/economice.valahia.ro\/index.php?rest_route=\/wp\/v2\/pages\/5387\/revisions\/10653"}],"wp:attachment":[{"href":"https:\/\/economice.valahia.ro\/index.php?rest_route=%2Fwp%2Fv2%2Fmedia&parent=5387"}],"curies":[{"name":"wp","href":"https:\/\/api.w.org\/{rel}","templated":true}]}}