{"id":5465,"date":"2021-07-15T20:29:31","date_gmt":"2021-07-15T20:29:31","guid":{"rendered":"https:\/\/valahia.riplu.ro\/?page_id=5465"},"modified":"2021-11-04T17:20:23","modified_gmt":"2021-11-04T17:20:23","slug":"timv","status":"publish","type":"page","link":"https:\/\/economice.valahia.ro\/?page_id=5465","title":{"rendered":"TIMV"},"content":{"rendered":"<p>[vc_row][vc_column width=&#8221;1\/2&#8243;][\/vc_column][vc_column width=&#8221;1\/2&#8243;]<h1 style=\"color:;\" class=\" ztl-main-font ztl-center ztl-font-bold\">TIMV<\/h1>[\/vc_column][\/vc_row][vc_row][vc_column width=&#8221;1\/2&#8243;][vc_single_image image=&#8221;6198&#8243; img_size=&#8221;large&#8221; onclick=&#8221;custom_link&#8221; link=&#8221;https:\/\/istargoviste.com\/&#8221;][\/vc_column][vc_column width=&#8221;1\/2&#8243;][vc_column_text]<\/p>\n<p style=\"text-align: justify;\"><strong>Scopul propus<\/strong> de c\u0103tre Universitatea Valahia din T\u00e2rgovi\u0219te al\u0103turi de Asocia\u021bia Tinerilor \u00centreprinz\u0103tori din Mediul Virtual prin organizarea activit\u0103\u021bii\/t\u00e2rgului TIMV este dezvoltarea unei re\u0163ele de \u00eentreprinderi simulate\/firme de exerci\u0163iu, printr-o popularizare a acestora \u00een mediul de afaceri local al acestui model de instruire \u015fi educa\u0163ie antreprenorial\u0103 pentru a g\u0103si \u00een el suport material \u015fi logistic, un instrument ideal pentru transmiterea de calific\u0103ri cheie pentru pia\u0163a for\u0163ei de munc\u0103 \u015fi sprijin al procesului de integrare european\u0103 al \u0163\u0103rilor din sud-estul Europei prin comer\u0163ul virtual \u015fi schimburile dintre \u015fcoli.<br \/>\n<strong>Obiectivele popuse<\/strong>, prin organizarea TIMV, sunt :<br \/>\n&#8211; Sprijinirea studen\u021bilor participan\u021bi din Universitatea Valahia din T\u00e2rgovi\u0219te \u0219i alte centre universitare din \u021bar\u0103.<br \/>\n&#8211;\u00a0 Stabilirea oportunit\u0103\u021bilor fiec\u0103rui student \u00een vederea identific\u0103rii matching-ului antreprenorial.<br \/>\nPrin t\u00e2rgul na\u021bional TIMV s-a putut constitui un mod echitabil \u015fi motivat de selectare a \u00eentreprinderilor simulate\/firmelor de exerci\u021biu care vor participa la t\u00e2rgurile na\u0163ionale \u015fi este o recunoa\u015ftere a activit\u0103\u0163ii studen\u0163ilor\/elevilor \u00een cadrul \u00eentreprinderilor, reprezint\u0103 un mod de publicitate a activit\u0103\u0163ii studen\u0163ilor\/elevilor la nivel local, na\u021bional.[\/vc_column_text][\/vc_column][\/vc_row]<\/p>\n","protected":false},"excerpt":{"rendered":"<p>[vc_row][vc_column width=&#8221;1\/2&#8243;][\/vc_column][vc_column width=&#8221;1\/2&#8243;][\/vc_column][\/vc_row][vc_row][vc_column width=&#8221;1\/2&#8243;][vc_single_image image=&#8221;6198&#8243; img_size=&#8221;large&#8221; onclick=&#8221;custom_link&#8221; link=&#8221;https:\/\/istargoviste.com\/&#8221;][\/vc_column][vc_column width=&#8221;1\/2&#8243;][vc_column_text] Scopul propus de c\u0103tre Universitatea Valahia din T\u00e2rgovi\u0219te al\u0103turi de Asocia\u021bia Tinerilor \u00centreprinz\u0103tori din Mediul Virtual prin organizarea activit\u0103\u021bii\/t\u00e2rgului TIMV este dezvoltarea unei re\u0163ele de \u00eentreprinderi simulate\/firme de exerci\u0163iu, printr-o popularizare a acestora \u00een mediul de afaceri local al acestui model de instruire \u015fi educa\u0163ie antreprenorial\u0103 [&hellip;]<\/p>\n","protected":false},"author":1,"featured_media":0,"parent":0,"menu_order":0,"comment_status":"closed","ping_status":"closed","template":"","meta":{"footnotes":""},"class_list":["post-5465","page","type-page","status-publish","hentry"],"_links":{"self":[{"href":"https:\/\/economice.valahia.ro\/index.php?rest_route=\/wp\/v2\/pages\/5465","targetHints":{"allow":["GET"]}}],"collection":[{"href":"https:\/\/economice.valahia.ro\/index.php?rest_route=\/wp\/v2\/pages"}],"about":[{"href":"https:\/\/economice.valahia.ro\/index.php?rest_route=\/wp\/v2\/types\/page"}],"author":[{"embeddable":true,"href":"https:\/\/economice.valahia.ro\/index.php?rest_route=\/wp\/v2\/users\/1"}],"replies":[{"embeddable":true,"href":"https:\/\/economice.valahia.ro\/index.php?rest_route=%2Fwp%2Fv2%2Fcomments&post=5465"}],"version-history":[{"count":7,"href":"https:\/\/economice.valahia.ro\/index.php?rest_route=\/wp\/v2\/pages\/5465\/revisions"}],"predecessor-version":[{"id":7189,"href":"https:\/\/economice.valahia.ro\/index.php?rest_route=\/wp\/v2\/pages\/5465\/revisions\/7189"}],"wp:attachment":[{"href":"https:\/\/economice.valahia.ro\/index.php?rest_route=%2Fwp%2Fv2%2Fmedia&parent=5465"}],"curies":[{"name":"wp","href":"https:\/\/api.w.org\/{rel}","templated":true}]}}