{"id":5503,"date":"2021-07-15T20:34:20","date_gmt":"2021-07-15T20:34:20","guid":{"rendered":"https:\/\/valahia.riplu.ro\/?page_id=5503"},"modified":"2021-11-24T15:59:38","modified_gmt":"2021-11-24T15:59:38","slug":"master","status":"publish","type":"page","link":"https:\/\/economice.valahia.ro\/?page_id=5503","title":{"rendered":"Master"},"content":{"rendered":"<p>[vc_row][vc_column]<h1 style=\"color:;\" class=\" ztl-accent-font ztl-center ztl-font-bold\">PROGRAME ACADEMICE - MASTER<\/h1>[vc_tta_tour style=&#8221;modern&#8221; color=&#8221;blue&#8221; spacing=&#8221;10&#8243; active_section=&#8221;1&#8243; pagination_style=&#8221;outline-square&#8221; css=&#8221;.vc_custom_1631393572767{background-color: #ffffff !important;}&#8221;][vc_tta_section title=&#8221;Contabilitate&#8221; tab_id=&#8221;1631393032634-d999d7b2-b957&#8243;][vc_column_text]<strong>Facultatea de \u0218tiin\u021be Economice are \u00eencheiat un protocol cu C.E.C.C.A.R<\/strong>\u00a0pentru echivalarea programului de master CONTABILITATE cu examenul de ADMITERE LA STAGIU \u00een vederea ob\u0163inerii calit\u0103\u0163ii de EXPERT CONTABIL.\u00a0Prin acest protocol absolven\u021bii programului de master CONTABILITATE, persoane cu studii superioare economice, pot solicita, \u00een termen de un an de zile de la absolvire, echivalarea programului de master cu examenul de ADMITERE la STAGIU \u00een vederea ob\u021binerii calit\u0103\u021bii de expert contabil.<\/p>\n<p><strong>Misiune<\/strong><\/p>\n<p>Misiunea programului de master Contabilitate este de a asigura competen\u0163ele \u015fi abilit\u0103\u0163ile, necesare viitorilor speciali\u015fti \u00een contabilitate, audit, analiz\u0103-diagnostic \u015fi evaluareai entit\u0103\u0163ilori economice private \u015fi publice. De asemenea, \u00een cadrul programului se urm\u0103re\u015fte, prin componenta sa de cercetare \u015ftiin\u0163ific\u0103, dezvoltarea unui spirit critic \u00een analiza surselor de documentare, \u00een interpretarea fenomenelor economice.<\/p>\n<p><strong>Obiective<\/strong><\/p>\n<ul>\n<li>ini\u0163ierea \u00een aplicarea standardelor interna\u0163ionale de contabilitate;<\/li>\n<li>dob\u00e2ndirea abilit\u0103\u0163ilor de a interpreta, \u00eentr-o g\u00e2ndire logic\u0103, aspectele legate de implica\u0163iile costurilor \u00een procesul decizional;<\/li>\n<li>formarea capacit\u0103\u0163ii de alegere a op\u0163iunilor contabile, fiscale, juridice \u015fi informatice pentru a rezolva eficient problematica complex\u0103 a conducerii entit\u0103\u0163ilor economice;<\/li>\n<li>formarea capacit\u0103\u0163ii de a fundamenta decizii pe baza contabilit\u0103\u0163ii \u015fi controlului de gestiune \u00een firmele de comer\u0163, turism \u015fi servicii;<\/li>\n<li>aprofundarea cuno\u015ftin\u0163elor cu privire la rolul contabilit\u0103\u0163ii financiare \u015fi de gestiune ca suport informa\u0163ional pentru o categorie larg\u0103 de utilizatori;<\/li>\n<li>st\u0103p\u00e2nirea standardelor de evaluare \u015fi abilitatea de a le transpune \u00een domeniul cercetat;<\/li>\n<li>formarea capacit\u0103\u0163ii de analiz\u0103 \u015fi diagnostic financiar pentru firmele din turism, comer\u0163 \u015fi servicii;<\/li>\n<li>identificarea, definirea \u015fi explorarea problemelor \u00a0de management \u00een domeniul serviciilor publice.<\/li>\n<\/ul>\n<p><strong>Cerin\u0163e pentru ob\u0163inerea diplomei de master<\/strong><\/p>\n<ul>\n<li>120 credite pentru disciplinele obligatorii<\/li>\n<li>10 credite pentru sus\u0163inerea \u015fi promovarea examenul de diserta\u0163ie<\/li>\n<\/ul>\n<p><strong>Competen\u0163e generale:\u00a0<\/strong><\/p>\n<ul>\n<li><strong>culegerea, analiza \u015fi interpretarea de date \u015fi de informa\u0163ii din punct de vedere cantitativ \u015fi calitativ, din diverse surse alternative, respectiv\u00a0<\/strong>din contexte profesionale reale \u015fi din literatura \u00een domeniu, pentru formularea de argumente, decizii \u015fi demersuri concrete;<\/li>\n<li>utilizarea unor moduri diverse de comunicare scris\u0103 \u015fi oral\u0103, inclusiv \u00eentr-o limb\u0103 str\u0103in\u0103;<\/li>\n<li>utilizarea tehnologiilor informatice;<\/li>\n<li>asumarea responsabilit\u0103\u0163ii de a elabora un program personal de autoperfec\u0163ionare.<\/li>\n<\/ul>\n<p><strong>Competen\u0163e \u00a0specifice:<\/strong><\/p>\n<ul>\n<li>utilizarea metodelor consacrate \u015fi evoluate pentru calcularea costurilor activit\u0103\u0163ilor economice \u00een vederea pilot\u0103rii activit\u0103\u0163ii economice;<\/li>\n<li>prelucrarea informa\u0163iilor \u00een vederea \u00eentocmirii situa\u0163ilor centralizatoare \u015fi a celor financiare anuale \u015fi\/sau a celor fiscale;<\/li>\n<li>transpunerea \u00een practic\u0103 a tehnicilor \u015fi instrumentelor de analiz\u0103 \u015fi diagnostic economico-financiar;<\/li>\n<li>utilizarea instrumentelor \u015fi procedeelor de lucru \u00een vederea elabor\u0103rii expertizelor;<\/li>\n<li>utilizarea tehnicilor \u015fi metodelor contabile \u00een vederea elabor\u0103rii unui raport de audit.<\/li>\n<\/ul>\n<p><strong>Posibilit\u0103\u021bi de angajare:<\/strong><\/p>\n<ul>\n<li>Comisar garda financiara, Lichidator, Evaluator, Referent de specialitate financiar contabilitate, controlor de gestiune.<\/li>\n<\/ul>\n<p><strong>Program de studii de 2 ani form\u0103 la zi<\/strong>[\/vc_column_text][\/vc_tta_section][vc_tta_section title=&#8221;Auditul Entit\u0103\u021bilor Publice \u0219i Private&#8221; tab_id=&#8221;1631393032634-0c931602-1e7f&#8221;][vc_column_text]<strong>Misiune<\/strong><\/p>\n<p>Misiunea programului de master este de asigurare a abilit\u0103\u0163ilor, instrumentarului analitic necesar, perspectivelor \u015fi experien\u0163ei viitorilor absolven\u0163i pentru o carier\u0103 de speciali\u015fti \u00een domeniul auditului, al analizei-diagnostic \u015fi evalu\u0103rii \u00een entit\u0103\u0163i economice at\u00e2t private c\u00e2t \u015fi publice. De asemenea, \u00een cadrul programului se urm\u0103re\u015fte, prin componenta sa de cercetare \u015ftiin\u0163ific\u0103, dezvoltarea unui spirit critic \u00een analiza surselor de documentare, \u00een interpretarea fenomenelor economice.<\/p>\n<p><strong>Obiective<\/strong><\/p>\n<ul>\n<li>ini\u0163ierea \u00een aplicarea standardelor interna\u0163ionale de contabilitate;<\/li>\n<li>dob\u00e2ndirea capacit\u0103\u0163ilor de alegere a op\u0163iunilor contabile, fiscale, juridice \u015fi informatice pentru a rezolva eficient problematica complex\u0103 a conducerii entit\u0103\u0163ilor economice;<\/li>\n<li>utilizarea tehnicilor \u015fi metodelor specifice derul\u0103rii procesului de audit;<\/li>\n<li>dob\u00e2ndirea capacit\u0103\u0163ilor informa\u0163iile provenite din diverse surse din interiorul \u015fi din exteriorul \u00eentreprinderii \u00een vederea evalu\u0103rii \u015fi diagnostic\u0103rii unei entit\u0103\u0163i;<\/li>\n<li>st\u0103p\u00e2nirea standardelor de evaluare \u015fi abilitatea de a le transpune \u00een domeniul cercetat;<\/li>\n<li>analiza \u015fi sinteza informa\u0163iilor \u00een vederea organiz\u0103rii \u015fi realiz\u0103rii unei misiuni de audit;<\/li>\n<li>utilizarea tehnicilor \u015fi metodelor contabile \u00een vederea elabor\u0103rii unui raport de audit.<\/li>\n<\/ul>\n<p><strong>Cerin\u0163e pentru ob\u0163inerea diplomei de master<\/strong><\/p>\n<ul>\n<li>120 credite pentru disciplinele obligatorii<\/li>\n<li>10 credite pentru sus\u0163inerea \u015fi promovarea examenul de diserta\u0163ie<\/li>\n<\/ul>\n<p><strong>Competen\u0163e generale:\u00a0<\/strong><\/p>\n<ul>\n<li>culegerea, analiza \u015fi interpretarea de date \u015fi de informa\u0163ii din punct de vedere cantitativ \u015fi calitativ, din diverse surse alternative, respectiv din contexte profesionale reale \u015fi din literatura \u00een domeniu, pentru formularea de argumente, decizii \u015fi demersuri concrete;<\/li>\n<li>utilizarea unor moduri diverse de comunicare scris\u0103 \u015fi oral\u0103, inclusiv \u00eentr-o limb\u0103 str\u0103in\u0103;<\/li>\n<li>utilizarea tehnologiilor informatice;<\/li>\n<li>asumarea responsabilit\u0103\u0163ii de a elabora un program personal de autoperfec\u0163ionare.<\/li>\n<\/ul>\n<p><strong>Competen\u0163e specifice:<\/strong><\/p>\n<ul>\n<li>utilizarea tehnicilor \u015fi metodelor specifice derul\u0103rii procesului de audit;<\/li>\n<li>analiza \u015fi sinteza informa\u0163iilor \u00een vederea organiz\u0103rii \u015fi realiz\u0103rii unei misiuni de audit;<\/li>\n<li>utilizarea tehnicilor \u015fi metodelor contabile \u00een vederea elabor\u0103rii unui raport de audit ;<\/li>\n<li>prelucrarea informa\u0163iilor financiar contabile \u00een vederea determin\u0103rii indicatorilor de performanta;<\/li>\n<li>aplicarea metodologiei de evaluare \u015fi gestiune a riscurilor \u00eentr-o entitate.<\/li>\n<\/ul>\n<p><strong>Posibilit\u0103\u021bi de angajare:<\/strong><\/p>\n<ul>\n<li>Auditor intern, Analist pre\u021b\/costuri, Consultant bugetar, Lichidator, Evaluator, Referent de specialitate financiar contabilitate, Consultant in informatica, Expert consilier\/Inspector\/Referent\/Economist in gestiunea economica, Administrator baze de date.<\/li>\n<\/ul>\n<p><strong>Program de studii de 2 ani form\u0103 la zi<\/strong>[\/vc_column_text][\/vc_tta_section][vc_tta_section title=&#8221;Management Financiar &#8211; Bancar&#8221; tab_id=&#8221;1631393105664-4d355803-49d3&#8243;][vc_column_text]<strong>Misiune<\/strong><\/p>\n<p>Misiunea programului de master Management financiar bancar este de asigurare a abilit\u0103\u0163ilor, instrumentarului analitic necesar, perspectivelor \u015fi experien\u0163ei viitorilor absolven\u0163i pentru o carier\u0103 de speciali\u015fti \u00een domeniul financiar bancar, al gestiunii financiare la nivel de firm\u0103 \u015fi al asigur\u0103rilor. De asemenea, \u00een cadrul programului se urm\u0103re\u015fte, prin componenta sa de cercetare \u015ftiin\u0163ific\u0103, dezvoltarea unui spirit critic \u00een analiza surselor de documentare, \u00een interpretarea fenomenelor economice.<\/p>\n<p><strong>Obiective<\/strong><\/p>\n<ul>\n<li>dob\u00e2ndirea capacit\u0103\u0163ilor de investigare si analiz\u0103 prin utilizarea metodelor specifice de cercetare a proceselor \u015fi fenomenelor financiare la nivelul organiza\u0163iilor;<\/li>\n<li>coordonarea unor echipe care efectueaz\u0103 activit\u0103\u0163i de control financiar-bancar;<\/li>\n<li>dob\u00e2ndirea capacit\u0103\u0163ilor de sintez\u0103 \u015fi evaluare a proceselor \u015fi fenomenelor financiare ce au loc \u015fi se manifest\u0103 la nivelul organiza\u0163iilor;<\/li>\n<li>dob\u00e2ndirea capacit\u0103\u0163ilor de a \u00eendeplini func\u0163ii manageriale pe diferite trepte ierarhice \u00een domeniul financiar-bancar;<\/li>\n<li>dob\u00e2ndirea capacit\u0103\u0163ilor de a conduce activit\u0103\u0163i de cercetare interdisciplinar\u0103 prin promovarea rela\u0163iilor de conlucrare cu institu\u0163ii de \u00eenv\u0103\u0163\u0103m\u00e2nt superior;<\/li>\n<li>dob\u00e2ndirea capacit\u0103\u0163ii de proiectare a unor instrumente financiar-bancare (bugete, tablouri \u00acbord, balan\u0163e);<\/li>\n<li>identificarea, monitorizarea \u015fi gestionarea a riscurilor specifice \u00een activit\u0103\u0163ile financiar-bancare;<\/li>\n<li>punerea \u00een valoare \u00een conceperea \u015fi elaborarea lucr\u0103rilor de analiz\u0103 \u015fi de sintez\u0103 a spiritului analitic, reflexiv \u015fi inovator formate \u00een perioada preg\u0103tirii \u00een cadrul masteratului;<\/li>\n<li>furnizarea de cuno\u015ftin\u0163e de consultan\u0163\u0103 \u00een domeniu \u00een vederea realiz\u0103rii de expertize de audit, studii de pia\u0163\u0103, proiecte, fundamentare de strategii.<\/li>\n<\/ul>\n<p><strong>Cerin\u0163e pentru ob\u0163inerea diplomei de master<\/strong><\/p>\n<ul>\n<li>120 credite pentru disciplinele obligatorii<\/li>\n<li>10 credite pentru sus\u0163inerea \u015fi promovarea examenul de diserta\u0163ie<\/li>\n<\/ul>\n<p><strong>Competen\u0163e generale:\u00a0<\/strong><\/p>\n<ul>\n<li>culegerea, analiza \u015fi interpretarea de date \u015fi de informa\u0163ii din punct de vedere cantitativ \u015fi calitativ, din diverse surse alternative, respectiv din contexte profesionale reale \u015fi din literatura \u00een domeniu, pentru formularea de argumente, decizii \u015fi demersuri concrete;<\/li>\n<li>utilizarea unor moduri diverse de comunicare scris\u0103 \u015fi oral\u0103, inclusiv \u00eentr-o limb\u0103 str\u0103in\u0103;<\/li>\n<li>utilizarea tehnologiilor informatice;<\/li>\n<li>asumarea responsabilit\u0103\u0163ii de a elabora un program personal de autoperfec\u0163ionare.<\/li>\n<\/ul>\n<p><strong>Competen\u0163e \u00a0specifice:<\/strong><\/p>\n<ul>\n<li>cunoa\u015fterea aprofundat\u0103 a \u00a0teoriilor, politicilor \u015fi reglement\u0103rilor financiare \u015fi bancare \u00een scopul formul\u0103rii judec\u0103\u0163ilor de valoare \u015fi fundament\u0103rii deciziilor manageriale;<\/li>\n<li>elaborarea de proiecte \u015fi programe profesionale utiliz\u00e2nd inovativ un spectru variat de metode cantitative \u015fi calitative;<\/li>\n<li>analiza, evaluarea, diagnosticarea, coordonarea, conducerea, elaborarea de strategii \u015fi implementarea acestora, adoptarea de decizii \u015fi executarea de opera\u0163iuni complexe \u00een domeniul financiar;<\/li>\n<li>valorificarea cuno\u015ftin\u0163elor specifice pie\u0163ei de capital pentru explicarea \u015fi solu\u0163ionarea unor situa\u0163ii noi \u00een context european \u015fi global \u015fi optimizarea plasamentelor pe aceste pie\u0163e;<\/li>\n<li>utilizarea cuno\u015ftin\u0163elor specifice pentru gestiunea riscurilor \u00een institu\u0163ii financiar-monetare.<\/li>\n<\/ul>\n<p><strong>Posibilitati de angajare<\/strong><\/p>\n<ul>\n<li>Presedinte de banca \/ vicepresedinte \/ prim presedinte, economist sef, director general \/ director general adjunct\u00a0\u00a0banca\/ societate de leasing, coordonator compartiment * colectiv banca, sef vama, comisar sef divizie garda financiara, administrator\u00a0\u00a0credite, consilier financiar \u2013 bancar, consultatn bugetar, manager relatii cu clientii bancii \/ societate leasing<\/li>\n<\/ul>\n<p><strong>Program de studii de 2 ani forma de ZI<\/strong>[\/vc_column_text][\/vc_tta_section][vc_tta_section title=&#8221;Managementul Organiza\u0163iei&#8221; tab_id=&#8221;1631393121578-1d3e4275-0c0a&#8221;][vc_column_text]<strong>Competente:<\/strong><\/p>\n<ul>\n<li>cunoasterea metodelor si conceptelor care sustin perfectionarea subsistemelor: organizatoric, informational, decizional si metodologic si al proceselor manageriale specifice acestora<\/li>\n<li>intelegerea proceselor si fenomenelor economice in societatea bazata pe cunoastere<\/li>\n<li>utilizarea integrata a unui sistem informational adecvat procesului managerial dintr-o organizatie<\/li>\n<li>utilizarea eficienta a metodelor de evaluare a exploatarii unui sistem informational adecvat structurii sistemului manageril dintr-o organizatie<\/li>\n<\/ul>\n<p><strong>Posibilitati de angajare<\/strong><\/p>\n<ul>\n<li>asistent de cercetare \/ economist in management, manager resurse umane, manager achizitii, coordonator trening, intermedieri si alte servicii comerciale, auditor intern, manager achizitii, manager de operatiuni<\/li>\n<\/ul>\n<p><strong>Program de studii de 2 ani forma de ZI<\/strong>[\/vc_column_text][\/vc_tta_section][vc_tta_section title=&#8221;Managementul Informa\u0163iilor&#8221; tab_id=&#8221;1631393136758-24ab3277-de99&#8243;][vc_column_text]<strong>Competente profesionale<\/strong><\/p>\n<ul>\n<li>cunoa\u015fterea eficienta si analiza componentelor mediului organizatiei prin diagnosticarea dimensiunilor si complexitatii si stabilirea avantajelor competitive respectiv constrangerilor<\/li>\n<li>elaborarea politicilor de dezvoltare a organizatiei in functie de evolutia mediului extern si de potentialul intern<\/li>\n<li>elaborarea strategiilor de dezvoltare a organizatiilor<\/li>\n<li>fundamentarea, elaborarea si implementarea deciziilor pentru organizatiile de mare complexitate<\/li>\n<li>crearea bazelo de date, gestionarea informatiilor in vederea aplicarii metodelor si procedurilor manageriale<\/li>\n<\/ul>\n<p><strong>Posibilitati de angajare<\/strong><\/p>\n<ul>\n<li>manager de proiect, manager de inovare, manager imbunatatire procese, manager al sistemului management al riscului, manager de responsabilitate sociala, manager securitatea informatiei<\/li>\n<\/ul>\n<p><strong>Program de studii de 2 ani forma de ZI<\/strong>[\/vc_column_text][\/vc_tta_section][vc_tta_section title=&#8221;Marketing&#8221; tab_id=&#8221;1631558485743-6513fef1-e3bf&#8221;][vc_column_text]<strong>Competen\u021be profesionale<\/strong><\/p>\n<ul>\n<li>Analiza pietei in corelatie cu mediul intern al organizatiei<\/li>\n<li>Cunoasterea situatiilor de cumparare, comunicare si consum precum si a comportamentuluii de raspuns al consumatorilor<\/li>\n<li>Segmentarea pieteti si definirea cuplurilor produse-piete<\/li>\n<li>Elaborarea strategiilor de pozitionare a ofertei<\/li>\n<li>Elaborarea si gestiunea strategiei de marketing<\/li>\n<li>Implementarea strategiei de marketing a organizatiei<\/li>\n<\/ul>\n<p><strong>Posibilit\u0103\u021bi de angajare<\/strong><\/p>\n<ul>\n<li>Conducatori in activitatea de vanzare si marketing, sef serviciu marketing, manager marketing, ofiter bancar marketing, specialist marketing consilier economist in comert si marketing, expert economist in comert si marketing, referent de specialitate marketing, cercetator economist in marketing, agent de turism<\/li>\n<\/ul>\n<p><strong>Program de studii de 2 ani forma de ZI<\/strong>[\/vc_column_text][\/vc_tta_section][\/vc_tta_tour][\/vc_column][\/vc_row]<\/p>\n","protected":false},"excerpt":{"rendered":"<p>[vc_row][vc_column][vc_tta_tour style=&#8221;modern&#8221; color=&#8221;blue&#8221; spacing=&#8221;10&#8243; active_section=&#8221;1&#8243; pagination_style=&#8221;outline-square&#8221; css=&#8221;.vc_custom_1631393572767{background-color: #ffffff !important;}&#8221;][vc_tta_section title=&#8221;Contabilitate&#8221; tab_id=&#8221;1631393032634-d999d7b2-b957&#8243;][vc_column_text]Facultatea de \u0218tiin\u021be Economice are \u00eencheiat un protocol cu C.E.C.C.A.R\u00a0pentru echivalarea programului de master CONTABILITATE cu examenul de ADMITERE LA STAGIU \u00een vederea ob\u0163inerii calit\u0103\u0163ii de EXPERT CONTABIL.\u00a0Prin acest protocol absolven\u021bii programului de master CONTABILITATE, persoane cu studii superioare economice, pot solicita, \u00een termen de [&hellip;]<\/p>\n","protected":false},"author":1,"featured_media":0,"parent":0,"menu_order":0,"comment_status":"closed","ping_status":"closed","template":"","meta":{"footnotes":""},"class_list":["post-5503","page","type-page","status-publish","hentry"],"_links":{"self":[{"href":"https:\/\/economice.valahia.ro\/index.php?rest_route=\/wp\/v2\/pages\/5503","targetHints":{"allow":["GET"]}}],"collection":[{"href":"https:\/\/economice.valahia.ro\/index.php?rest_route=\/wp\/v2\/pages"}],"about":[{"href":"https:\/\/economice.valahia.ro\/index.php?rest_route=\/wp\/v2\/types\/page"}],"author":[{"embeddable":true,"href":"https:\/\/economice.valahia.ro\/index.php?rest_route=\/wp\/v2\/users\/1"}],"replies":[{"embeddable":true,"href":"https:\/\/economice.valahia.ro\/index.php?rest_route=%2Fwp%2Fv2%2Fcomments&post=5503"}],"version-history":[{"count":12,"href":"https:\/\/economice.valahia.ro\/index.php?rest_route=\/wp\/v2\/pages\/5503\/revisions"}],"predecessor-version":[{"id":7360,"href":"https:\/\/economice.valahia.ro\/index.php?rest_route=\/wp\/v2\/pages\/5503\/revisions\/7360"}],"wp:attachment":[{"href":"https:\/\/economice.valahia.ro\/index.php?rest_route=%2Fwp%2Fv2%2Fmedia&parent=5503"}],"curies":[{"name":"wp","href":"https:\/\/api.w.org\/{rel}","templated":true}]}}