{"id":6070,"date":"2021-09-11T19:48:58","date_gmt":"2021-09-11T19:48:58","guid":{"rendered":"https:\/\/valahia.riplu.ro\/?page_id=6070"},"modified":"2022-11-02T16:59:56","modified_gmt":"2022-11-02T14:59:56","slug":"centre-de-cercetare","status":"publish","type":"page","link":"https:\/\/economice.valahia.ro\/?page_id=6070","title":{"rendered":"Centre de cercetare"},"content":{"rendered":"<p>[vc_row][vc_column]<h1 style=\"color:;\" class=\" ztl-accent-font ztl-center ztl-font-bold\">CENTRE DE CERCETARE<\/h1>[vc_empty_space][\/vc_column][\/vc_row][vc_row][vc_column width=&#8221;1\/2&#8243;][vc_hoverbox image=&#8221;6365&#8243; primary_title=&#8221;&#8221; primary_align=&#8221;justify&#8221; hover_title=&#8221;&#8221; hover_btn_title=&#8221;DETALII&#8221; hover_btn_color=&#8221;primary&#8221; hover_add_button=&#8221;true&#8221; hover_btn_link=&#8221;url:https%3A%2F%2Feconomice.valahia.ro%2F%3Fpage_id%3D6379|title:Centru%20de%20cercetare%20contabilitate&#8221;]<\/p>\n<p style=\"text-align: left;\">Centrul de Cercetare \u015fi Studii \u00een Contabilitate \u015fi Finan\u0163e (CCSCF) este o organiza\u0163ie profesional\u0103 nonprofit care s-a \u00eenfiin\u0163at \u00een cadrul Facult\u0103\u0163ii de \u015etiin\u0163e Economice a Universit\u0103\u0163ii Valahia din T\u00e2rgovi\u015fte \u00een anul 2010 \u0219i a fost reevaluat \u00een 2013, 2016, ocazie cu care a primit recunoa\u0219terea institu\u021bional\u0103 prin hot\u0103r\u00e2rea dat\u0103 de Senatul Universit\u0103\u021bii Valahia din T\u00e2rgovi\u0219te. \u00cencep\u00e2nd cu anul 2014 centrul a trecut sub egida Institutului de Cercetare \u0218tiin\u021bific\u0103 \u0219i Tehnologic\u0103 Multidisciplinar\u0103 func\u021bion\u00e2nd \u00een cl\u0103direa ICSTM.<\/p>\n<p style=\"text-align: left;\">\u00a0 \u00a0 \u00a0 \u00a0 \u00a0 \u00a0 \u00a0 \u00a0 \u00a0 \u00a0 \u00a0 \u00a0 \u00a0 \u00a0 \u00a0 \u00a0 \u00a0 \u00a0 \u00a0 \u00a0 \u00a0 \u00a0 \u00a0 \u00a0 \u00a0 Director<\/p>\n<p style=\"text-align: left;\">\u00a0 \u00a0 \u00a0 \u00a0 \u00a0 \u00a0 \u00a0 \u00a0 \u00a0 \u00a0 \u00a0 \u00a0 \u00a0 \u00a0conf. univ. dr. Marius Coman<\/p>\n<p>&nbsp;<\/p>\n<p>&nbsp;<\/p>\n<p>&nbsp;[\/vc_hoverbox][\/vc_column][vc_column width=&#8221;1\/2&#8243;][vc_hoverbox image=&#8221;6391&#8243; primary_title=&#8221;&#8221; hover_title=&#8221;&#8221; hover_btn_title=&#8221;DETALII&#8221; hover_btn_color=&#8221;primary&#8221; hover_add_button=&#8221;true&#8221; hover_btn_link=&#8221;url:https%3A%2F%2Feconomice.valahia.ro%2F%3Fpage_id%3D6381&#8243;]<\/p>\n<p style=\"text-align: left;\"><strong>DOMENIUL DE CERCETARE PRIORITAR:<\/strong> \u0218tiin\u021be economice<br \/>\n<strong>DOMENIUL FUNDAMENTAL DE CERCETARE:<\/strong> Economie, Management, Marketing<br \/>\n<strong>SUBDOMENIILE DE CERCETARE:<\/strong><br \/>\n&#8211; Politici \u015fi strategii macroeconomice<br \/>\n&#8211; Economie \u015fi dezvoltare teritorial\u0103<br \/>\n&#8211; Gestiunea afacerilor IMM-urilor<br \/>\n&#8211; Pia\u021ba for\u021bei de munc\u0103<br \/>\n&#8211; Management strategic<br \/>\n&#8211; Managementul schimb\u0103rii<br \/>\n&#8211; Economia \u00eentreprinderii<br \/>\n&#8211; Management intercultural<br \/>\n&#8211; Cercet\u0103ri de marketing<\/p>\n<p style=\"text-align: left;\">\u00a0 \u00a0 \u00a0 \u00a0 \u00a0 \u00a0 \u00a0 \u00a0 \u00a0 \u00a0 \u00a0 \u00a0 \u00a0 \u00a0 \u00a0 \u00a0 \u00a0 \u00a0 \u00a0 \u00a0 \u00a0 \u00a0 \u00a0 \u00a0 \u00a0 \u00a0 \u00a0 \u00a0 \u00a0 \u00a0 \u00a0 \u00a0 \u00a0 \u00a0 \u00a0 \u00a0 \u00a0 \u00a0 \u00a0 \u00a0 \u00a0Director<\/p>\n<p style=\"text-align: left;\">\u00a0 \u00a0 \u00a0 \u00a0 \u00a0 \u00a0 \u00a0 \u00a0 \u00a0 \u00a0 \u00a0 \u00a0 \u00a0 \u00a0 \u00a0 \u00a0 \u00a0 \u00a0 \u00a0 \u00a0 \u00a0 prof. univ. dr. habil. Gabriel Croitoru<\/p>\n<p>[\/vc_hoverbox][\/vc_column][\/vc_row]<\/p>\n","protected":false},"excerpt":{"rendered":"<p>[vc_row][vc_column][vc_empty_space][\/vc_column][\/vc_row][vc_row][vc_column width=&#8221;1\/2&#8243;][vc_hoverbox image=&#8221;6365&#8243; primary_title=&#8221;&#8221; primary_align=&#8221;justify&#8221; hover_title=&#8221;&#8221; hover_btn_title=&#8221;DETALII&#8221; hover_btn_color=&#8221;primary&#8221; hover_add_button=&#8221;true&#8221; hover_btn_link=&#8221;url:https%3A%2F%2Feconomice.valahia.ro%2F%3Fpage_id%3D6379|title:Centru%20de%20cercetare%20contabilitate&#8221;] Centrul de Cercetare \u015fi Studii \u00een Contabilitate \u015fi Finan\u0163e (CCSCF) este o organiza\u0163ie profesional\u0103 nonprofit care s-a \u00eenfiin\u0163at \u00een cadrul Facult\u0103\u0163ii de \u015etiin\u0163e Economice a Universit\u0103\u0163ii Valahia din T\u00e2rgovi\u015fte \u00een anul 2010 \u0219i a fost reevaluat \u00een 2013, 2016, ocazie cu care a primit recunoa\u0219terea [&hellip;]<\/p>\n","protected":false},"author":1,"featured_media":0,"parent":0,"menu_order":0,"comment_status":"closed","ping_status":"closed","template":"","meta":{"footnotes":""},"class_list":["post-6070","page","type-page","status-publish","hentry"],"_links":{"self":[{"href":"https:\/\/economice.valahia.ro\/index.php?rest_route=\/wp\/v2\/pages\/6070","targetHints":{"allow":["GET"]}}],"collection":[{"href":"https:\/\/economice.valahia.ro\/index.php?rest_route=\/wp\/v2\/pages"}],"about":[{"href":"https:\/\/economice.valahia.ro\/index.php?rest_route=\/wp\/v2\/types\/page"}],"author":[{"embeddable":true,"href":"https:\/\/economice.valahia.ro\/index.php?rest_route=\/wp\/v2\/users\/1"}],"replies":[{"embeddable":true,"href":"https:\/\/economice.valahia.ro\/index.php?rest_route=%2Fwp%2Fv2%2Fcomments&post=6070"}],"version-history":[{"count":24,"href":"https:\/\/economice.valahia.ro\/index.php?rest_route=\/wp\/v2\/pages\/6070\/revisions"}],"predecessor-version":[{"id":8925,"href":"https:\/\/economice.valahia.ro\/index.php?rest_route=\/wp\/v2\/pages\/6070\/revisions\/8925"}],"wp:attachment":[{"href":"https:\/\/economice.valahia.ro\/index.php?rest_route=%2Fwp%2Fv2%2Fmedia&parent=6070"}],"curies":[{"name":"wp","href":"https:\/\/api.w.org\/{rel}","templated":true}]}}