{"id":6379,"date":"2021-09-15T17:40:53","date_gmt":"2021-09-15T17:40:53","guid":{"rendered":"https:\/\/valahia.riplu.ro\/?page_id=6379"},"modified":"2024-11-06T23:10:02","modified_gmt":"2024-11-06T21:10:02","slug":"centru-de-cercetare-1","status":"publish","type":"page","link":"https:\/\/economice.valahia.ro\/?page_id=6379","title":{"rendered":"Centru de cercetare contabilitate"},"content":{"rendered":"<p>[vc_row][vc_column][vc_empty_space]<h1 style=\"color:;\" class=\" ztl-main-font ztl-center ztl-font-bold\">CENTRUL DE CERCET\u0102RI \u0218I STUDII \u00ceN CONTABILITATE \u0218I FINAN\u021aE<\/h1>[\/vc_column][\/vc_row][vc_row][vc_column][vc_cta h2=&#8221;PREZENTARE CENTRU DE CERCETARE&#8221; style=&#8221;outline&#8221; color=&#8221;blue&#8221; add_button=&#8221;bottom&#8221; btn_title=&#8221;Citeste mai mult&#8221; btn_style=&#8221;outline&#8221; btn_color=&#8221;primary&#8221;]<\/p>\n<p style=\"text-align: justify;\">Centrul de Cercetare \u015fi Studii \u00een Contabilitate \u015fi Finan\u0163e (CCSCF) este o organiza\u0163ie profesional\u0103 nonprofit care s-a \u00eenfiin\u0163at \u00een cadrul Facult\u0103\u0163ii de \u015etiin\u0163e Economice a Universit\u0103\u0163ii Valahia din T\u00e2rgovi\u015fte \u00een anul 2010 \u0219i a fost reevaluat \u00een 2013, 2016 \u0219i 2022, ocazie cu care a primitrecunoa\u0219terea institu\u021bional\u0103 prin hot\u0103r\u00e2rea dat\u0103 de Senatul Universit\u0103\u021bii Valahia din T\u00e2rgovi\u0219te. \u00cencep\u00e2nd cu anul 2014 centrul a trecut sub egida Institutului de Cercetare \u0218tiin\u021bific\u0103 \u0219i Tehnologic\u0103 Multidisciplinar\u0103 func\u021bion\u00e2nd \u00een cl\u0103direa ICSTM.<\/p>\n<p style=\"text-align: left;\"><strong>Domeniile de cercetare \u0219i tematica de cercetare:<\/strong><\/p>\n<p style=\"text-align: left;\">Centrul se \u00eenscrie \u00een domeniul prioritar de cercetare: \u015etiin\u0163e Economice, av\u00e2nd domeniul fundamentale de cercetare: Contabilitate \u2013 Finan\u021be, iar ca subdomenii de activitate: cercetarea \u00een domeniul statisticii, econometriei, informaticii economice \u0219i de gestiune.<\/p>\n<p style=\"text-align: left;\">Aceste domenii de cercetare acoper\u0103 dou\u0103 domenii de licen\u021b\u0103 (contabilitate, finan\u021be), masterele asociate acestora (contabilitate, auditul entit\u0103\u021bilor publice \u0219i private, management financiar bancar) dar \u0219i domeniul de doctorat contabilitate.<\/p>\n<p>[\/vc_cta][vc_row_inner][vc_column_inner width=&#8221;1\/3&#8243;][vc_btn title=&#8221;Plan de cercetare&#8221; shape=&#8221;round&#8221; color=&#8221;primary&#8221; align=&#8221;center&#8221; button_block=&#8221;true&#8221; link=&#8221;target:_blank&#8221;][\/vc_column_inner][vc_column_inner width=&#8221;1\/3&#8243;][vc_btn title=&#8221;Download Plan anul individual de cercetare&#8221; shape=&#8221;round&#8221; color=&#8221;warning&#8221; link=&#8221;target:_blank&#8221;][\/vc_column_inner][vc_column_inner width=&#8221;1\/3&#8243;][vc_btn title=&#8221;Download Cerere inscriere centru cercetare&#8221; shape=&#8221;round&#8221; color=&#8221;warning&#8221; link=&#8221;target:_blank&#8221;][\/vc_column_inner][\/vc_row_inner][vc_row_inner][vc_column_inner][vc_text_separator title=&#8221;ARHIVA&#8221; color=&#8221;blue&#8221; border_width=&#8221;5&#8243;][\/vc_column_inner][\/vc_row_inner][\/vc_column][\/vc_row][vc_row][vc_column][vc_tta_tour style=&#8221;modern&#8221; color=&#8221;blue&#8221; active_section=&#8221;1&#8243; no_fill_content_area=&#8221;true&#8221;][vc_tta_section title=&#8221;2021-2022&#8243; tab_id=&#8221;1631728951035-030bc594-82fb&#8221;][vc_btn title=&#8221;C\u0103r\u021bi\/Capitole publicate \u00een edituri na\u021bionale&#8221; style=&#8221;outline&#8221; color=&#8221;primary&#8221; align=&#8221;center&#8221; button_block=&#8221;true&#8221; link=&#8221;url:https%3A%2F%2Feconomice.valahia.ro%2Fwp-content%2Fuploads%2F2021%2F11%2FCarti_si_capitole_edituri_nationale_si_internationale_2016-2021.pdf|target:_blank&#8221;][vc_btn title=&#8221;Articole \u00een_reviste proceedings ISI&#8221; style=&#8221;outline&#8221; color=&#8221;primary&#8221; align=&#8221;center&#8221; button_block=&#8221;true&#8221; link=&#8221;url:https%3A%2F%2Feconomice.valahia.ro%2Fwp-content%2Fuploads%2F2021%2F11%2FArticole_in_reviste_proceedings_ISI_2016-2021.pdf|target:_blank&#8221;][vc_btn title=&#8221;Articole in reviste proceedings BDI&#8221; style=&#8221;outline&#8221; color=&#8221;primary&#8221; align=&#8221;center&#8221; button_block=&#8221;true&#8221; link=&#8221;url:https%3A%2F%2Feconomice.valahia.ro%2Fwp-content%2Fuploads%2F2021%2F11%2FArticole_in_reviste_proceedings_BDI_2016-2021.pdf|target:_blank&#8221;][vc_btn title=&#8221;Plan anual intern de cercetare al CCSAMM&#8221; style=&#8221;outline&#8221; color=&#8221;primary&#8221; align=&#8221;center&#8221; button_block=&#8221;true&#8221; link=&#8221;url:https%3A%2F%2Feconomice.valahia.ro%2Fwp-content%2Fuploads%2F2021%2F11%2FPlan-anual-intern-cercetare_CCSAMM_2021-2022.pdf|target:_blank&#8221;][\/vc_tta_section][vc_tta_section title=&#8221;2020-2021&#8243; tab_id=&#8221;1635939115682-3648ec8e-aba9&#8243;][vc_btn title=&#8221;C\u0103r\u021bi\/Capitole publicate \u00een edituri na\u021bionale&#8221; style=&#8221;outline&#8221; color=&#8221;primary&#8221; align=&#8221;center&#8221; button_block=&#8221;true&#8221; link=&#8221;url:https%3A%2F%2Feconomice.valahia.ro%2Fwp-content%2Fuploads%2F2021%2F11%2FCarti_si_capitole_edituri_nationale_si_internationale_2016-2021.pdf|target:_blank&#8221;][vc_btn title=&#8221;Articole \u00een_reviste proceedings ISI&#8221; style=&#8221;outline&#8221; color=&#8221;primary&#8221; align=&#8221;center&#8221; button_block=&#8221;true&#8221; link=&#8221;url:https%3A%2F%2Feconomice.valahia.ro%2Fwp-content%2Fuploads%2F2021%2F11%2FArticole_in_reviste_proceedings_ISI_2016-2021.pdf|target:_blank&#8221;][vc_btn title=&#8221;Articole in reviste proceedings BDI&#8221; style=&#8221;outline&#8221; color=&#8221;primary&#8221; align=&#8221;center&#8221; button_block=&#8221;true&#8221; link=&#8221;url:https%3A%2F%2Feconomice.valahia.ro%2Fwp-content%2Fuploads%2F2021%2F11%2FArticole_in_reviste_proceedings_BDI_2016-2021.pdf|target:_blank&#8221;][vc_btn title=&#8221;Plan anual intern de cercetare al CCSAMM&#8221; style=&#8221;outline&#8221; color=&#8221;primary&#8221; align=&#8221;center&#8221; button_block=&#8221;true&#8221; link=&#8221;url:https%3A%2F%2Feconomice.valahia.ro%2Fwp-content%2Fuploads%2F2021%2F11%2FPlan-anual-intern-cercetare_CCSAMM_2020-2021.pdf|target:_blank&#8221;][\/vc_tta_section][vc_tta_section title=&#8221;2019-2020&#8243; tab_id=&#8221;1635939120451-ac6c5a4b-1b5d&#8221;][vc_btn title=&#8221;C\u0103r\u021bi\/Capitole publicate \u00een edituri na\u021bionale&#8221; style=&#8221;outline&#8221; color=&#8221;primary&#8221; align=&#8221;center&#8221; button_block=&#8221;true&#8221; link=&#8221;url:https%3A%2F%2Feconomice.valahia.ro%2Fwp-content%2Fuploads%2F2021%2F11%2FCarti_si_capitole_edituri_nationale_si_internationale_2016-2021.pdf|target:_blank&#8221;][vc_btn title=&#8221;Articole \u00een_reviste proceedings ISI&#8221; style=&#8221;outline&#8221; color=&#8221;primary&#8221; align=&#8221;center&#8221; button_block=&#8221;true&#8221; link=&#8221;url:https%3A%2F%2Feconomice.valahia.ro%2Fwp-content%2Fuploads%2F2021%2F11%2FArticole_in_reviste_proceedings_ISI_2016-2021.pdf|target:_blank&#8221;][vc_btn title=&#8221;Articole in reviste proceedings BDI&#8221; style=&#8221;outline&#8221; color=&#8221;primary&#8221; align=&#8221;center&#8221; button_block=&#8221;true&#8221; link=&#8221;url:https%3A%2F%2Feconomice.valahia.ro%2Fwp-content%2Fuploads%2F2021%2F11%2FArticole_in_reviste_proceedings_BDI_2016-2021.pdf|target:_blank&#8221;][vc_btn title=&#8221;Plan anual intern de cercetare al CCSAMM&#8221; style=&#8221;outline&#8221; color=&#8221;primary&#8221; align=&#8221;center&#8221; button_block=&#8221;true&#8221; link=&#8221;url:https%3A%2F%2Feconomice.valahia.ro%2Fwp-content%2Fuploads%2F2021%2F11%2FPlan-anual-intern-cercetare_CCSAMM_2019-2020.pdf|target:_blank&#8221;][\/vc_tta_section][vc_tta_section title=&#8221;2018-2019&#8243; tab_id=&#8221;1635939176209-0f21526f-5b62&#8243;][vc_btn title=&#8221;C\u0103r\u021bi\/Capitole publicate \u00een edituri na\u021bionale&#8221; style=&#8221;outline&#8221; color=&#8221;primary&#8221; align=&#8221;center&#8221; button_block=&#8221;true&#8221; link=&#8221;url:https%3A%2F%2Feconomice.valahia.ro%2Fwp-content%2Fuploads%2F2021%2F11%2FCarti_si_capitole_edituri_nationale_si_internationale_2016-2021.pdf|target:_blank&#8221;][vc_btn title=&#8221;Articole \u00een_reviste proceedings ISI&#8221; style=&#8221;outline&#8221; color=&#8221;primary&#8221; align=&#8221;center&#8221; button_block=&#8221;true&#8221; link=&#8221;url:https%3A%2F%2Feconomice.valahia.ro%2Fwp-content%2Fuploads%2F2021%2F11%2FArticole_in_reviste_proceedings_ISI_2016-2021.pdf|target:_blank&#8221;][vc_btn title=&#8221;Articole in reviste proceedings BDI&#8221; style=&#8221;outline&#8221; color=&#8221;primary&#8221; align=&#8221;center&#8221; button_block=&#8221;true&#8221; link=&#8221;url:https%3A%2F%2Feconomice.valahia.ro%2Fwp-content%2Fuploads%2F2021%2F11%2FArticole_in_reviste_proceedings_BDI_2016-2021.pdf|target:_blank&#8221;][vc_btn title=&#8221;Plan anual intern de cercetare al CCSAMM&#8221; style=&#8221;outline&#8221; color=&#8221;primary&#8221; align=&#8221;center&#8221; button_block=&#8221;true&#8221; link=&#8221;url:https%3A%2F%2Feconomice.valahia.ro%2Fwp-content%2Fuploads%2F2021%2F11%2FPlan-anual-intern-cercetare_CCSAMM_2018-2019.pdf|target:_blank&#8221;][\/vc_tta_section][vc_tta_section title=&#8221;2017-2018&#8243; tab_id=&#8221;1635939180689-e4c9c014-f862&#8243;][vc_btn title=&#8221;C\u0103r\u021bi\/Capitole publicate \u00een edituri na\u021bionale&#8221; style=&#8221;outline&#8221; color=&#8221;primary&#8221; align=&#8221;center&#8221; button_block=&#8221;true&#8221; link=&#8221;url:https%3A%2F%2Feconomice.valahia.ro%2Fwp-content%2Fuploads%2F2021%2F11%2FCarti_si_capitole_edituri_nationale_si_internationale_2016-2021.pdf|target:_blank&#8221;][vc_btn title=&#8221;Articole \u00een_reviste proceedings ISI&#8221; style=&#8221;outline&#8221; color=&#8221;primary&#8221; align=&#8221;center&#8221; button_block=&#8221;true&#8221; link=&#8221;url:https%3A%2F%2Feconomice.valahia.ro%2Fwp-content%2Fuploads%2F2021%2F11%2FArticole_in_reviste_proceedings_ISI_2016-2021.pdf|target:_blank&#8221;][vc_btn title=&#8221;Articole in reviste proceedings BDI&#8221; style=&#8221;outline&#8221; color=&#8221;primary&#8221; align=&#8221;center&#8221; button_block=&#8221;true&#8221; link=&#8221;url:https%3A%2F%2Feconomice.valahia.ro%2Fwp-content%2Fuploads%2F2021%2F11%2FArticole_in_reviste_proceedings_BDI_2016-2021.pdf|target:_blank&#8221;][vc_btn title=&#8221;Plan anual intern de cercetare al CCSAMM&#8221; style=&#8221;outline&#8221; color=&#8221;primary&#8221; align=&#8221;center&#8221; button_block=&#8221;true&#8221; link=&#8221;url:https%3A%2F%2Feconomice.valahia.ro%2Fwp-content%2Fuploads%2F2021%2F11%2FPlan-anual-intern-cercetare_CCSAMM_2017-2018.pdf|target:_blank&#8221;][\/vc_tta_section][\/vc_tta_tour][\/vc_column][\/vc_row]<\/p>\n","protected":false},"excerpt":{"rendered":"<p>[vc_row][vc_column][vc_empty_space][\/vc_column][\/vc_row][vc_row][vc_column][vc_cta h2=&#8221;PREZENTARE CENTRU DE CERCETARE&#8221; style=&#8221;outline&#8221; color=&#8221;blue&#8221; add_button=&#8221;bottom&#8221; btn_title=&#8221;Citeste mai mult&#8221; btn_style=&#8221;outline&#8221; btn_color=&#8221;primary&#8221;] Centrul de Cercetare \u015fi Studii \u00een Contabilitate \u015fi Finan\u0163e (CCSCF) este o organiza\u0163ie profesional\u0103 nonprofit care s-a \u00eenfiin\u0163at \u00een cadrul Facult\u0103\u0163ii de \u015etiin\u0163e Economice a Universit\u0103\u0163ii Valahia din T\u00e2rgovi\u015fte \u00een anul 2010 \u0219i a fost reevaluat \u00een 2013, 2016 \u0219i 2022, ocazie [&hellip;]<\/p>\n","protected":false},"author":1,"featured_media":0,"parent":0,"menu_order":0,"comment_status":"closed","ping_status":"closed","template":"","meta":{"footnotes":""},"class_list":["post-6379","page","type-page","status-publish","hentry"],"_links":{"self":[{"href":"https:\/\/economice.valahia.ro\/index.php?rest_route=\/wp\/v2\/pages\/6379","targetHints":{"allow":["GET"]}}],"collection":[{"href":"https:\/\/economice.valahia.ro\/index.php?rest_route=\/wp\/v2\/pages"}],"about":[{"href":"https:\/\/economice.valahia.ro\/index.php?rest_route=\/wp\/v2\/types\/page"}],"author":[{"embeddable":true,"href":"https:\/\/economice.valahia.ro\/index.php?rest_route=\/wp\/v2\/users\/1"}],"replies":[{"embeddable":true,"href":"https:\/\/economice.valahia.ro\/index.php?rest_route=%2Fwp%2Fv2%2Fcomments&post=6379"}],"version-history":[{"count":18,"href":"https:\/\/economice.valahia.ro\/index.php?rest_route=\/wp\/v2\/pages\/6379\/revisions"}],"predecessor-version":[{"id":10502,"href":"https:\/\/economice.valahia.ro\/index.php?rest_route=\/wp\/v2\/pages\/6379\/revisions\/10502"}],"wp:attachment":[{"href":"https:\/\/economice.valahia.ro\/index.php?rest_route=%2Fwp%2Fv2%2Fmedia&parent=6379"}],"curies":[{"name":"wp","href":"https:\/\/api.w.org\/{rel}","templated":true}]}}