{"id":6763,"date":"2021-11-02T20:10:56","date_gmt":"2021-11-02T20:10:56","guid":{"rendered":"https:\/\/economice.valahia.ro\/?page_id=6763"},"modified":"2023-03-15T02:19:40","modified_gmt":"2023-03-15T00:19:40","slug":"fisa-disciplinei-cig-1","status":"publish","type":"page","link":"https:\/\/economice.valahia.ro\/?page_id=6763","title":{"rendered":"Fisa disciplinei LCI 1"},"content":{"rendered":"<p>[vc_row][vc_column]<h2 style=\"color:;\" class=\" ztl-accent-font ztl-center ztl-font-normal\">FI\u0218A DISCIPLINEI - ANUL I<\/h2><h2 style=\"color:;\" class=\" ztl-accent-font ztl-center ztl-font-normal\">CONTABILITATE \u0218I INFORMATIC\u0102 DE GESTIUNE<\/h2>[\/vc_column][\/vc_row][vc_row][vc_column][vc_empty_space][vc_text_separator title=&#8221;SEMESTRUL I&#8221; color=&#8221;orange&#8221;][\/vc_column][\/vc_row][vc_row][vc_column][vc_column_text]<\/p>\n<p style=\"text-align: center;\"><a href=\"https:\/\/economice.valahia.ro\/wp-content\/uploads\/2023\/03\/FD-LCI1-Dreptul-afacerilor.pdf\" target=\"_blank\" rel=\"noopener\">Dreptul afacerilor<\/a><\/p>\n<p style=\"text-align: center;\"><a href=\"https:\/\/economice.valahia.ro\/wp-content\/uploads\/2023\/03\/FD-LCI1-Economie-europeana.pdf\" target=\"_blank\" rel=\"noopener\">Economie european\u0103<\/a><\/p>\n<p style=\"text-align: center;\"><a href=\"https:\/\/economice.valahia.ro\/wp-content\/uploads\/2023\/03\/FD-LCI1-Educatie-fizica-si-sport-I.pdf\" target=\"_blank\" rel=\"noopener\">Educa\u0163ie fizic\u0103 \u015fi sport I<\/a><\/p>\n<p style=\"text-align: center;\"><a href=\"https:\/\/economice.valahia.ro\/wp-content\/uploads\/2023\/03\/FD-LCI1-Informatica-economica.pdf\" target=\"_blank\" rel=\"noopener\">Informatic\u0103 economic\u0103<\/a><\/p>\n<p style=\"text-align: center;\"><a href=\"https:\/\/economice.valahia.ro\/wp-content\/uploads\/2023\/03\/FD-LCI1-Limba-engleza-I.pdf\" target=\"_blank\" rel=\"noopener\">Limba englez\u0103 \u00een afaceri I<\/a><\/p>\n<p style=\"text-align: center;\"><a href=\"https:\/\/economice.valahia.ro\/wp-content\/uploads\/2023\/03\/FD-LCI1-Limba-franceza-I.pdf\" target=\"_blank\" rel=\"noopener\">Limba francez\u0103 \u00een afaceri I<\/a><\/p>\n<p style=\"text-align: center;\"><a href=\"https:\/\/economice.valahia.ro\/wp-content\/uploads\/2023\/03\/FD-LCI1-Matematici-aplicate-in-economie.pdfhttps:\/\/economice.valahia.ro\/wp-content\/uploads\/2023\/03\/FD-LCI1-Matematici-aplicate-in-economie.pdf\" target=\"_blank\" rel=\"noopener\">Matematici aplicate \u00een economie<\/a><\/p>\n<p style=\"text-align: center;\"><a href=\"https:\/\/economice.valahia.ro\/wp-content\/uploads\/2023\/03\/FD-LCI1-Microeconomie.pdf\" target=\"_blank\" rel=\"noopener\">Microeconomie<\/a><\/p>\n<p>&nbsp;[\/vc_column_text][\/vc_column][\/vc_row][vc_row][vc_column][vc_text_separator title=&#8221;SEMESTRUL II&#8221; color=&#8221;orange&#8221;][vc_column_text]<\/p>\n<p style=\"text-align: center;\"><a href=\"https:\/\/economice.valahia.ro\/wp-content\/uploads\/2023\/03\/FD-LCI1-Bazele-contabilitatii.pdf\" target=\"_blank\" rel=\"noopener\">Bazele contabilit\u0103\u0163ii<\/a><\/p>\n<p style=\"text-align: center;\"><a href=\"https:\/\/economice.valahia.ro\/wp-content\/uploads\/2023\/03\/FD-LCI1-Educatie-fizica-si-sport-II.pdf\" target=\"_blank\" rel=\"noopener\">Educa\u0163ie fizic\u0103 \u015fi sport II<\/a><\/p>\n<p style=\"text-align: center;\"><a href=\"https:\/\/economice.valahia.ro\/wp-content\/uploads\/2023\/03\/FD-LCI1-Etica-in-afaceri.pdf\" target=\"_blank\" rel=\"noopener\">Etic\u0103 \u00een afaceri<\/a><\/p>\n<p style=\"text-align: center;\"><a href=\"https:\/\/economice.valahia.ro\/wp-content\/uploads\/2023\/03\/FD-LCI1-Limba-engleza-II.pdf\" target=\"_blank\" rel=\"noopener\">Limba englez\u0103 \u00een afaceri II<\/a><\/p>\n<p style=\"text-align: center;\"><a href=\"https:\/\/economice.valahia.ro\/wp-content\/uploads\/2023\/03\/FD-LCI1-Limba-franceza-II.pdf\" target=\"_blank\" rel=\"noopener\">Limba francez\u0103 \u00een afaceri II<\/a><\/p>\n<p style=\"text-align: center;\"><a href=\"https:\/\/economice.valahia.ro\/wp-content\/uploads\/2023\/03\/FD-LCI1-Macroeconomie.pdf\" target=\"_blank\" rel=\"noopener\">Macroeconomie<\/a><\/p>\n<p style=\"text-align: center;\"><a href=\"https:\/\/economice.valahia.ro\/wp-content\/uploads\/2023\/03\/FD-LCI1-Statistica-economica.pdf\" target=\"_blank\" rel=\"noopener\">Statistic\u0103 economic\u0103<\/a><\/p>\n<p style=\"text-align: center;\"><a href=\"https:\/\/economice.valahia.ro\/wp-content\/uploads\/2023\/03\/FD-LCI1-Tehnologii-digitale-si-baze-de-date.pdf\" target=\"_blank\" rel=\"noopener\">Tehnologii digitale \u0219i baze de date<\/a><\/p>\n<p style=\"text-align: center;\">\n<p>[\/vc_column_text][\/vc_column][\/vc_row]<\/p>\n","protected":false},"excerpt":{"rendered":"<p>[vc_row][vc_column][\/vc_column][\/vc_row][vc_row][vc_column][vc_empty_space][vc_text_separator title=&#8221;SEMESTRUL I&#8221; color=&#8221;orange&#8221;][\/vc_column][\/vc_row][vc_row][vc_column][vc_column_text] Dreptul afacerilor Economie european\u0103 Educa\u0163ie fizic\u0103 \u015fi sport I Informatic\u0103 economic\u0103 Limba englez\u0103 \u00een afaceri I Limba francez\u0103 \u00een afaceri I Matematici aplicate \u00een economie Microeconomie &nbsp;[\/vc_column_text][\/vc_column][\/vc_row][vc_row][vc_column][vc_text_separator title=&#8221;SEMESTRUL II&#8221; color=&#8221;orange&#8221;][vc_column_text] Bazele contabilit\u0103\u0163ii Educa\u0163ie fizic\u0103 \u015fi sport II Etic\u0103 \u00een afaceri Limba englez\u0103 \u00een afaceri II Limba francez\u0103 \u00een afaceri II Macroeconomie [&hellip;]<\/p>\n","protected":false},"author":1,"featured_media":0,"parent":0,"menu_order":0,"comment_status":"closed","ping_status":"closed","template":"","meta":{"footnotes":""},"class_list":["post-6763","page","type-page","status-publish","hentry"],"_links":{"self":[{"href":"https:\/\/economice.valahia.ro\/index.php?rest_route=\/wp\/v2\/pages\/6763","targetHints":{"allow":["GET"]}}],"collection":[{"href":"https:\/\/economice.valahia.ro\/index.php?rest_route=\/wp\/v2\/pages"}],"about":[{"href":"https:\/\/economice.valahia.ro\/index.php?rest_route=\/wp\/v2\/types\/page"}],"author":[{"embeddable":true,"href":"https:\/\/economice.valahia.ro\/index.php?rest_route=\/wp\/v2\/users\/1"}],"replies":[{"embeddable":true,"href":"https:\/\/economice.valahia.ro\/index.php?rest_route=%2Fwp%2Fv2%2Fcomments&post=6763"}],"version-history":[{"count":12,"href":"https:\/\/economice.valahia.ro\/index.php?rest_route=\/wp\/v2\/pages\/6763\/revisions"}],"predecessor-version":[{"id":9545,"href":"https:\/\/economice.valahia.ro\/index.php?rest_route=\/wp\/v2\/pages\/6763\/revisions\/9545"}],"wp:attachment":[{"href":"https:\/\/economice.valahia.ro\/index.php?rest_route=%2Fwp%2Fv2%2Fmedia&parent=6763"}],"curies":[{"name":"wp","href":"https:\/\/api.w.org\/{rel}","templated":true}]}}