{"id":6800,"date":"2021-11-02T21:42:46","date_gmt":"2021-11-02T21:42:46","guid":{"rendered":"https:\/\/economice.valahia.ro\/?page_id=6800"},"modified":"2023-03-15T02:13:29","modified_gmt":"2023-03-15T00:13:29","slug":"fisa-disciplinei-cig-2","status":"publish","type":"page","link":"https:\/\/economice.valahia.ro\/?page_id=6800","title":{"rendered":"Fisa disciplinei LCI 2"},"content":{"rendered":"<p>[vc_row][vc_column]<h2 style=\"color:;\" class=\" ztl-accent-font ztl-center ztl-font-normal\">FI\u0218A DISCIPLINEI - ANUL II<\/h2><h2 style=\"color:;\" class=\" ztl-accent-font ztl-center ztl-font-normal\">CONTABILITATE \u0218I INFORMATIC\u0102 DE GESTIUNE<\/h2>[\/vc_column][\/vc_row][vc_row][vc_column][vc_empty_space][vc_text_separator title=&#8221;SEMESTRUL I&#8221; color=&#8221;orange&#8221;][\/vc_column][\/vc_row][vc_row][vc_column][vc_column_text]<\/p>\n<p style=\"text-align: center;\"><a href=\"https:\/\/economice.valahia.ro\/wp-content\/uploads\/2023\/03\/FD-LCI2-Comunicare-in-limba-engleza.pdf\" target=\"_blank\" rel=\"noopener\">Comunicare \u00een limba englez\u0103<\/a><\/p>\n<p style=\"text-align: center;\"><a href=\"https:\/\/economice.valahia.ro\/wp-content\/uploads\/2023\/03\/FD-LCI2-Comunicare-in-limba-franceza.pdf\" target=\"_blank\" rel=\"noopener\">Comunicare \u00een limba francez\u0103<\/a><\/p>\n<p style=\"text-align: center;\"><a href=\"https:\/\/economice.valahia.ro\/wp-content\/uploads\/2023\/03\/FD-LCI2-Contabilitate-financiara.pdf\" target=\"_blank\" rel=\"noopener\">Contabilitate financiar\u0103<\/a><\/p>\n<p style=\"text-align: center;\"><a href=\"https:\/\/economice.valahia.ro\/wp-content\/uploads\/2023\/03\/FD-LCI2-Econometrie.pdf\" target=\"_blank\" rel=\"noopener\">Econometrie<\/a><\/p>\n<p style=\"text-align: center;\"><a href=\"https:\/\/economice.valahia.ro\/wp-content\/uploads\/2023\/03\/FD-LCI2-Educatie-fizica-si-sport-III.pdf\" target=\"_blank\" rel=\"noopener\">Educa\u0163ie fizic\u0103 \u015fi sport III<\/a><\/p>\n<p style=\"text-align: center;\"><a href=\"https:\/\/economice.valahia.ro\/wp-content\/uploads\/2023\/03\/FD-LCI2-Finante-publice.pdf\" target=\"_blank\" rel=\"noopener\">Finan\u0163e publice<\/a><\/p>\n<p style=\"text-align: center;\"><a href=\"https:\/\/economice.valahia.ro\/wp-content\/uploads\/2023\/03\/FD-LCI2-Management.pdf\" target=\"_blank\" rel=\"noopener\">Management<\/a><\/p>\n<p style=\"text-align: center;\"><a href=\"https:\/\/economice.valahia.ro\/wp-content\/uploads\/2023\/03\/FD-LCI2-Marketing.pdf\" target=\"_blank\" rel=\"noopener\">Marketing<\/a><\/p>\n<p>&nbsp;[\/vc_column_text][\/vc_column][\/vc_row][vc_row][vc_column][vc_text_separator title=&#8221;SEMESTRUL II&#8221; color=&#8221;orange&#8221;][vc_column_text]<\/p>\n<p style=\"text-align: center;\"><a href=\"https:\/\/economice.valahia.ro\/wp-content\/uploads\/2023\/03\/FD-LCI2-Tehnologii-informationale-pentru-afaceri.pdf\" target=\"_blank\" rel=\"noopener\">Antreprenoriat \u015fi gestiunea afacerilor<\/a><\/p>\n<p style=\"text-align: center;\"><a href=\"https:\/\/economice.valahia.ro\/wp-content\/uploads\/2023\/03\/FD-LCI2-Contabilitate-financiara-II.pdf\" target=\"_blank\" rel=\"noopener\">Contabilitate financiar\u0103 II<\/a><\/p>\n<p style=\"text-align: center;\"><a href=\"https:\/\/economice.valahia.ro\/wp-content\/uploads\/2023\/03\/FD-LCI2-Contabilitate-publica.pdf\" target=\"_blank\" rel=\"noopener\">Contabilitate public\u0103<\/a><\/p>\n<p style=\"text-align: center;\"><a href=\"https:\/\/economice.valahia.ro\/wp-content\/uploads\/2023\/03\/FD-LCI2-Educatie-fizica-si-sport-IV.pdf\" target=\"_blank\" rel=\"noopener\">Educa\u0163ie fizic\u0103 \u015fi sport IV<\/a><\/p>\n<p style=\"text-align: center;\"><a href=\"https:\/\/economice.valahia.ro\/wp-content\/uploads\/2023\/03\/FD-LCI2-Finantele-intreprinderii.pdf\" target=\"_blank\" rel=\"noopener\">Finan\u0163ele \u00eentreprinderii<\/a><\/p>\n<p style=\"text-align: center;\"><a href=\"https:\/\/economice.valahia.ro\/wp-content\/uploads\/2023\/03\/FD-LCI2-Practica.pdf\" target=\"_blank\" rel=\"noopener\">Practic\u0103<\/a><\/p>\n<p style=\"text-align: center;\"><a href=\"https:\/\/economice.valahia.ro\/wp-content\/uploads\/2023\/03\/FD-LCI2-Sociologie-economica.pdf\" target=\"_blank\" rel=\"noopener\">Sociologie economic\u0103<\/a><\/p>\n<p style=\"text-align: center;\"><a href=\"https:\/\/economice.valahia.ro\/wp-content\/uploads\/2023\/03\/FD-LCI2-Tehnologii-informationale-pentru-afaceri.pdf\" target=\"_blank\" rel=\"noopener\">Tehnologii informa\u021bionale pentru afaceri<\/a><\/p>\n<p style=\"text-align: center;\">[\/vc_column_text][\/vc_column][\/vc_row][vc_row][vc_column][\/vc_column][\/vc_row]<\/p>\n","protected":false},"excerpt":{"rendered":"<p>[vc_row][vc_column][\/vc_column][\/vc_row][vc_row][vc_column][vc_empty_space][vc_text_separator title=&#8221;SEMESTRUL I&#8221; color=&#8221;orange&#8221;][\/vc_column][\/vc_row][vc_row][vc_column][vc_column_text] Comunicare \u00een limba englez\u0103 Comunicare \u00een limba francez\u0103 Contabilitate financiar\u0103 Econometrie Educa\u0163ie fizic\u0103 \u015fi sport III Finan\u0163e publice Management Marketing &nbsp;[\/vc_column_text][\/vc_column][\/vc_row][vc_row][vc_column][vc_text_separator title=&#8221;SEMESTRUL II&#8221; color=&#8221;orange&#8221;][vc_column_text] Antreprenoriat \u015fi gestiunea afacerilor Contabilitate financiar\u0103 II Contabilitate public\u0103 Educa\u0163ie fizic\u0103 \u015fi sport IV Finan\u0163ele \u00eentreprinderii Practic\u0103 Sociologie economic\u0103 Tehnologii informa\u021bionale pentru afaceri [\/vc_column_text][\/vc_column][\/vc_row][vc_row][vc_column][\/vc_column][\/vc_row]<\/p>\n","protected":false},"author":1,"featured_media":0,"parent":0,"menu_order":0,"comment_status":"closed","ping_status":"closed","template":"","meta":{"footnotes":""},"class_list":["post-6800","page","type-page","status-publish","hentry"],"_links":{"self":[{"href":"https:\/\/economice.valahia.ro\/index.php?rest_route=\/wp\/v2\/pages\/6800","targetHints":{"allow":["GET"]}}],"collection":[{"href":"https:\/\/economice.valahia.ro\/index.php?rest_route=\/wp\/v2\/pages"}],"about":[{"href":"https:\/\/economice.valahia.ro\/index.php?rest_route=\/wp\/v2\/types\/page"}],"author":[{"embeddable":true,"href":"https:\/\/economice.valahia.ro\/index.php?rest_route=\/wp\/v2\/users\/1"}],"replies":[{"embeddable":true,"href":"https:\/\/economice.valahia.ro\/index.php?rest_route=%2Fwp%2Fv2%2Fcomments&post=6800"}],"version-history":[{"count":7,"href":"https:\/\/economice.valahia.ro\/index.php?rest_route=\/wp\/v2\/pages\/6800\/revisions"}],"predecessor-version":[{"id":9544,"href":"https:\/\/economice.valahia.ro\/index.php?rest_route=\/wp\/v2\/pages\/6800\/revisions\/9544"}],"wp:attachment":[{"href":"https:\/\/economice.valahia.ro\/index.php?rest_route=%2Fwp%2Fv2%2Fmedia&parent=6800"}],"curies":[{"name":"wp","href":"https:\/\/api.w.org\/{rel}","templated":true}]}}