{"id":6810,"date":"2021-11-02T21:53:14","date_gmt":"2021-11-02T21:53:14","guid":{"rendered":"https:\/\/economice.valahia.ro\/?page_id=6810"},"modified":"2026-02-17T13:08:02","modified_gmt":"2026-02-17T11:08:02","slug":"fisa-disciplinei-fb-1","status":"publish","type":"page","link":"https:\/\/economice.valahia.ro\/?page_id=6810","title":{"rendered":"Fisa disciplinei fb 1"},"content":{"rendered":"<p>[vc_row][vc_column]<h2 style=\"color:;\" class=\" ztl-accent-font ztl-center ztl-font-normal\">FINAN\u021aE \u0218I B\u0102NCI - ANUL I<\/h2>[vc_column_text]<\/p>\n<h3 style=\"text-align: center;\">fi\u0219e disciplin\u0103<\/h3>\n<p>[\/vc_column_text][\/vc_column][\/vc_row][vc_row][vc_column][vc_text_separator title=&#8221;SEMESTRUL I&#8221; color=&#8221;orange&#8221;][\/vc_column][\/vc_row][vc_row][vc_column][vc_column_text]<\/p>\n<h3 style=\"text-align: center;\"><a href=\"https:\/\/economice.valahia.ro\/wp-content\/uploads\/2026\/02\/FD_FB1-Microeconomie.pdf\" target=\"_blank\" rel=\"noopener\">Microeconomie<\/a><\/h3>\n<h3 style=\"text-align: center;\"><a href=\"https:\/\/economice.valahia.ro\/wp-content\/uploads\/2026\/02\/FD_FB1-Matematici-aplicate-in-economie.pdf\" target=\"_blank\" rel=\"noopener\">Matematici aplicate \u00een economie<\/a><\/h3>\n<h3 style=\"text-align: center;\"><a href=\"https:\/\/economice.valahia.ro\/wp-content\/uploads\/2026\/02\/FD_FB1-Dreptul-afacerilor.pdf\" target=\"_blank\" rel=\"noopener\">Dreptul afacerilor<\/a><\/h3>\n<h3 style=\"text-align: center;\"><a href=\"https:\/\/economice.valahia.ro\/wp-content\/uploads\/2026\/02\/FD_FB1-Informatica-Economica.pdf\" target=\"_blank\" rel=\"noopener\">Informatic\u0103 economic\u0103<\/a><\/h3>\n<h3 style=\"text-align: center;\"><a href=\"https:\/\/economice.valahia.ro\/wp-content\/uploads\/2026\/02\/FD_FB1-Relatii-economice-internationale.pdf\" target=\"_blank\" rel=\"noopener\">Rela\u021bii economice interna\u021bionale<\/a><\/h3>\n<h3 style=\"text-align: center;\"><a href=\"https:\/\/economice.valahia.ro\/wp-content\/uploads\/2026\/02\/FD_FB1-Dezvoltare-durabila.pdf\" target=\"_blank\" rel=\"noopener\">Dezvoltare durabil\u0103<\/a><\/h3>\n<h3 style=\"text-align: center;\"><a href=\"https:\/\/economice.valahia.ro\/wp-content\/uploads\/2026\/02\/FD_FB1-Limba-straina-in-afaceri-I-engleza.pdf\" target=\"_blank\" rel=\"noopener\">Limba str\u0103in\u0103 \u00een afaceri I &#8211; englez\u0103<\/a><\/h3>\n<h3 style=\"text-align: center;\"><a href=\"https:\/\/economice.valahia.ro\/wp-content\/uploads\/2026\/02\/FD_FB1-Limba-straina-in-afaceri-I-franceza.pdf\" target=\"_blank\" rel=\"noopener\">Limba str\u0103in\u0103 \u00een afaceri I &#8211; francez\u0103<\/a><\/h3>\n<h3 style=\"text-align: center;\"><a href=\"https:\/\/economice.valahia.ro\/wp-content\/uploads\/2026\/02\/FD_FB1-Educatie-fizica_FB-I_Sem-I.pdf\" target=\"_blank\" rel=\"noopener\">Educa\u0163ie fizic\u0103 \u015fi sport<\/a><\/h3>\n<p>[\/vc_column_text][\/vc_column][\/vc_row][vc_row][vc_column][vc_text_separator title=&#8221;SEMESTRUL II&#8221; color=&#8221;orange&#8221;][vc_column_text]<\/p>\n<h3 style=\"text-align: center;\"><a href=\"https:\/\/economice.valahia.ro\/wp-content\/uploads\/2026\/02\/FD_FB1-Macroeconomie.pdf\" target=\"_blank\" rel=\"noopener\">Macroeconomie<\/a><\/h3>\n<h3 style=\"text-align: center;\"><a href=\"https:\/\/economice.valahia.ro\/wp-content\/uploads\/2026\/02\/FD_FB1-Introducere-in-contabilitate.pdf\" target=\"_blank\" rel=\"noopener\">Introducere \u00een contabilitate<\/a><\/h3>\n<h3 style=\"text-align: center;\"><a href=\"https:\/\/economice.valahia.ro\/wp-content\/uploads\/2026\/02\/FD_FB1-Tehnologii-digitale-si-baze-de-date.pdf\" target=\"_blank\" rel=\"noopener\">Tehnologii digitale \u0219i baze de date<\/a><\/h3>\n<h3 style=\"text-align: center;\"><a href=\"https:\/\/economice.valahia.ro\/wp-content\/uploads\/2026\/02\/FD_FB1-Statistica-economica.pdf\" target=\"_blank\" rel=\"noopener\">Statistic\u0103 economic\u0103<\/a><\/h3>\n<h3 style=\"text-align: center;\"><a href=\"https:\/\/economice.valahia.ro\/wp-content\/uploads\/2026\/02\/FD_FB1-Etica-in-afaceri.pdf\" target=\"_blank\" rel=\"noopener\">Etic\u0103 \u00een afaceri<\/a><\/h3>\n<h3 style=\"text-align: center;\"><a href=\"https:\/\/economice.valahia.ro\/wp-content\/uploads\/2026\/02\/FD_FB1-Guvernanta-corporativa.pdf\" target=\"_blank\" rel=\"noopener\">Guvernan\u021b\u0103 corporativ\u0103, social\u0103 \u0219i de mediu<\/a><\/h3>\n<h3 style=\"text-align: center;\"><a href=\"https:\/\/economice.valahia.ro\/wp-content\/uploads\/2026\/02\/FD_FB1-Limba-straina-in-afaceri-II-engleza.pdf\" target=\"_blank\" rel=\"noopener\">Limba str\u0103in\u0103 \u00een afaceri II &#8211; englez\u0103<\/a><\/h3>\n<h3 style=\"text-align: center;\"><a href=\"https:\/\/economice.valahia.ro\/wp-content\/uploads\/2026\/02\/FD_FB1-Limba-straina-in-afaceri-franceza.pdf\" target=\"_blank\" rel=\"noopener\">Limba str\u0103in\u0103 \u00een afaceri II &#8211; francez\u0103<\/a><\/h3>\n<h3 style=\"text-align: center;\"><a href=\"https:\/\/economice.valahia.ro\/wp-content\/uploads\/2026\/02\/FD_FB1-Educatie-fizica_Sem-II.pdf\" target=\"_blank\" rel=\"noopener\">Educa\u0163ie fizic\u0103 \u015fi sport<\/a><\/h3>\n<p>[\/vc_column_text][\/vc_column][\/vc_row]<\/p>\n","protected":false},"excerpt":{"rendered":"<p>[vc_row][vc_column][vc_column_text] fi\u0219e disciplin\u0103 [\/vc_column_text][\/vc_column][\/vc_row][vc_row][vc_column][vc_text_separator title=&#8221;SEMESTRUL I&#8221; color=&#8221;orange&#8221;][\/vc_column][\/vc_row][vc_row][vc_column][vc_column_text] Microeconomie Matematici aplicate \u00een economie Dreptul afacerilor Informatic\u0103 economic\u0103 Rela\u021bii economice interna\u021bionale Dezvoltare durabil\u0103 Limba str\u0103in\u0103 \u00een afaceri I &#8211; englez\u0103 Limba str\u0103in\u0103 \u00een afaceri I &#8211; francez\u0103 Educa\u0163ie fizic\u0103 \u015fi sport [\/vc_column_text][\/vc_column][\/vc_row][vc_row][vc_column][vc_text_separator title=&#8221;SEMESTRUL II&#8221; color=&#8221;orange&#8221;][vc_column_text] Macroeconomie Introducere \u00een contabilitate Tehnologii digitale \u0219i baze de date Statistic\u0103 economic\u0103 [&hellip;]<\/p>\n","protected":false},"author":1,"featured_media":0,"parent":0,"menu_order":0,"comment_status":"closed","ping_status":"closed","template":"","meta":{"footnotes":""},"class_list":["post-6810","page","type-page","status-publish","hentry"],"_links":{"self":[{"href":"https:\/\/economice.valahia.ro\/index.php?rest_route=\/wp\/v2\/pages\/6810","targetHints":{"allow":["GET"]}}],"collection":[{"href":"https:\/\/economice.valahia.ro\/index.php?rest_route=\/wp\/v2\/pages"}],"about":[{"href":"https:\/\/economice.valahia.ro\/index.php?rest_route=\/wp\/v2\/types\/page"}],"author":[{"embeddable":true,"href":"https:\/\/economice.valahia.ro\/index.php?rest_route=\/wp\/v2\/users\/1"}],"replies":[{"embeddable":true,"href":"https:\/\/economice.valahia.ro\/index.php?rest_route=%2Fwp%2Fv2%2Fcomments&post=6810"}],"version-history":[{"count":7,"href":"https:\/\/economice.valahia.ro\/index.php?rest_route=\/wp\/v2\/pages\/6810\/revisions"}],"predecessor-version":[{"id":11472,"href":"https:\/\/economice.valahia.ro\/index.php?rest_route=\/wp\/v2\/pages\/6810\/revisions\/11472"}],"wp:attachment":[{"href":"https:\/\/economice.valahia.ro\/index.php?rest_route=%2Fwp%2Fv2%2Fmedia&parent=6810"}],"curies":[{"name":"wp","href":"https:\/\/api.w.org\/{rel}","templated":true}]}}