{"id":6813,"date":"2021-11-02T21:55:10","date_gmt":"2021-11-02T21:55:10","guid":{"rendered":"https:\/\/economice.valahia.ro\/?page_id=6813"},"modified":"2026-02-17T13:04:32","modified_gmt":"2026-02-17T11:04:32","slug":"fisa-disciplinei-fb-2","status":"publish","type":"page","link":"https:\/\/economice.valahia.ro\/?page_id=6813","title":{"rendered":"Fisa disciplinei fb 2"},"content":{"rendered":"<p>[vc_row][vc_column]<h2 style=\"color:;\" class=\" ztl-accent-font ztl-center ztl-font-normal\">FINAN\u021aE \u0218I B\u0102NCI - ANUL II<\/h2>[vc_column_text]<\/p>\n<h3 style=\"text-align: center;\">fi\u0219e disciplin\u0103<\/h3>\n<p>[\/vc_column_text][\/vc_column][\/vc_row][vc_row][vc_column][vc_text_separator title=&#8221;SEMESTRUL I&#8221; color=&#8221;orange&#8221;][\/vc_column][\/vc_row][vc_row][vc_column][vc_column_text]<\/p>\n<h3 style=\"text-align: center;\"><a href=\"https:\/\/economice.valahia.ro\/wp-content\/uploads\/2026\/02\/FD_FB2-Management.pdf\" target=\"_blank\" rel=\"noopener\">Management<\/a><\/h3>\n<h3 style=\"text-align: center;\"><a href=\"https:\/\/economice.valahia.ro\/wp-content\/uploads\/2026\/02\/FD_FB2-Contabilitate-financiara.pdf\" target=\"_blank\" rel=\"noopener\">Contabilitate financiar\u0103<\/a><\/h3>\n<h3 style=\"text-align: center;\"><a href=\"https:\/\/economice.valahia.ro\/wp-content\/uploads\/2026\/02\/FD_FB2-Finante-publice.pdf\" target=\"_blank\" rel=\"noopener\">Finan\u0163e publice<\/a><\/h3>\n<h3 style=\"text-align: center;\"><a href=\"https:\/\/economice.valahia.ro\/wp-content\/uploads\/2026\/02\/FD_FB2-Marketing.pdf\" target=\"_blank\" rel=\"noopener\">Marketing<\/a><\/h3>\n<h3 style=\"text-align: center;\"><a href=\"https:\/\/economice.valahia.ro\/wp-content\/uploads\/2026\/02\/FD_FB2-Econometrie.pdf\" target=\"_blank\" rel=\"noopener\">Econometrie<\/a><\/h3>\n<h3 style=\"text-align: center;\"><a href=\"https:\/\/economice.valahia.ro\/wp-content\/uploads\/2026\/02\/FD_FB2-Educatie-fizica_FB-II_sem.-I.pdf\" target=\"_blank\" rel=\"noopener\">Educa\u0163ie fizic\u0103 \u015fi sport<\/a><\/h3>\n<h3 style=\"text-align: center;\"><a href=\"https:\/\/economice.valahia.ro\/wp-content\/uploads\/2026\/02\/FD_FB2-Comunicare-in-limba-engleza.pdf\" target=\"_blank\" rel=\"noopener\">Comunicare \u00een limba englez\u0103<\/a><\/h3>\n<p>[\/vc_column_text][\/vc_column][\/vc_row][vc_row][vc_column][vc_text_separator title=&#8221;SEMESTRUL II&#8221; color=&#8221;orange&#8221;][vc_column_text]<\/p>\n<h3 style=\"text-align: center;\"><a href=\"https:\/\/economice.valahia.ro\/wp-content\/uploads\/2026\/02\/FD_FB2-Gestiunea-financiara-a-intreprinderii.pdf\" target=\"_blank\" rel=\"noopener\">Gestiunea financiar\u0103 a \u00eentreprinderii<\/a><\/h3>\n<h3 style=\"text-align: center;\"><a href=\"https:\/\/economice.valahia.ro\/wp-content\/uploads\/2026\/02\/FD_FB2-Moneda-si-credit.pdf\" target=\"_blank\" rel=\"noopener\">Moned\u0103 \u0219i credit<\/a><\/h3>\n<h3 style=\"text-align: center;\"><a href=\"https:\/\/economice.valahia.ro\/wp-content\/uploads\/2026\/02\/FD_FB2-Finantele-institutiilor-publice.pdf\" target=\"_blank\" rel=\"noopener\">Finan\u0163ele institu\u0163iilor publice<\/a><\/h3>\n<h3 style=\"text-align: center;\"><a href=\"https:\/\/economice.valahia.ro\/wp-content\/uploads\/2026\/02\/FD_FB2-Finante-publice.pdf\" target=\"_blank\" rel=\"noopener\">Asigur\u0103ri \u015fi protec\u0163ie social\u0103<\/a><\/h3>\n<h3 style=\"text-align: center;\"><a href=\"https:\/\/economice.valahia.ro\/wp-content\/uploads\/2026\/02\/FD_FB2-Preturi-si-concurenta.pdf\" target=\"_blank\" rel=\"noopener\">Pre\u0163uri \u015fi concuren\u0163\u0103<\/a><\/h3>\n<h3 style=\"text-align: center;\"><a href=\"https:\/\/economice.valahia.ro\/wp-content\/uploads\/2026\/02\/FD_FB2-Practica.pdf\" target=\"_blank\" rel=\"noopener\">Practic\u0103<\/a><\/h3>\n<h3 style=\"text-align: center;\"><a href=\"https:\/\/economice.valahia.ro\/wp-content\/uploads\/2026\/02\/FD_FB2-Educatie-fizica_FB-II_sem.-II.pdf\" target=\"_blank\" rel=\"noopener\">Educa\u0163ie fizic\u0103 \u015fi sport<\/a><\/h3>\n<h3 style=\"text-align: center;\"><a href=\"https:\/\/economice.valahia.ro\/wp-content\/uploads\/2026\/02\/FD_FB2-Psihologie.pdf\" target=\"_blank\" rel=\"noopener\">Psihologie<\/a><\/h3>\n<p>&nbsp;[\/vc_column_text][\/vc_column][\/vc_row]<\/p>\n","protected":false},"excerpt":{"rendered":"<p>[vc_row][vc_column][vc_column_text] fi\u0219e disciplin\u0103 [\/vc_column_text][\/vc_column][\/vc_row][vc_row][vc_column][vc_text_separator title=&#8221;SEMESTRUL I&#8221; color=&#8221;orange&#8221;][\/vc_column][\/vc_row][vc_row][vc_column][vc_column_text] Management Contabilitate financiar\u0103 Finan\u0163e publice Marketing Econometrie Educa\u0163ie fizic\u0103 \u015fi sport Comunicare \u00een limba englez\u0103 [\/vc_column_text][\/vc_column][\/vc_row][vc_row][vc_column][vc_text_separator title=&#8221;SEMESTRUL II&#8221; color=&#8221;orange&#8221;][vc_column_text] Gestiunea financiar\u0103 a \u00eentreprinderii Moned\u0103 \u0219i credit Finan\u0163ele institu\u0163iilor publice Asigur\u0103ri \u015fi protec\u0163ie social\u0103 Pre\u0163uri \u015fi concuren\u0163\u0103 Practic\u0103 Educa\u0163ie fizic\u0103 \u015fi sport Psihologie &nbsp;[\/vc_column_text][\/vc_column][\/vc_row]<\/p>\n","protected":false},"author":1,"featured_media":0,"parent":0,"menu_order":0,"comment_status":"closed","ping_status":"closed","template":"","meta":{"footnotes":""},"class_list":["post-6813","page","type-page","status-publish","hentry"],"_links":{"self":[{"href":"https:\/\/economice.valahia.ro\/index.php?rest_route=\/wp\/v2\/pages\/6813","targetHints":{"allow":["GET"]}}],"collection":[{"href":"https:\/\/economice.valahia.ro\/index.php?rest_route=\/wp\/v2\/pages"}],"about":[{"href":"https:\/\/economice.valahia.ro\/index.php?rest_route=\/wp\/v2\/types\/page"}],"author":[{"embeddable":true,"href":"https:\/\/economice.valahia.ro\/index.php?rest_route=\/wp\/v2\/users\/1"}],"replies":[{"embeddable":true,"href":"https:\/\/economice.valahia.ro\/index.php?rest_route=%2Fwp%2Fv2%2Fcomments&post=6813"}],"version-history":[{"count":6,"href":"https:\/\/economice.valahia.ro\/index.php?rest_route=\/wp\/v2\/pages\/6813\/revisions"}],"predecessor-version":[{"id":11470,"href":"https:\/\/economice.valahia.ro\/index.php?rest_route=\/wp\/v2\/pages\/6813\/revisions\/11470"}],"wp:attachment":[{"href":"https:\/\/economice.valahia.ro\/index.php?rest_route=%2Fwp%2Fv2%2Fmedia&parent=6813"}],"curies":[{"name":"wp","href":"https:\/\/api.w.org\/{rel}","templated":true}]}}