{"id":6816,"date":"2021-11-02T21:55:39","date_gmt":"2021-11-02T21:55:39","guid":{"rendered":"https:\/\/economice.valahia.ro\/?page_id=6816"},"modified":"2026-02-17T14:36:31","modified_gmt":"2026-02-17T12:36:31","slug":"fisa-disciplinei-fb-3","status":"publish","type":"page","link":"https:\/\/economice.valahia.ro\/?page_id=6816","title":{"rendered":"Fisa disciplinei fb 3"},"content":{"rendered":"<p>[vc_row][vc_column]<h2 style=\"color:;\" class=\" ztl-accent-font ztl-center ztl-font-normal\">FINAN\u021aE \u0218I B\u0102NCI - ANUL III<\/h2>[vc_column_text]<\/p>\n<h3 style=\"text-align: center;\">fi\u0219e disciplin\u0103<\/h3>\n<p>[\/vc_column_text][\/vc_column][\/vc_row][vc_row][vc_column][vc_text_separator title=&#8221;SEMESTRUL I&#8221; color=&#8221;orange&#8221;][\/vc_column][\/vc_row][vc_row][vc_column][vc_column_text]<\/p>\n<h3 style=\"text-align: center;\"><a href=\"https:\/\/economice.valahia.ro\/wp-content\/uploads\/2026\/02\/FD_FB3-Piete-de-capital.pdf\" target=\"_blank\" rel=\"noopener\">Pie\u0163e de capital<\/a><\/h3>\n<h3 style=\"text-align: center;\"><a href=\"https:\/\/economice.valahia.ro\/wp-content\/uploads\/2026\/02\/FD_FB3-Buget_si_trez.pdf\" target=\"_blank\" rel=\"noopener\">Buget \u015fi trezorerie public\u0103<\/a><\/h3>\n<h3 style=\"text-align: center;\"><a href=\"https:\/\/economice.valahia.ro\/wp-content\/uploads\/2026\/02\/FD_FB3-Operatiunile-institutiilor-de-credit.pdf\" target=\"_blank\" rel=\"noopener\">Opera\u0163iunile institu\u0163iilor de credit<\/a><\/h3>\n<h3 style=\"text-align: center;\"><a href=\"https:\/\/economice.valahia.ro\/wp-content\/uploads\/2026\/02\/FD_FB3-Analiza-economica-si-financiara.pdf\" target=\"_blank\" rel=\"noopener\">Analiz\u0103 economic\u0103 \u015fi financiar\u0103<\/a><\/h3>\n<h3 style=\"text-align: center;\"><a href=\"https:\/\/economice.valahia.ro\/wp-content\/uploads\/2026\/02\/FD_FB3-Antreprenoriat-si-gestiunea-afacerilor.pdf\" target=\"_blank\" rel=\"noopener\">Antreprenoriat \u015fi gestiunea afacerilor<\/a><\/h3>\n<h3 style=\"text-align: center;\"><a href=\"https:\/\/economice.valahia.ro\/wp-content\/uploads\/2026\/02\/FD_FB3-Produse-si-servicii-bancare.pdf\" target=\"_blank\" rel=\"noopener\">Produse \u0219i servicii bancare<\/a><\/h3>\n<h3 style=\"text-align: center;\"><a href=\"https:\/\/economice.valahia.ro\/wp-content\/uploads\/2026\/02\/FD_FB3-Audit-financiar.pdf\" target=\"_blank\" rel=\"noopener\">Audit financiar<\/a><\/h3>\n<p>[\/vc_column_text][\/vc_column][\/vc_row][vc_row][vc_column][vc_text_separator title=&#8221;SEMESTRUL II&#8221; color=&#8221;orange&#8221;][vc_column_text]<\/p>\n<h3 style=\"text-align: center;\"><a href=\"https:\/\/economice.valahia.ro\/wp-content\/uploads\/2026\/02\/FD_FB3-investitii-directe.pdf\" target=\"_blank\" rel=\"noopener\">Investi\u0163ii directe \u015fi finan\u0163area lor<\/a><\/h3>\n<h3 style=\"text-align: center;\"><a href=\"https:\/\/economice.valahia.ro\/wp-content\/uploads\/2026\/02\/FD_FB3-Fiscalitate.pdf\" target=\"_blank\" rel=\"noopener\">Fiscalitate<\/a><\/h3>\n<h3 style=\"text-align: center;\"><a href=\"https:\/\/economice.valahia.ro\/wp-content\/uploads\/2026\/02\/FD_FB3-Sisteme-inf-financiar-monetare.pdf\" target=\"_blank\" rel=\"noopener\">Sisteme informatice financiar monetare<\/a><\/h3>\n<h3 style=\"text-align: center;\"><a href=\"https:\/\/economice.valahia.ro\/wp-content\/uploads\/2026\/02\/FD_FB3-Gestiune-bancara.pdf\" target=\"_blank\" rel=\"noopener\">Gestiune bancar\u0103<\/a><\/h3>\n<h3 style=\"text-align: center;\">Elaborarea lucr\u0103rii de licen\u0163\u0103<\/h3>\n<h3 style=\"text-align: center;\"><a href=\"https:\/\/economice.valahia.ro\/wp-content\/uploads\/2026\/02\/FD_FB3-Burse-de-marfuri-si-valori.pdf\" target=\"_blank\" rel=\"noopener\">Burse de m\u0103rfuri \u0219i valori<\/a><\/h3>\n<h3 style=\"text-align: center;\"><a href=\"https:\/\/economice.valahia.ro\/wp-content\/uploads\/2026\/02\/FD_FB3-Inginerie-financiara.pdf\" target=\"_blank\" rel=\"noopener\">Inginerie financiar\u0103<\/a><\/h3>\n<p>[\/vc_column_text][\/vc_column][\/vc_row]<\/p>\n","protected":false},"excerpt":{"rendered":"<p>[vc_row][vc_column][vc_column_text] fi\u0219e disciplin\u0103 [\/vc_column_text][\/vc_column][\/vc_row][vc_row][vc_column][vc_text_separator title=&#8221;SEMESTRUL I&#8221; color=&#8221;orange&#8221;][\/vc_column][\/vc_row][vc_row][vc_column][vc_column_text] Pie\u0163e de capital Buget \u015fi trezorerie public\u0103 Opera\u0163iunile institu\u0163iilor de credit Analiz\u0103 economic\u0103 \u015fi financiar\u0103 Antreprenoriat \u015fi gestiunea afacerilor Produse \u0219i servicii bancare Audit financiar [\/vc_column_text][\/vc_column][\/vc_row][vc_row][vc_column][vc_text_separator title=&#8221;SEMESTRUL II&#8221; color=&#8221;orange&#8221;][vc_column_text] Investi\u0163ii directe \u015fi finan\u0163area lor Fiscalitate Sisteme informatice financiar monetare Gestiune bancar\u0103 Elaborarea lucr\u0103rii de licen\u0163\u0103 Burse de m\u0103rfuri [&hellip;]<\/p>\n","protected":false},"author":1,"featured_media":0,"parent":0,"menu_order":0,"comment_status":"closed","ping_status":"closed","template":"","meta":{"footnotes":""},"class_list":["post-6816","page","type-page","status-publish","hentry"],"_links":{"self":[{"href":"https:\/\/economice.valahia.ro\/index.php?rest_route=\/wp\/v2\/pages\/6816","targetHints":{"allow":["GET"]}}],"collection":[{"href":"https:\/\/economice.valahia.ro\/index.php?rest_route=\/wp\/v2\/pages"}],"about":[{"href":"https:\/\/economice.valahia.ro\/index.php?rest_route=\/wp\/v2\/types\/page"}],"author":[{"embeddable":true,"href":"https:\/\/economice.valahia.ro\/index.php?rest_route=\/wp\/v2\/users\/1"}],"replies":[{"embeddable":true,"href":"https:\/\/economice.valahia.ro\/index.php?rest_route=%2Fwp%2Fv2%2Fcomments&post=6816"}],"version-history":[{"count":5,"href":"https:\/\/economice.valahia.ro\/index.php?rest_route=\/wp\/v2\/pages\/6816\/revisions"}],"predecessor-version":[{"id":11487,"href":"https:\/\/economice.valahia.ro\/index.php?rest_route=\/wp\/v2\/pages\/6816\/revisions\/11487"}],"wp:attachment":[{"href":"https:\/\/economice.valahia.ro\/index.php?rest_route=%2Fwp%2Fv2%2Fmedia&parent=6816"}],"curies":[{"name":"wp","href":"https:\/\/api.w.org\/{rel}","templated":true}]}}