{"id":6820,"date":"2021-11-02T21:57:06","date_gmt":"2021-11-02T21:57:06","guid":{"rendered":"https:\/\/economice.valahia.ro\/?page_id=6820"},"modified":"2026-03-04T00:36:01","modified_gmt":"2026-03-03T22:36:01","slug":"fisa-disciplinei-mg-1","status":"publish","type":"page","link":"https:\/\/economice.valahia.ro\/?page_id=6820","title":{"rendered":"Fisa disciplinei mg 1"},"content":{"rendered":"<p>[vc_row][vc_column]<h2 style=\"color:;\" class=\" ztl-accent-font ztl-center ztl-font-normal\">MANAGEMENT - ANUL I<\/h2>[vc_column_text]<\/p>\n<h3 style=\"text-align: center;\">fi\u0219e disciplin\u0103<\/h3>\n<p>[\/vc_column_text][\/vc_column][\/vc_row][vc_row][vc_column][vc_text_separator title=&#8221;SEMESTRUL I&#8221; color=&#8221;orange&#8221;][\/vc_column][\/vc_row][vc_row][vc_column][vc_column_text]<\/p>\n<h3 style=\"text-align: center;\"><a href=\"https:\/\/economice.valahia.ro\/wp-content\/uploads\/2026\/03\/FD-2025-2026_MG_Microeconomie.pdf\" target=\"_blank\" rel=\"noopener\">Microeconomie<\/a><\/h3>\n<h3 style=\"text-align: center;\"><a href=\"https:\/\/economice.valahia.ro\/wp-content\/uploads\/2026\/03\/FD-2025-2026_MG_Matematici-aplicate-in-economie.pdf\" target=\"_blank\" rel=\"noopener\">Matematici aplicate \u00een economie<\/a><\/h3>\n<h3 style=\"text-align: center;\"><a href=\"https:\/\/economice.valahia.ro\/wp-content\/uploads\/2026\/03\/FD-2025-2026_MG_Dreptul-afacerilor.pdf\" target=\"_blank\" rel=\"noopener\">Dreptul afacerilor<\/a><\/h3>\n<h3 style=\"text-align: center;\"><a href=\"https:\/\/economice.valahia.ro\/wp-content\/uploads\/2026\/03\/FD-2025-2026_MG_Informatica-economica.pdf\" target=\"_blank\" rel=\"noopener\">Informatic\u0103 economic\u0103<\/a><\/h3>\n<h3 style=\"text-align: center;\"><a href=\"https:\/\/economice.valahia.ro\/wp-content\/uploads\/2026\/03\/FD-2025-2026_MG_Relatii-economice-internationale.pdf\" target=\"_blank\" rel=\"noopener\">Rela\u021bii economice interna\u021bionale<\/a><\/h3>\n<h3 style=\"text-align: center;\"><a href=\"https:\/\/economice.valahia.ro\/wp-content\/uploads\/2026\/03\/FD-2025-2026_MG_Dezvoltare-durabila.pdf\" target=\"_blank\" rel=\"noopener\">Dezvoltare durabil\u0103<\/a><\/h3>\n<h3 style=\"text-align: center;\"><a href=\"https:\/\/economice.valahia.ro\/wp-content\/uploads\/2026\/03\/FD-2025-2026_MG_LbEngl_sem-I.pdf\" target=\"_blank\" rel=\"noopener\">Limba strain\u0103 \u00een afaceri I &#8211; englez\u0103<\/a><\/h3>\n<h3 style=\"text-align: center;\"><a href=\"https:\/\/economice.valahia.ro\/wp-content\/uploads\/2026\/03\/FD-2025-2026_MG_EFS__sem-I.pdf\" target=\"_blank\" rel=\"noopener\">Educa\u0163ie fizic\u0103 \u015fi sport<\/a><\/h3>\n<p>[\/vc_column_text][\/vc_column][\/vc_row][vc_row][vc_column][vc_text_separator title=&#8221;SEMESTRUL II&#8221; color=&#8221;orange&#8221;][vc_column_text]<\/p>\n<h3 style=\"text-align: center;\"><a href=\"https:\/\/economice.valahia.ro\/wp-content\/uploads\/2026\/03\/FD-2025-2026_MG_Macroeconomie.pdf\" target=\"_blank\" rel=\"noopener\">Macroeconomie<\/a><\/h3>\n<h3 style=\"text-align: center;\"><a href=\"https:\/\/economice.valahia.ro\/wp-content\/uploads\/2026\/03\/FD-2025-2026_MG_Introducere-in-contabilitate.pdf\" target=\"_blank\" rel=\"noopener\">Introducere \u00een contabilitate<\/a><\/h3>\n<h3 style=\"text-align: center;\"><a href=\"https:\/\/economice.valahia.ro\/wp-content\/uploads\/2026\/03\/FD-2025-2026_MG_Tehnologii-digitale-si-baze-de-date.pdf\" target=\"_blank\" rel=\"noopener\">Tehnologii digitale \u0219i baze de date<\/a><\/h3>\n<h3 style=\"text-align: center;\"><a href=\"https:\/\/economice.valahia.ro\/wp-content\/uploads\/2026\/03\/FD-2025-2026_MG_Statistica-economica.pdf\" target=\"_blank\" rel=\"noopener\">Statistic\u0103 economic\u0103<\/a><\/h3>\n<h3 style=\"text-align: center;\"><a href=\"https:\/\/economice.valahia.ro\/wp-content\/uploads\/2026\/03\/FD-2025-2026_MG_Etica-in-Afaceri.pdf\" target=\"_blank\" rel=\"noopener\">Etic\u0103 \u00een afaceri<\/a><\/h3>\n<h3 style=\"text-align: center;\"><a href=\"https:\/\/economice.valahia.ro\/wp-content\/uploads\/2026\/03\/FD-2025-2026_MG_Guvernanta-corporativa-sociala-si-de-mediu.pdf\" target=\"_blank\" rel=\"noopener\">Guvernan\u021b\u0103 corporativ\u0103, social\u0103 \u0219i de mediu<\/a><\/h3>\n<h3 style=\"text-align: center;\"><a href=\"https:\/\/economice.valahia.ro\/wp-content\/uploads\/2026\/03\/FD-2025-2026_MG_LbEngl_sem-II.pdf\" target=\"_blank\" rel=\"noopener\">Limba str\u0103in\u0103 \u00een afaceri II &#8211; englez\u0103<\/a><\/h3>\n<h3 style=\"text-align: center;\"><a href=\"https:\/\/economice.valahia.ro\/wp-content\/uploads\/2026\/03\/FD-2025-2026_MG_EFS_sem-II.pdf\" target=\"_blank\" rel=\"noopener\">Educa\u0163ie fizic\u0103 \u015fi sport<\/a><\/h3>\n<p>[\/vc_column_text][\/vc_column][\/vc_row]<\/p>\n","protected":false},"excerpt":{"rendered":"<p>[vc_row][vc_column][vc_column_text] fi\u0219e disciplin\u0103 [\/vc_column_text][\/vc_column][\/vc_row][vc_row][vc_column][vc_text_separator title=&#8221;SEMESTRUL I&#8221; color=&#8221;orange&#8221;][\/vc_column][\/vc_row][vc_row][vc_column][vc_column_text] Microeconomie Matematici aplicate \u00een economie Dreptul afacerilor Informatic\u0103 economic\u0103 Rela\u021bii economice interna\u021bionale Dezvoltare durabil\u0103 Limba strain\u0103 \u00een afaceri I &#8211; englez\u0103 Educa\u0163ie fizic\u0103 \u015fi sport [\/vc_column_text][\/vc_column][\/vc_row][vc_row][vc_column][vc_text_separator title=&#8221;SEMESTRUL II&#8221; color=&#8221;orange&#8221;][vc_column_text] Macroeconomie Introducere \u00een contabilitate Tehnologii digitale \u0219i baze de date Statistic\u0103 economic\u0103 Etic\u0103 \u00een afaceri Guvernan\u021b\u0103 corporativ\u0103, social\u0103 \u0219i [&hellip;]<\/p>\n","protected":false},"author":1,"featured_media":0,"parent":0,"menu_order":0,"comment_status":"closed","ping_status":"closed","template":"","meta":{"footnotes":""},"class_list":["post-6820","page","type-page","status-publish","hentry"],"_links":{"self":[{"href":"https:\/\/economice.valahia.ro\/index.php?rest_route=\/wp\/v2\/pages\/6820","targetHints":{"allow":["GET"]}}],"collection":[{"href":"https:\/\/economice.valahia.ro\/index.php?rest_route=\/wp\/v2\/pages"}],"about":[{"href":"https:\/\/economice.valahia.ro\/index.php?rest_route=\/wp\/v2\/types\/page"}],"author":[{"embeddable":true,"href":"https:\/\/economice.valahia.ro\/index.php?rest_route=\/wp\/v2\/users\/1"}],"replies":[{"embeddable":true,"href":"https:\/\/economice.valahia.ro\/index.php?rest_route=%2Fwp%2Fv2%2Fcomments&post=6820"}],"version-history":[{"count":10,"href":"https:\/\/economice.valahia.ro\/index.php?rest_route=\/wp\/v2\/pages\/6820\/revisions"}],"predecessor-version":[{"id":11640,"href":"https:\/\/economice.valahia.ro\/index.php?rest_route=\/wp\/v2\/pages\/6820\/revisions\/11640"}],"wp:attachment":[{"href":"https:\/\/economice.valahia.ro\/index.php?rest_route=%2Fwp%2Fv2%2Fmedia&parent=6820"}],"curies":[{"name":"wp","href":"https:\/\/api.w.org\/{rel}","templated":true}]}}