{"id":6827,"date":"2021-11-02T21:58:15","date_gmt":"2021-11-02T21:58:15","guid":{"rendered":"https:\/\/economice.valahia.ro\/?page_id=6827"},"modified":"2026-03-04T01:20:39","modified_gmt":"2026-03-03T23:20:39","slug":"fisa-disciplinei-mg-3","status":"publish","type":"page","link":"https:\/\/economice.valahia.ro\/?page_id=6827","title":{"rendered":"Fisa disciplinei mg 3"},"content":{"rendered":"<p>[vc_row][vc_column]<h2 style=\"color:;\" class=\" ztl-accent-font ztl-center ztl-font-normal\">MANAGEMENT - ANUL III<\/h2>[vc_column_text]<\/p>\n<h3 style=\"text-align: center;\">fi\u0219e disciplin\u0103<\/h3>\n<p>[\/vc_column_text][\/vc_column][\/vc_row][vc_row][vc_column][vc_text_separator title=&#8221;SEMESTRUL I&#8221; color=&#8221;orange&#8221;][\/vc_column][\/vc_row][vc_row][vc_column][vc_column_text]<\/p>\n<h3 style=\"text-align: center;\"><a href=\"https:\/\/economice.valahia.ro\/wp-content\/uploads\/2026\/03\/FD-2025-2026_MG_Analiza-economico-financiara.pdf\" target=\"_blank\" rel=\"noopener\">Analiz\u0103 economico-financiar\u0103<\/a><\/h3>\n<h3 style=\"text-align: center;\"><a href=\"https:\/\/economice.valahia.ro\/wp-content\/uploads\/2026\/03\/FD-2025-2026_MG_Managementul-operational.pdf\" target=\"_blank\" rel=\"noopener\">Management opera\u0163ional<\/a><\/h3>\n<h3 style=\"text-align: center;\"><a href=\"https:\/\/economice.valahia.ro\/wp-content\/uploads\/2026\/03\/FD-2025-2026_MG_Managementul-Resurselor-Umane.pdf\" target=\"_blank\" rel=\"noopener\">Managementul resurselor umane<\/a><\/h3>\n<h3 style=\"text-align: center;\"><a href=\"https:\/\/economice.valahia.ro\/wp-content\/uploads\/2026\/03\/FD-2025-2026_MG_Antreprenoriat-si-gestiunea-afacerilor.pdf\" target=\"_blank\" rel=\"noopener\">Antreprenoriat \u015fi gestiunea afacerilor<\/a><\/h3>\n<h3 style=\"text-align: center;\"><a href=\"https:\/\/economice.valahia.ro\/wp-content\/uploads\/2026\/03\/FD-2025-2026_MG_Management-comparat.pdf\" target=\"_blank\" rel=\"noopener\">Management comparat<\/a><\/h3>\n<h3 style=\"text-align: center;\"><a href=\"https:\/\/economice.valahia.ro\/wp-content\/uploads\/2026\/03\/FD-2025-2026_MG_Managementul-mediului.pdf\" target=\"_blank\" rel=\"noopener\">Managementul mediului<\/a><\/h3>\n<p>[\/vc_column_text][\/vc_column][\/vc_row][vc_row][vc_column][vc_text_separator title=&#8221;SEMESTRUL II&#8221; color=&#8221;orange&#8221;][vc_column_text]<\/p>\n<h3 style=\"text-align: center;\"><a href=\"https:\/\/economice.valahia.ro\/wp-content\/uploads\/2026\/03\/FD-2025-2026_MG_Managementul-investitiilor.pdf\" target=\"_blank\" rel=\"noopener\">Managementul investi\u0163iilor<\/a><\/h3>\n<h3 style=\"text-align: center;\"><a href=\"https:\/\/economice.valahia.ro\/wp-content\/uploads\/2026\/03\/FD-2025-2026_MG_Modelarea-fen-ec-si-soc.pdf\" target=\"_blank\" rel=\"noopener\">Modelarea fenomenelor economice \u015fi sociale<\/a><\/h3>\n<h3 style=\"text-align: center;\"><a href=\"https:\/\/economice.valahia.ro\/wp-content\/uploads\/2026\/03\/FD-2025-2026_MG_Proiecte-economice.pdf\" target=\"_blank\" rel=\"noopener\">Proiecte economice<\/a><\/h3>\n<h3 style=\"text-align: center;\"><a href=\"https:\/\/economice.valahia.ro\/wp-content\/uploads\/2026\/03\/FD-2025-2026_MG_Comunicare-si-negociere-in-afaceri.pdf\" target=\"_blank\" rel=\"noopener\">Comunicare \u015fi negociere \u00een afaceri<\/a><\/h3>\n<h3 style=\"text-align: center;\"><a href=\"https:\/\/economice.valahia.ro\/wp-content\/uploads\/2026\/03\/FD-2025-2026_MG_Management-strategic.pdf\" target=\"_blank\" rel=\"noopener\">Management strategic<\/a><\/h3>\n<h3 style=\"text-align: center;\"><a href=\"https:\/\/economice.valahia.ro\/wp-content\/uploads\/2026\/03\/FD-2025-2026_MG_Dezvoltare-regionala-si-locala.pdf\" target=\"_blank\" rel=\"noopener\">Dezvoltare regional\u0103 \u0219i local\u0103<\/a><\/h3>\n<h3 style=\"text-align: center;\"><a href=\"https:\/\/economice.valahia.ro\/wp-content\/uploads\/2026\/03\/FD-2025-2026_MG_Managementul-serviciilor.pdf\" target=\"_blank\" rel=\"noopener\">Managementul serviciilor<\/a><\/h3>\n<h3 style=\"text-align: center;\">Elaborarea lucr\u0103rii de licen\u0163\u0103<\/h3>\n<p>[\/vc_column_text][\/vc_column][\/vc_row]<\/p>\n","protected":false},"excerpt":{"rendered":"<p>[vc_row][vc_column][vc_column_text] fi\u0219e disciplin\u0103 [\/vc_column_text][\/vc_column][\/vc_row][vc_row][vc_column][vc_text_separator title=&#8221;SEMESTRUL I&#8221; color=&#8221;orange&#8221;][\/vc_column][\/vc_row][vc_row][vc_column][vc_column_text] Analiz\u0103 economico-financiar\u0103 Management opera\u0163ional Managementul resurselor umane Antreprenoriat \u015fi gestiunea afacerilor Management comparat Managementul mediului [\/vc_column_text][\/vc_column][\/vc_row][vc_row][vc_column][vc_text_separator title=&#8221;SEMESTRUL II&#8221; color=&#8221;orange&#8221;][vc_column_text] Managementul investi\u0163iilor Modelarea fenomenelor economice \u015fi sociale Proiecte economice Comunicare \u015fi negociere \u00een afaceri Management strategic Dezvoltare regional\u0103 \u0219i local\u0103 Managementul serviciilor Elaborarea lucr\u0103rii de licen\u0163\u0103 [\/vc_column_text][\/vc_column][\/vc_row]<\/p>\n","protected":false},"author":1,"featured_media":0,"parent":0,"menu_order":0,"comment_status":"closed","ping_status":"closed","template":"","meta":{"footnotes":""},"class_list":["post-6827","page","type-page","status-publish","hentry"],"_links":{"self":[{"href":"https:\/\/economice.valahia.ro\/index.php?rest_route=\/wp\/v2\/pages\/6827","targetHints":{"allow":["GET"]}}],"collection":[{"href":"https:\/\/economice.valahia.ro\/index.php?rest_route=\/wp\/v2\/pages"}],"about":[{"href":"https:\/\/economice.valahia.ro\/index.php?rest_route=\/wp\/v2\/types\/page"}],"author":[{"embeddable":true,"href":"https:\/\/economice.valahia.ro\/index.php?rest_route=\/wp\/v2\/users\/1"}],"replies":[{"embeddable":true,"href":"https:\/\/economice.valahia.ro\/index.php?rest_route=%2Fwp%2Fv2%2Fcomments&post=6827"}],"version-history":[{"count":8,"href":"https:\/\/economice.valahia.ro\/index.php?rest_route=\/wp\/v2\/pages\/6827\/revisions"}],"predecessor-version":[{"id":11671,"href":"https:\/\/economice.valahia.ro\/index.php?rest_route=\/wp\/v2\/pages\/6827\/revisions\/11671"}],"wp:attachment":[{"href":"https:\/\/economice.valahia.ro\/index.php?rest_route=%2Fwp%2Fv2%2Fmedia&parent=6827"}],"curies":[{"name":"wp","href":"https:\/\/api.w.org\/{rel}","templated":true}]}}