{"id":6838,"date":"2021-11-02T22:07:41","date_gmt":"2021-11-02T22:07:41","guid":{"rendered":"https:\/\/economice.valahia.ro\/?page_id=6838"},"modified":"2025-12-18T01:07:30","modified_gmt":"2025-12-17T23:07:30","slug":"fisa-disciplinei-mg-id-1","status":"publish","type":"page","link":"https:\/\/economice.valahia.ro\/?page_id=6838","title":{"rendered":"Fisa disciplinei mg id 1"},"content":{"rendered":"<p>[vc_row][vc_column]<h2 style=\"color:;\" class=\" ztl-accent-font ztl-center ztl-font-normal\">MANAGEMENT ID - ANUL 1<\/h2>[\/vc_column][\/vc_row][vc_row][vc_column][vc_text_separator title=&#8221;SEMESTRUL I&#8221; color=&#8221;orange&#8221;][\/vc_column][\/vc_row][vc_row][vc_column][vc_column_text]<\/p>\n<h3 style=\"text-align: center;\"><a href=\"https:\/\/economice.valahia.ro\/wp-content\/uploads\/2025\/12\/FD-MG1-ID-Microeconomie.pdf\" target=\"_blank\" rel=\"noopener\">Microeconomie<\/a><br \/>\n<a href=\"https:\/\/economice.valahia.ro\/wp-content\/uploads\/2025\/12\/FD-MG1-ID-Matematici-aplicate-in-economie.pdf\" target=\"_blank\" rel=\"noopener\">Matematici aplicate \u00een economie<\/a><br \/>\n<a href=\"https:\/\/economice.valahia.ro\/wp-content\/uploads\/2025\/12\/FD-MG1-ID-Dreptul-afacerilor.pdf\" target=\"_blank\" rel=\"noopener\">Dreptul afacerilor<\/a><br \/>\n<a href=\"https:\/\/economice.valahia.ro\/wp-content\/uploads\/2025\/12\/FD-MG1-ID-Informatica-economica.pdf\" target=\"_blank\" rel=\"noopener\">Informatic\u0103 economic\u0103<\/a><br \/>\n<a href=\"https:\/\/economice.valahia.ro\/wp-content\/uploads\/2025\/12\/FD-MG1-ID-Dezvoltare-durabila.pdf\" target=\"_blank\" rel=\"noopener\">Dezvoltare durabil\u0103<\/a><br \/>\n<a href=\"https:\/\/economice.valahia.ro\/wp-content\/uploads\/2025\/12\/FD-MG1-ID-Relatii-economice-internationale.pdf\" target=\"_blank\" rel=\"noopener\">Rela\u021bii economice interna\u021bionale<\/a><br \/>\n<a href=\"https:\/\/economice.valahia.ro\/wp-content\/uploads\/2025\/12\/FD-MG1-ID-Limba-straina-in-afaceri-I.pdf\" target=\"_blank\" rel=\"noopener\">Limba str\u0103in\u0103 \u00een afaceri &#8211; I<\/a><br \/>\n<a href=\"https:\/\/economice.valahia.ro\/wp-content\/uploads\/2025\/12\/FD-MG1-ID-Educatie-fizica-si-sport-I.pdf\" target=\"_blank\" rel=\"noopener\">Educa\u0163ie fizic\u0103 \u015fi sport &#8211; I<\/a><\/h3>\n<p>[\/vc_column_text][\/vc_column][\/vc_row][vc_row][vc_column][vc_text_separator title=&#8221;SEMESTRUL II&#8221; color=&#8221;orange&#8221;][vc_column_text]<\/p>\n<h3 style=\"text-align: center;\"><a href=\"https:\/\/economice.valahia.ro\/wp-content\/uploads\/2025\/12\/FD-MG1-ID-Macroeconomie.pdf\" target=\"_blank\" rel=\"noopener\">Macroeconomie<\/a><br \/>\n<a href=\"https:\/\/economice.valahia.ro\/wp-content\/uploads\/2025\/12\/FD-MG1-ID-Introducere-in-contabilitate.pdf\" target=\"_blank\" rel=\"noopener\">Introducere \u00een contabilitate<\/a><br \/>\n<a href=\"https:\/\/economice.valahia.ro\/wp-content\/uploads\/2025\/12\/FD-MG1-ID-Tehnologii-digitale-si-baze-de-date.pdf\" target=\"_blank\" rel=\"noopener\">Tehnologii digitale \u0219i baze de date<\/a><br \/>\n<a href=\"https:\/\/economice.valahia.ro\/wp-content\/uploads\/2025\/12\/FD-MG1-ID-Statistica-economica.pdf\" target=\"_blank\" rel=\"noopener\">Statistic\u0103 economic\u0103<\/a><\/h3>\n<h3 style=\"text-align: center;\"><a href=\"https:\/\/economice.valahia.ro\/wp-content\/uploads\/2025\/12\/FD-MG1-ID-Guvernanta-corporativa-sociala-mediu.pdf\" target=\"_blank\" rel=\"noopener\">Guvernan\u021b\u0103 corporativ\u0103, social\u0103 \u0219i de mediu<\/a><br \/>\n<a href=\"https:\/\/economice.valahia.ro\/wp-content\/uploads\/2025\/12\/FD-MG1-ID-Etica-in-afaceri.pdf\" target=\"_blank\" rel=\"noopener\">Etic\u0103 \u00een afaceri<\/a><br \/>\n<a href=\"https:\/\/economice.valahia.ro\/wp-content\/uploads\/2025\/12\/FD-MG1-ID-Limba-straina-in-afaceri-I.pdf\" target=\"_blank\" rel=\"noopener\">Limba str\u0103in\u0103 \u00een afaceri &#8211; II<\/a><br \/>\n<a href=\"https:\/\/economice.valahia.ro\/wp-content\/uploads\/2025\/12\/FD-MG1-ID-Educatie-fizica-si-sport-II.pdf\" target=\"_blank\" rel=\"noopener\">Educa\u0163ie fizic\u0103 \u015fi sport &#8211; II<\/a><\/h3>\n<p>[\/vc_column_text][\/vc_column][\/vc_row]<\/p>\n","protected":false},"excerpt":{"rendered":"<p>[vc_row][vc_column][\/vc_column][\/vc_row][vc_row][vc_column][vc_text_separator title=&#8221;SEMESTRUL I&#8221; color=&#8221;orange&#8221;][\/vc_column][\/vc_row][vc_row][vc_column][vc_column_text] Microeconomie Matematici aplicate \u00een economie Dreptul afacerilor Informatic\u0103 economic\u0103 Dezvoltare durabil\u0103 Rela\u021bii economice interna\u021bionale Limba str\u0103in\u0103 \u00een afaceri &#8211; I Educa\u0163ie fizic\u0103 \u015fi sport &#8211; I [\/vc_column_text][\/vc_column][\/vc_row][vc_row][vc_column][vc_text_separator title=&#8221;SEMESTRUL II&#8221; color=&#8221;orange&#8221;][vc_column_text] Macroeconomie Introducere \u00een contabilitate Tehnologii digitale \u0219i baze de date Statistic\u0103 economic\u0103 Guvernan\u021b\u0103 corporativ\u0103, social\u0103 \u0219i de mediu Etic\u0103 \u00een afaceri [&hellip;]<\/p>\n","protected":false},"author":1,"featured_media":0,"parent":0,"menu_order":0,"comment_status":"closed","ping_status":"closed","template":"","meta":{"footnotes":""},"class_list":["post-6838","page","type-page","status-publish","hentry"],"_links":{"self":[{"href":"https:\/\/economice.valahia.ro\/index.php?rest_route=\/wp\/v2\/pages\/6838","targetHints":{"allow":["GET"]}}],"collection":[{"href":"https:\/\/economice.valahia.ro\/index.php?rest_route=\/wp\/v2\/pages"}],"about":[{"href":"https:\/\/economice.valahia.ro\/index.php?rest_route=\/wp\/v2\/types\/page"}],"author":[{"embeddable":true,"href":"https:\/\/economice.valahia.ro\/index.php?rest_route=\/wp\/v2\/users\/1"}],"replies":[{"embeddable":true,"href":"https:\/\/economice.valahia.ro\/index.php?rest_route=%2Fwp%2Fv2%2Fcomments&post=6838"}],"version-history":[{"count":6,"href":"https:\/\/economice.valahia.ro\/index.php?rest_route=\/wp\/v2\/pages\/6838\/revisions"}],"predecessor-version":[{"id":11330,"href":"https:\/\/economice.valahia.ro\/index.php?rest_route=\/wp\/v2\/pages\/6838\/revisions\/11330"}],"wp:attachment":[{"href":"https:\/\/economice.valahia.ro\/index.php?rest_route=%2Fwp%2Fv2%2Fmedia&parent=6838"}],"curies":[{"name":"wp","href":"https:\/\/api.w.org\/{rel}","templated":true}]}}