{"id":6844,"date":"2021-11-02T22:08:35","date_gmt":"2021-11-02T22:08:35","guid":{"rendered":"https:\/\/economice.valahia.ro\/?page_id=6844"},"modified":"2025-12-18T02:04:51","modified_gmt":"2025-12-18T00:04:51","slug":"fisa-disciplinei-mg-id-3","status":"publish","type":"page","link":"https:\/\/economice.valahia.ro\/?page_id=6844","title":{"rendered":"Fisa disciplinei mg id 3"},"content":{"rendered":"<p>[vc_row][vc_column]<h2 style=\"color:;\" class=\" ztl-accent-font ztl-center ztl-font-normal\">MANAGEMENT ID - ANUL 3<\/h2>[\/vc_column][\/vc_row][vc_row][vc_column][vc_text_separator title=&#8221;SEMESTRUL I&#8221; color=&#8221;orange&#8221;][\/vc_column][\/vc_row][vc_row][vc_column][vc_column_text]<\/p>\n<h3 style=\"text-align: center;\"><a href=\"https:\/\/economice.valahia.ro\/wp-content\/uploads\/2025\/12\/FD-MG3-ID-Analiza-economico-financiara.pdf\" target=\"_blank\" rel=\"noopener\">Analiz\u0103 economico-financiar\u0103<\/a><br \/>\n<a href=\"https:\/\/economice.valahia.ro\/wp-content\/uploads\/2025\/12\/FD-MG3-ID-Management-operational.pdf\" target=\"_blank\" rel=\"noopener\">Management opera\u0163ional<\/a><br \/>\n<a href=\"https:\/\/economice.valahia.ro\/wp-content\/uploads\/2025\/12\/FD-MG3-ID-Managementul-resurselor-umane.pdf\" target=\"_blank\" rel=\"noopener\">Managementul resurselor umane<\/a><br \/>\n<a href=\"https:\/\/economice.valahia.ro\/wp-content\/uploads\/2025\/12\/FD-MG3-ID-Managementul-mediului.pdf\" target=\"_blank\" rel=\"noopener\">Managementul mediului<\/a><br \/>\n<a href=\"https:\/\/economice.valahia.ro\/wp-content\/uploads\/2025\/12\/FD-MG3-ID-Management-comparat.pdf\" target=\"_blank\" rel=\"noopener\">Management comparat<\/a><br \/>\n<a href=\"https:\/\/economice.valahia.ro\/wp-content\/uploads\/2025\/12\/FD-MG3-ID-Antreprenoriat-si-gestiunea-afacerii.pdf\" target=\"_blank\" rel=\"noopener\">Anteprenoriat \u015fi gestiunea afacerilor<\/a><\/h3>\n<p>[\/vc_column_text][\/vc_column][\/vc_row][vc_row][vc_column][vc_text_separator title=&#8221;SEMESTRUL II&#8221; color=&#8221;orange&#8221;][vc_column_text]<\/p>\n<h3 style=\"text-align: center;\"><a href=\"https:\/\/economice.valahia.ro\/wp-content\/uploads\/2025\/12\/FD-MG3-ID-Managementul-investitiilor.pdf\" target=\"_blank\" rel=\"noopener\">Managementul investi\u0163iilor<\/a><br \/>\n<a href=\"https:\/\/economice.valahia.ro\/wp-content\/uploads\/2025\/12\/FD-MG3-ID-Modelarea-fenomenelor-economice-si-sociale.pdf\" target=\"_blank\" rel=\"noopener\">Modelarea fenomenelor economice \u015fi sociale<\/a><br \/>\n<a href=\"https:\/\/economice.valahia.ro\/wp-content\/uploads\/2025\/12\/FD-MG3-ID-Proiecte-economice.pdf\" target=\"_blank\" rel=\"noopener\">Proiecte economice<\/a><br \/>\n<a href=\"https:\/\/economice.valahia.ro\/wp-content\/uploads\/2025\/12\/FD-MG3-ID-Comunicare-si-negociere-in-afaceri.pdf\" target=\"_blank\" rel=\"noopener\">Comunicare \u015fi negociere \u00een afaceri<\/a><br \/>\n<a href=\"https:\/\/economice.valahia.ro\/wp-content\/uploads\/2025\/12\/FD-MG3-ID-Dezvoltare-regionala-si-locala.pdf\" target=\"_blank\" rel=\"noopener\">Dezvoltare regional\u0103 \u0219i local\u0103<\/a><br \/>\n<a href=\"https:\/\/economice.valahia.ro\/wp-content\/uploads\/2025\/12\/FD-MG3-ID-Management-strategic.pdf\" target=\"_blank\" rel=\"noopener\">Management strategic<\/a><br \/>\n<a href=\"https:\/\/economice.valahia.ro\/wp-content\/uploads\/2025\/12\/FD-MG3-ID-Managementul-serviciilor.pdf\" target=\"_blank\" rel=\"noopener\">Managementul serviciilor<\/a><br \/>\nElaborarea lucr\u0103rii de licen\u021b\u0103<\/h3>\n<p>[\/vc_column_text][\/vc_column][\/vc_row]<\/p>\n","protected":false},"excerpt":{"rendered":"<p>[vc_row][vc_column][\/vc_column][\/vc_row][vc_row][vc_column][vc_text_separator title=&#8221;SEMESTRUL I&#8221; color=&#8221;orange&#8221;][\/vc_column][\/vc_row][vc_row][vc_column][vc_column_text] Analiz\u0103 economico-financiar\u0103 Management opera\u0163ional Managementul resurselor umane Managementul mediului Management comparat Anteprenoriat \u015fi gestiunea afacerilor [\/vc_column_text][\/vc_column][\/vc_row][vc_row][vc_column][vc_text_separator title=&#8221;SEMESTRUL II&#8221; color=&#8221;orange&#8221;][vc_column_text] Managementul investi\u0163iilor Modelarea fenomenelor economice \u015fi sociale Proiecte economice Comunicare \u015fi negociere \u00een afaceri Dezvoltare regional\u0103 \u0219i local\u0103 Management strategic Managementul serviciilor Elaborarea lucr\u0103rii de licen\u021b\u0103 [\/vc_column_text][\/vc_column][\/vc_row]<\/p>\n","protected":false},"author":1,"featured_media":0,"parent":0,"menu_order":0,"comment_status":"closed","ping_status":"closed","template":"","meta":{"footnotes":""},"class_list":["post-6844","page","type-page","status-publish","hentry"],"_links":{"self":[{"href":"https:\/\/economice.valahia.ro\/index.php?rest_route=\/wp\/v2\/pages\/6844","targetHints":{"allow":["GET"]}}],"collection":[{"href":"https:\/\/economice.valahia.ro\/index.php?rest_route=\/wp\/v2\/pages"}],"about":[{"href":"https:\/\/economice.valahia.ro\/index.php?rest_route=\/wp\/v2\/types\/page"}],"author":[{"embeddable":true,"href":"https:\/\/economice.valahia.ro\/index.php?rest_route=\/wp\/v2\/users\/1"}],"replies":[{"embeddable":true,"href":"https:\/\/economice.valahia.ro\/index.php?rest_route=%2Fwp%2Fv2%2Fcomments&post=6844"}],"version-history":[{"count":5,"href":"https:\/\/economice.valahia.ro\/index.php?rest_route=\/wp\/v2\/pages\/6844\/revisions"}],"predecessor-version":[{"id":11360,"href":"https:\/\/economice.valahia.ro\/index.php?rest_route=\/wp\/v2\/pages\/6844\/revisions\/11360"}],"wp:attachment":[{"href":"https:\/\/economice.valahia.ro\/index.php?rest_route=%2Fwp%2Fv2%2Fmedia&parent=6844"}],"curies":[{"name":"wp","href":"https:\/\/api.w.org\/{rel}","templated":true}]}}