{"id":6847,"date":"2021-11-02T22:09:06","date_gmt":"2021-11-02T22:09:06","guid":{"rendered":"https:\/\/economice.valahia.ro\/?page_id=6847"},"modified":"2026-02-17T01:20:41","modified_gmt":"2026-02-16T23:20:41","slug":"fisa-disciplinei-mk-1","status":"publish","type":"page","link":"https:\/\/economice.valahia.ro\/?page_id=6847","title":{"rendered":"Fisa disciplinei mk 1"},"content":{"rendered":"<p>[vc_row][vc_column]<h2 style=\"color:;\" class=\" ztl-accent-font ztl-center ztl-font-normal\">MARKETING - ANUL 1<\/h2>[\/vc_column][\/vc_row][vc_row][vc_column][vc_text_separator title=&#8221;SEMESTRUL I&#8221; color=&#8221;orange&#8221;][\/vc_column][\/vc_row][vc_row][vc_column][vc_column_text]<\/p>\n<h3 style=\"text-align: center;\"><a href=\"https:\/\/economice.valahia.ro\/wp-content\/uploads\/2026\/02\/FD_MK1-sem-1-Microeconomie_2025-2026.pdf\" target=\"_blank\" rel=\"noopener\">Microeconomie<\/a><\/h3>\n<h3 style=\"text-align: center;\"><a href=\"https:\/\/economice.valahia.ro\/wp-content\/uploads\/2026\/02\/FD_MK1-sem-1_Mate_2025-2026.pdf\" target=\"_blank\" rel=\"noopener\">Matematici aplicate \u00een economie<\/a><\/h3>\n<h3 style=\"text-align: center;\"><a href=\"https:\/\/economice.valahia.ro\/wp-content\/uploads\/2026\/02\/FD_MK1-sem-1_DA_2025-2026.pdf\" target=\"_blank\" rel=\"noopener\">Dreptul afacerilor<\/a><\/h3>\n<h3 style=\"text-align: center;\"><a href=\"https:\/\/economice.valahia.ro\/wp-content\/uploads\/2026\/02\/FD_MK1-sem-1_DD_2025-2026.pdf\" target=\"_blank\" rel=\"noopener\">Dezvoltare durabil\u0103<\/a><\/h3>\n<h3 style=\"text-align: center;\"><a href=\"https:\/\/economice.valahia.ro\/wp-content\/uploads\/2026\/02\/FD_MK1-sem-1_IE_2025-2026.pdf\" target=\"_blank\" rel=\"noopener\">Informatic\u0103 economic\u0103<\/a><\/h3>\n<h3 style=\"text-align: center;\"><a href=\"https:\/\/economice.valahia.ro\/wp-content\/uploads\/2026\/02\/FD_MK1-sem-1_REI_2025-2026.pdf\" target=\"_blank\" rel=\"noopener\">Rela\u021bii economice interna\u021bionale<\/a><\/h3>\n<h3 style=\"text-align: center;\"><a href=\"https:\/\/economice.valahia.ro\/wp-content\/uploads\/2026\/02\/FD_MK-1-sem-1_LbE_2025-2026.pdf\" target=\"_blank\" rel=\"noopener\">Limba str\u0103in\u0103 \u00een afaceri I<\/a><\/h3>\n<h3 style=\"text-align: center;\"><a href=\"https:\/\/economice.valahia.ro\/wp-content\/uploads\/2026\/02\/FD_MK-1-sem-1_EFS_2025-2026.pdf\" target=\"_blank\" rel=\"noopener\">Educa\u0163ie fizic\u0103 \u015fi sport<\/a><\/h3>\n<p>&nbsp;[\/vc_column_text][\/vc_column][\/vc_row][vc_row][vc_column][vc_text_separator title=&#8221;SEMESTRUL II&#8221; color=&#8221;orange&#8221;][vc_column_text]<\/p>\n<h3 style=\"text-align: center;\"><a href=\"https:\/\/economice.valahia.ro\/wp-content\/uploads\/2026\/02\/FD_MK1-sem-2_Macroeconomie_2025-2026.pdf\" target=\"_blank\" rel=\"noopener\">Macroeconomie<\/a><\/h3>\n<h3 style=\"text-align: center;\"><a href=\"https:\/\/economice.valahia.ro\/wp-content\/uploads\/2026\/02\/FD_MK1-sem-2_IC_2025-2026.pdf\" target=\"_blank\" rel=\"noopener\">Introducere \u00een contabilitate<\/a><\/h3>\n<h3 style=\"text-align: center;\"><a href=\"https:\/\/economice.valahia.ro\/wp-content\/uploads\/2026\/02\/FD_MK-1-sem-2_TDBD_2025-2026.pdf\" target=\"_blank\" rel=\"noopener\">Tehnologii digitale \u0219i baze de date<\/a><\/h3>\n<h3 style=\"text-align: center;\"><a href=\"https:\/\/economice.valahia.ro\/wp-content\/uploads\/2026\/02\/FD_MK1-sem-2_SE._2025-2026.pdf\" target=\"_blank\" rel=\"noopener\">Statistic\u0103 economic\u0103<\/a><\/h3>\n<h3 style=\"text-align: center;\"><a href=\"https:\/\/economice.valahia.ro\/wp-content\/uploads\/2026\/02\/FD_MK1-sem-2_GC_2025-2026.pdf\" target=\"_blank\" rel=\"noopener\">Guvernan\u021b\u0103 corporativ\u0103, social\u0103 \u0219i de mediu<\/a><\/h3>\n<h3 style=\"text-align: center;\"><a href=\"https:\/\/economice.valahia.ro\/wp-content\/uploads\/2026\/02\/FD_MK1-sem-2-EA_2025-2026.pdf\" target=\"_blank\" rel=\"noopener\">Etic\u0103 \u00een afaceri<\/a><\/h3>\n<h3 style=\"text-align: center;\"><a href=\"https:\/\/economice.valahia.ro\/wp-content\/uploads\/2026\/02\/FD_MK1-SEM-2_LbE_2025-2026.pdf\" target=\"_blank\" rel=\"noopener\">Limba str\u0103in\u0103 \u00een afaceri II<\/a><\/h3>\n<h3 style=\"text-align: center;\"><a href=\"https:\/\/economice.valahia.ro\/wp-content\/uploads\/2026\/02\/FD_Mk-1-sem-2_EFS_2025-2026.pdf\" target=\"_blank\" rel=\"noopener\">Educa\u0163ie fizic\u0103 \u015fi sport<\/a><\/h3>\n<p>[\/vc_column_text][\/vc_column][\/vc_row]<\/p>\n","protected":false},"excerpt":{"rendered":"<p>[vc_row][vc_column][\/vc_column][\/vc_row][vc_row][vc_column][vc_text_separator title=&#8221;SEMESTRUL I&#8221; color=&#8221;orange&#8221;][\/vc_column][\/vc_row][vc_row][vc_column][vc_column_text] Microeconomie Matematici aplicate \u00een economie Dreptul afacerilor Dezvoltare durabil\u0103 Informatic\u0103 economic\u0103 Rela\u021bii economice interna\u021bionale Limba str\u0103in\u0103 \u00een afaceri I Educa\u0163ie fizic\u0103 \u015fi sport &nbsp;[\/vc_column_text][\/vc_column][\/vc_row][vc_row][vc_column][vc_text_separator title=&#8221;SEMESTRUL II&#8221; color=&#8221;orange&#8221;][vc_column_text] Macroeconomie Introducere \u00een contabilitate Tehnologii digitale \u0219i baze de date Statistic\u0103 economic\u0103 Guvernan\u021b\u0103 corporativ\u0103, social\u0103 \u0219i de mediu Etic\u0103 \u00een afaceri Limba str\u0103in\u0103 \u00een [&hellip;]<\/p>\n","protected":false},"author":1,"featured_media":0,"parent":0,"menu_order":0,"comment_status":"closed","ping_status":"closed","template":"","meta":{"footnotes":""},"class_list":["post-6847","page","type-page","status-publish","hentry"],"_links":{"self":[{"href":"https:\/\/economice.valahia.ro\/index.php?rest_route=\/wp\/v2\/pages\/6847","targetHints":{"allow":["GET"]}}],"collection":[{"href":"https:\/\/economice.valahia.ro\/index.php?rest_route=\/wp\/v2\/pages"}],"about":[{"href":"https:\/\/economice.valahia.ro\/index.php?rest_route=\/wp\/v2\/types\/page"}],"author":[{"embeddable":true,"href":"https:\/\/economice.valahia.ro\/index.php?rest_route=\/wp\/v2\/users\/1"}],"replies":[{"embeddable":true,"href":"https:\/\/economice.valahia.ro\/index.php?rest_route=%2Fwp%2Fv2%2Fcomments&post=6847"}],"version-history":[{"count":4,"href":"https:\/\/economice.valahia.ro\/index.php?rest_route=\/wp\/v2\/pages\/6847\/revisions"}],"predecessor-version":[{"id":11430,"href":"https:\/\/economice.valahia.ro\/index.php?rest_route=\/wp\/v2\/pages\/6847\/revisions\/11430"}],"wp:attachment":[{"href":"https:\/\/economice.valahia.ro\/index.php?rest_route=%2Fwp%2Fv2%2Fmedia&parent=6847"}],"curies":[{"name":"wp","href":"https:\/\/api.w.org\/{rel}","templated":true}]}}