{"id":6850,"date":"2021-11-02T22:09:33","date_gmt":"2021-11-02T22:09:33","guid":{"rendered":"https:\/\/economice.valahia.ro\/?page_id=6850"},"modified":"2026-02-17T01:44:48","modified_gmt":"2026-02-16T23:44:48","slug":"fisa-disciplinei-mk-2","status":"publish","type":"page","link":"https:\/\/economice.valahia.ro\/?page_id=6850","title":{"rendered":"Fisa disciplinei mk 2"},"content":{"rendered":"<p>[vc_row][vc_column]<h2 style=\"color:;\" class=\" ztl-accent-font ztl-center ztl-font-bold\">MARKETING - ANUL 2<\/h2>[\/vc_column][\/vc_row][vc_row][vc_column][vc_text_separator title=&#8221;SEMESTRUL I&#8221; color=&#8221;orange&#8221;][\/vc_column][\/vc_row][vc_row][vc_column][vc_column_text]<\/p>\n<h3 style=\"text-align: center;\"><a href=\"https:\/\/economice.valahia.ro\/wp-content\/uploads\/2026\/02\/FD_MK2-sem-1_MG_2025-2026.pdf\" target=\"_blank\" rel=\"noopener\">Management<\/a><\/h3>\n<h3 style=\"text-align: center;\"><a href=\"https:\/\/economice.valahia.ro\/wp-content\/uploads\/2026\/02\/FD_MK-2-sem-1_CF_2025-2026.pdf\" target=\"_blank\" rel=\"noopener\">Contabilitate financiar\u0103<\/a><\/h3>\n<h3 style=\"text-align: center;\"><a href=\"https:\/\/economice.valahia.ro\/wp-content\/uploads\/2026\/02\/FD_MK2-sem-1_FP_2025-2026.pdf\" target=\"_blank\" rel=\"noopener\">Finan\u0163e publice<\/a><\/h3>\n<h3 style=\"text-align: center;\"><a href=\"https:\/\/economice.valahia.ro\/wp-content\/uploads\/2026\/02\/FD_MK2-sem-1_MK_2025-2026.pdf\" target=\"_blank\" rel=\"noopener\">Marketing<\/a><\/h3>\n<h3 style=\"text-align: center;\"><a href=\"https:\/\/economice.valahia.ro\/wp-content\/uploads\/2026\/02\/FD_MK2-sem-1_Econometrie_2025-2026.pdf\" target=\"_blank\" rel=\"noopener\">Econometrie<\/a><\/h3>\n<h3 style=\"text-align: center;\"><a href=\"https:\/\/economice.valahia.ro\/wp-content\/uploads\/2026\/02\/FD_MK2-sem-1_CLbE_2025-2026.pdf\" target=\"_blank\" rel=\"noopener\">Comunicare \u00een limba englez\u0103<\/a><\/h3>\n<h3 style=\"text-align: center;\"><a href=\"https:\/\/economice.valahia.ro\/wp-content\/uploads\/2026\/02\/FD_MK2-sem-1_EFS_2025-2026.pdf\" target=\"_blank\" rel=\"noopener\">Educa\u0163ie fizic\u0103 \u015fi sport<\/a><\/h3>\n<p>[\/vc_column_text][\/vc_column][\/vc_row][vc_row][vc_column][vc_text_separator title=&#8221;SEMESTRUL II&#8221; color=&#8221;orange&#8221;][vc_column_text]<\/p>\n<h3 style=\"text-align: center;\"><a href=\"https:\/\/economice.valahia.ro\/wp-content\/uploads\/2026\/02\/FD_MK2-sem-2_CC_2025-2026.pdf\" target=\"_blank\" rel=\"noopener\">Comportamentul consumatorului<\/a><\/h3>\n<h3 style=\"text-align: center;\"><a href=\"https:\/\/economice.valahia.ro\/wp-content\/uploads\/2026\/02\/FD_MK2-sem-2_CMK_2025-2026.pdf\" target=\"_blank\" rel=\"noopener\">Cercet\u0103ri de marketing<\/a><\/h3>\n<h3 style=\"text-align: center;\"><a href=\"https:\/\/economice.valahia.ro\/wp-content\/uploads\/2026\/02\/FD_MK2-sem-2_Mk-IMM_2025-2026.pdf\" target=\"_blank\" rel=\"noopener\">Marketingul IMM<\/a><\/h3>\n<h3 style=\"text-align: center;\"><a href=\"https:\/\/economice.valahia.ro\/wp-content\/uploads\/2026\/02\/FD_MK2-sem-2_MRU_2025-2026.pdf\" target=\"_blank\" rel=\"noopener\">Managementul resurselor umane<\/a><\/h3>\n<h3 style=\"text-align: center;\"><a href=\"https:\/\/economice.valahia.ro\/wp-content\/uploads\/2026\/02\/FD_MK2-sem-2_Antreprenoriat_2025-2026.pdf\" target=\"_blank\" rel=\"noopener\">Antreprenoriat \u015fi gestiunea afacerilor<\/a><\/h3>\n<h3 style=\"text-align: center;\"><a href=\"https:\/\/economice.valahia.ro\/wp-content\/uploads\/2026\/02\/FD_MK2-sem-2_EIA_2025-2026.pdf\" target=\"_blank\" rel=\"noopener\">Etic\u0103 \u0219i integritate academic\u0103<\/a><\/h3>\n<h3 style=\"text-align: center;\"><a href=\"https:\/\/economice.valahia.ro\/wp-content\/uploads\/2026\/02\/FD_MK-2-sem-2_Practica_2025-2026.pdf\" target=\"_blank\" rel=\"noopener\">Practic\u0103<\/a><\/h3>\n<h3 style=\"text-align: center;\"><a href=\"https:\/\/economice.valahia.ro\/wp-content\/uploads\/2026\/02\/FD_MK2-sem-2_EFS_2025-2026.pdf\" target=\"_blank\" rel=\"noopener\">Educa\u0163ie fizic\u0103 \u015fi sport<\/a><\/h3>\n<p>[\/vc_column_text][\/vc_column][\/vc_row]<\/p>\n","protected":false},"excerpt":{"rendered":"<p>[vc_row][vc_column][\/vc_column][\/vc_row][vc_row][vc_column][vc_text_separator title=&#8221;SEMESTRUL I&#8221; color=&#8221;orange&#8221;][\/vc_column][\/vc_row][vc_row][vc_column][vc_column_text] Management Contabilitate financiar\u0103 Finan\u0163e publice Marketing Econometrie Comunicare \u00een limba englez\u0103 Educa\u0163ie fizic\u0103 \u015fi sport [\/vc_column_text][\/vc_column][\/vc_row][vc_row][vc_column][vc_text_separator title=&#8221;SEMESTRUL II&#8221; color=&#8221;orange&#8221;][vc_column_text] Comportamentul consumatorului Cercet\u0103ri de marketing Marketingul IMM Managementul resurselor umane Antreprenoriat \u015fi gestiunea afacerilor Etic\u0103 \u0219i integritate academic\u0103 Practic\u0103 Educa\u0163ie fizic\u0103 \u015fi sport [\/vc_column_text][\/vc_column][\/vc_row]<\/p>\n","protected":false},"author":1,"featured_media":0,"parent":0,"menu_order":0,"comment_status":"closed","ping_status":"closed","template":"","meta":{"footnotes":""},"class_list":["post-6850","page","type-page","status-publish","hentry"],"_links":{"self":[{"href":"https:\/\/economice.valahia.ro\/index.php?rest_route=\/wp\/v2\/pages\/6850","targetHints":{"allow":["GET"]}}],"collection":[{"href":"https:\/\/economice.valahia.ro\/index.php?rest_route=\/wp\/v2\/pages"}],"about":[{"href":"https:\/\/economice.valahia.ro\/index.php?rest_route=\/wp\/v2\/types\/page"}],"author":[{"embeddable":true,"href":"https:\/\/economice.valahia.ro\/index.php?rest_route=\/wp\/v2\/users\/1"}],"replies":[{"embeddable":true,"href":"https:\/\/economice.valahia.ro\/index.php?rest_route=%2Fwp%2Fv2%2Fcomments&post=6850"}],"version-history":[{"count":8,"href":"https:\/\/economice.valahia.ro\/index.php?rest_route=\/wp\/v2\/pages\/6850\/revisions"}],"predecessor-version":[{"id":11433,"href":"https:\/\/economice.valahia.ro\/index.php?rest_route=\/wp\/v2\/pages\/6850\/revisions\/11433"}],"wp:attachment":[{"href":"https:\/\/economice.valahia.ro\/index.php?rest_route=%2Fwp%2Fv2%2Fmedia&parent=6850"}],"curies":[{"name":"wp","href":"https:\/\/api.w.org\/{rel}","templated":true}]}}