{"id":6853,"date":"2021-11-02T22:10:02","date_gmt":"2021-11-02T22:10:02","guid":{"rendered":"https:\/\/economice.valahia.ro\/?page_id=6853"},"modified":"2026-02-17T02:00:24","modified_gmt":"2026-02-17T00:00:24","slug":"fisa-disciplinei-mk-3","status":"publish","type":"page","link":"https:\/\/economice.valahia.ro\/?page_id=6853","title":{"rendered":"Fisa disciplinei mk 3"},"content":{"rendered":"<p>[vc_row][vc_column]<h2 style=\"color:;\" class=\" ztl-accent-font ztl-center ztl-font-normal\">MARKETING - ANUL 3<\/h2>[\/vc_column][\/vc_row][vc_row][vc_column][vc_text_separator title=&#8221;SEMESTRUL I&#8221; color=&#8221;orange&#8221;][\/vc_column][\/vc_row][vc_row][vc_column][vc_column_text]<\/p>\n<h3 style=\"text-align: center;\"><a href=\"https:\/\/economice.valahia.ro\/wp-content\/uploads\/2026\/02\/FD_MK3-sem-1_MkD_2025-2026.pdf\" target=\"_blank\" rel=\"noopener\">Marketing direct<\/a><\/h3>\n<h3 style=\"text-align: center;\"><a href=\"https:\/\/economice.valahia.ro\/wp-content\/uploads\/2026\/02\/FD_MK3-sem-1_DM_2025-2026.pdf\" target=\"_blank\" rel=\"noopener\">Distribu\u0163ie \u015fi merchandising<\/a><\/h3>\n<h3 style=\"text-align: center;\"><a href=\"https:\/\/economice.valahia.ro\/wp-content\/uploads\/2026\/02\/FD_MK3-sem-1_Analiza-SPSS_2025-2026.pdf\" target=\"_blank\" rel=\"noopener\">Analiza informa\u0163iilor utiliz\u00e2nd SPSS<\/a><\/h3>\n<h3 style=\"text-align: center;\"><a href=\"https:\/\/economice.valahia.ro\/wp-content\/uploads\/2026\/02\/FD_MK3-sem-1_MkA_2025-2026.pdf\" target=\"_blank\" rel=\"noopener\">Marketing agroalimentar<\/a><\/h3>\n<h3 style=\"text-align: center;\"><a href=\"https:\/\/economice.valahia.ro\/wp-content\/uploads\/2026\/02\/FD_MK3-sem-1_MkT_2025-2026.pdf\" target=\"_blank\" rel=\"noopener\">Marketing turistic<\/a><\/h3>\n<h3 style=\"text-align: center;\"><a href=\"https:\/\/economice.valahia.ro\/wp-content\/uploads\/2026\/02\/FD_MK3-sem-1_BtoB_2025-2026.pdf\" target=\"_blank\" rel=\"noopener\">Business to business marketing<\/a><\/h3>\n<h3 style=\"text-align: center;\"><a href=\"https:\/\/economice.valahia.ro\/wp-content\/uploads\/2026\/02\/FD_MK3-sem-1_PC_2025-2026.pdf\" target=\"_blank\" rel=\"noopener\">Protec\u021bia consumatorului<\/a><\/h3>\n<p>[\/vc_column_text][\/vc_column][\/vc_row][vc_row][vc_column][vc_text_separator title=&#8221;SEMESTRUL II&#8221; color=&#8221;orange&#8221;][vc_column_text]<\/p>\n<h3 style=\"text-align: center;\"><a href=\"https:\/\/economice.valahia.ro\/wp-content\/uploads\/2026\/02\/FD_MK3-sem-2_MGRC_2025-2026.pdf\" target=\"_blank\" rel=\"noopener\">Managementul rela\u0163iilor cu clien\u0163ii<\/a><\/h3>\n<h3 style=\"text-align: center;\"><a href=\"https:\/\/economice.valahia.ro\/wp-content\/uploads\/2026\/02\/FD_MK3-sem-2_AEM_2025-2026.pdf\" target=\"_blank\" rel=\"noopener\">Analiz\u0103 economic\u0103 \u00een marketing<\/a><\/h3>\n<h3 style=\"text-align: center;\"><a href=\"https:\/\/economice.valahia.ro\/wp-content\/uploads\/2026\/02\/FD_MK3-sem-2_Proiecte-Mk_2025-2026.pdf\" target=\"_blank\" rel=\"noopener\">Proiecte de marketing<\/a><\/h3>\n<h3 style=\"text-align: center;\"><a href=\"https:\/\/economice.valahia.ro\/wp-content\/uploads\/2026\/02\/FD_MK3-sem-2_MkS_2025-2026.pdf\" target=\"_blank\" rel=\"noopener\">Marketingul serviciilor<\/a><\/h3>\n<h3 style=\"text-align: center;\"><a href=\"https:\/\/economice.valahia.ro\/wp-content\/uploads\/2026\/02\/FD_MK3-sem-2_SMK_2025-2026.pdf\" target=\"_blank\" rel=\"noopener\">Simul\u0103ri de marketing<\/a><\/h3>\n<h3 style=\"text-align: center;\"><a href=\"https:\/\/economice.valahia.ro\/wp-content\/uploads\/2026\/02\/FD_MK3-sem-2_TP_2025-2026.pdf\" target=\"_blank\" rel=\"noopener\">Tehnici promo\u0163ionale<\/a><\/h3>\n<h3 style=\"text-align: center;\"><a href=\"https:\/\/economice.valahia.ro\/wp-content\/uploads\/2026\/02\/FD_MK3-sem-2-MKSP_2025-2026.pdf\" target=\"_blank\" rel=\"noopener\">Marketing social-politic<\/a><\/h3>\n<h3 style=\"text-align: center;\">Elaborarea lucr\u0103rii de licen\u0163\u0103<\/h3>\n<p>[\/vc_column_text][\/vc_column][\/vc_row]<\/p>\n","protected":false},"excerpt":{"rendered":"<p>[vc_row][vc_column][\/vc_column][\/vc_row][vc_row][vc_column][vc_text_separator title=&#8221;SEMESTRUL I&#8221; color=&#8221;orange&#8221;][\/vc_column][\/vc_row][vc_row][vc_column][vc_column_text] Marketing direct Distribu\u0163ie \u015fi merchandising Analiza informa\u0163iilor utiliz\u00e2nd SPSS Marketing agroalimentar Marketing turistic Business to business marketing Protec\u021bia consumatorului [\/vc_column_text][\/vc_column][\/vc_row][vc_row][vc_column][vc_text_separator title=&#8221;SEMESTRUL II&#8221; color=&#8221;orange&#8221;][vc_column_text] Managementul rela\u0163iilor cu clien\u0163ii Analiz\u0103 economic\u0103 \u00een marketing Proiecte de marketing Marketingul serviciilor Simul\u0103ri de marketing Tehnici promo\u0163ionale Marketing social-politic Elaborarea lucr\u0103rii de licen\u0163\u0103 [\/vc_column_text][\/vc_column][\/vc_row]<\/p>\n","protected":false},"author":1,"featured_media":0,"parent":0,"menu_order":0,"comment_status":"closed","ping_status":"closed","template":"","meta":{"footnotes":""},"class_list":["post-6853","page","type-page","status-publish","hentry"],"_links":{"self":[{"href":"https:\/\/economice.valahia.ro\/index.php?rest_route=\/wp\/v2\/pages\/6853","targetHints":{"allow":["GET"]}}],"collection":[{"href":"https:\/\/economice.valahia.ro\/index.php?rest_route=\/wp\/v2\/pages"}],"about":[{"href":"https:\/\/economice.valahia.ro\/index.php?rest_route=\/wp\/v2\/types\/page"}],"author":[{"embeddable":true,"href":"https:\/\/economice.valahia.ro\/index.php?rest_route=\/wp\/v2\/users\/1"}],"replies":[{"embeddable":true,"href":"https:\/\/economice.valahia.ro\/index.php?rest_route=%2Fwp%2Fv2%2Fcomments&post=6853"}],"version-history":[{"count":5,"href":"https:\/\/economice.valahia.ro\/index.php?rest_route=\/wp\/v2\/pages\/6853\/revisions"}],"predecessor-version":[{"id":11434,"href":"https:\/\/economice.valahia.ro\/index.php?rest_route=\/wp\/v2\/pages\/6853\/revisions\/11434"}],"wp:attachment":[{"href":"https:\/\/economice.valahia.ro\/index.php?rest_route=%2Fwp%2Fv2%2Fmedia&parent=6853"}],"curies":[{"name":"wp","href":"https:\/\/api.w.org\/{rel}","templated":true}]}}