{"id":6856,"date":"2021-11-02T22:10:47","date_gmt":"2021-11-02T22:10:47","guid":{"rendered":"https:\/\/economice.valahia.ro\/?page_id=6856"},"modified":"2026-02-20T00:37:17","modified_gmt":"2026-02-19T22:37:17","slug":"fisa-disciplinei-ects-1","status":"publish","type":"page","link":"https:\/\/economice.valahia.ro\/?page_id=6856","title":{"rendered":"Fisa disciplinei ects 1"},"content":{"rendered":"<p>[vc_row][vc_column]<h2 style=\"color:;\" class=\" ztl-accent-font ztl-center ztl-font-bold\">ECONOMIA COMER\u021aULUI, TURISMULUI \u0218I SERVICIILOR - ANUL I<\/h2>[vc_column_text]<\/p>\n<h3 style=\"text-align: center;\"><strong>fi\u0219e disciplin\u0103<\/strong><\/h3>\n<p>[\/vc_column_text][\/vc_column][\/vc_row][vc_row][vc_column][vc_text_separator title=&#8221;SEMESTRUL I&#8221; color=&#8221;orange&#8221;][\/vc_column][\/vc_row][vc_row][vc_column][vc_column_text]<\/p>\n<h3 style=\"text-align: center;\"><a href=\"https:\/\/economice.valahia.ro\/wp-content\/uploads\/2026\/02\/FD_ECTS1SEM1_MICRO_2025_2026.pdf\" target=\"_blank\" rel=\"noopener\">Microeconomie<\/a><\/h3>\n<h3 style=\"text-align: center;\"><a href=\"https:\/\/economice.valahia.ro\/wp-content\/uploads\/2026\/02\/FD_ECTS1-SEM-1_MATE_2025-2026.pdf\" target=\"_blank\" rel=\"noopener\">Matematici aplicate \u00een economie<\/a><\/h3>\n<h3 style=\"text-align: center;\"><a href=\"https:\/\/economice.valahia.ro\/wp-content\/uploads\/2026\/02\/FD_ECTS-1-SEM-1_DREPT_2025-2026.pdf\" target=\"_blank\" rel=\"noopener\">Dreptul afacerilor<\/a><\/h3>\n<h3 style=\"text-align: center;\"><a href=\"https:\/\/economice.valahia.ro\/wp-content\/uploads\/2026\/02\/FD_ECTS1-SEM-1_-DD_2025-2026.pdf\" target=\"_blank\" rel=\"noopener\">Dezvoltare durabil\u0103<\/a><\/h3>\n<h3 style=\"text-align: center;\"><a href=\"https:\/\/economice.valahia.ro\/wp-content\/uploads\/2026\/02\/FD_ECTS1-SEM-1_INF-EC_2025-2026.pdf\" target=\"_blank\" rel=\"noopener\">Informatic\u0103 economic\u0103<\/a><\/h3>\n<h3 style=\"text-align: center;\"><a href=\"https:\/\/economice.valahia.ro\/wp-content\/uploads\/2026\/02\/FD_ECTS1-SEM-1_REI_2025-2026.pdf\" target=\"_blank\" rel=\"noopener\">Rela\u021bii economice interna\u021bionale<\/a><\/h3>\n<h3 style=\"text-align: center;\"><a href=\"https:\/\/economice.valahia.ro\/wp-content\/uploads\/2026\/02\/FD_ECTS-1-sem-1_LbE_2025-2026.pdf\" target=\"_blank\" rel=\"noopener\">Limba str\u0103in\u0103 \u00een afaceri I &#8211; englez\u0103<\/a><\/h3>\n<h3 style=\"text-align: center;\"><a href=\"https:\/\/economice.valahia.ro\/wp-content\/uploads\/2026\/02\/FD_ECTS1-sem-1_EFS_2025-2026.pdf\" target=\"_blank\" rel=\"noopener\">Educa\u0163ie fizic\u0103 \u015fi sport<\/a><\/h3>\n<p>[\/vc_column_text][\/vc_column][\/vc_row][vc_row][vc_column][vc_text_separator title=&#8221;SEMESTRUL II&#8221; color=&#8221;orange&#8221;][vc_column_text]<\/p>\n<h3 style=\"text-align: center;\"><a href=\"https:\/\/economice.valahia.ro\/wp-content\/uploads\/2026\/02\/FD_Macro_ECTS-1_Sem-1_2025-2026.pdf\" target=\"_blank\" rel=\"noopener\">Macroeconomie<\/a><\/h3>\n<h3 style=\"text-align: center;\"><a href=\"https:\/\/economice.valahia.ro\/wp-content\/uploads\/2026\/02\/FD_ECTS1-SEM-2_INTRODUCERE-CONTA_2025-2026.pdf\" target=\"_blank\" rel=\"noopener\">Introducere \u00een contabilitate<\/a><\/h3>\n<h3 style=\"text-align: center;\"><a href=\"https:\/\/economice.valahia.ro\/wp-content\/uploads\/2026\/02\/FD_ECTS1-sem-2_TDBD_2025-2026.pdf\" target=\"_blank\" rel=\"noopener\">Tehnologii digitale \u0219i baze de date<\/a><\/h3>\n<h3 style=\"text-align: center;\"><a href=\"https:\/\/economice.valahia.ro\/wp-content\/uploads\/2026\/02\/FD_ECTS-1-_SEM-2_STATISTICA_2025-2026.pdf\" target=\"_blank\" rel=\"noopener\">Statistic\u0103 economic\u0103<\/a><\/h3>\n<h3 style=\"text-align: center;\"><a href=\"https:\/\/economice.valahia.ro\/wp-content\/uploads\/2026\/02\/FD_ECTS1-SEM-2_GEOPOLITICA_2025-2026.pdf\" target=\"_blank\" rel=\"noopener\">Geopolitic\u0103<\/a><\/h3>\n<h3 style=\"text-align: center;\"><a href=\"https:\/\/economice.valahia.ro\/wp-content\/uploads\/2026\/02\/FD_ECTS-1_-SEM-2_LbE_2025-2026.pdf\" target=\"_blank\" rel=\"noopener\">Limba str\u0103in\u0103 \u00een afaceri II &#8211; englez\u0103<\/a><\/h3>\n<h3 style=\"text-align: center;\"><a href=\"https:\/\/economice.valahia.ro\/wp-content\/uploads\/2026\/02\/FD_ECTS-1-sem-2_EFS_2025-2026.pdf\" target=\"_blank\" rel=\"noopener\">Educa\u0163ie fizic\u0103 \u015fi sport<\/a><\/h3>\n<p>[\/vc_column_text][\/vc_column][\/vc_row]<\/p>\n","protected":false},"excerpt":{"rendered":"<p>[vc_row][vc_column][vc_column_text] fi\u0219e disciplin\u0103 [\/vc_column_text][\/vc_column][\/vc_row][vc_row][vc_column][vc_text_separator title=&#8221;SEMESTRUL I&#8221; color=&#8221;orange&#8221;][\/vc_column][\/vc_row][vc_row][vc_column][vc_column_text] Microeconomie Matematici aplicate \u00een economie Dreptul afacerilor Dezvoltare durabil\u0103 Informatic\u0103 economic\u0103 Rela\u021bii economice interna\u021bionale Limba str\u0103in\u0103 \u00een afaceri I &#8211; englez\u0103 Educa\u0163ie fizic\u0103 \u015fi sport [\/vc_column_text][\/vc_column][\/vc_row][vc_row][vc_column][vc_text_separator title=&#8221;SEMESTRUL II&#8221; color=&#8221;orange&#8221;][vc_column_text] Macroeconomie Introducere \u00een contabilitate Tehnologii digitale \u0219i baze de date Statistic\u0103 economic\u0103 Geopolitic\u0103 Limba str\u0103in\u0103 \u00een afaceri II &#8211; [&hellip;]<\/p>\n","protected":false},"author":1,"featured_media":0,"parent":0,"menu_order":0,"comment_status":"closed","ping_status":"closed","template":"","meta":{"footnotes":""},"class_list":["post-6856","page","type-page","status-publish","hentry"],"_links":{"self":[{"href":"https:\/\/economice.valahia.ro\/index.php?rest_route=\/wp\/v2\/pages\/6856","targetHints":{"allow":["GET"]}}],"collection":[{"href":"https:\/\/economice.valahia.ro\/index.php?rest_route=\/wp\/v2\/pages"}],"about":[{"href":"https:\/\/economice.valahia.ro\/index.php?rest_route=\/wp\/v2\/types\/page"}],"author":[{"embeddable":true,"href":"https:\/\/economice.valahia.ro\/index.php?rest_route=\/wp\/v2\/users\/1"}],"replies":[{"embeddable":true,"href":"https:\/\/economice.valahia.ro\/index.php?rest_route=%2Fwp%2Fv2%2Fcomments&post=6856"}],"version-history":[{"count":12,"href":"https:\/\/economice.valahia.ro\/index.php?rest_route=\/wp\/v2\/pages\/6856\/revisions"}],"predecessor-version":[{"id":11510,"href":"https:\/\/economice.valahia.ro\/index.php?rest_route=\/wp\/v2\/pages\/6856\/revisions\/11510"}],"wp:attachment":[{"href":"https:\/\/economice.valahia.ro\/index.php?rest_route=%2Fwp%2Fv2%2Fmedia&parent=6856"}],"curies":[{"name":"wp","href":"https:\/\/api.w.org\/{rel}","templated":true}]}}