{"id":6859,"date":"2021-11-02T22:11:10","date_gmt":"2021-11-02T22:11:10","guid":{"rendered":"https:\/\/economice.valahia.ro\/?page_id=6859"},"modified":"2026-02-20T01:23:48","modified_gmt":"2026-02-19T23:23:48","slug":"fisa-disciplinei-ects-2","status":"publish","type":"page","link":"https:\/\/economice.valahia.ro\/?page_id=6859","title":{"rendered":"Fisa disciplinei ects 2"},"content":{"rendered":"<p>[vc_row][vc_column]<h2 style=\"color:;\" class=\" ztl-accent-font ztl-center ztl-font-bold\">ECONOMIA COMER\u021aULUI, TURISMULUI \u0218I SERVICIILOR - ANUL II<\/h2>[vc_column_text]<\/p>\n<h3 style=\"text-align: center;\"><strong>fi\u0219e disciplin\u0103<\/strong><\/h3>\n<p>[\/vc_column_text][\/vc_column][\/vc_row][vc_row][vc_column][vc_text_separator title=&#8221;SEMESTRUL I&#8221; color=&#8221;orange&#8221;][\/vc_column][\/vc_row][vc_row][vc_column][vc_column_text]<\/p>\n<h3 style=\"text-align: center;\"><a href=\"https:\/\/economice.valahia.ro\/wp-content\/uploads\/2026\/02\/FD_ECTS_SEM1_MANAGEMENT_2025-2026.pdf\" target=\"_blank\" rel=\"noopener\">Management<\/a><\/h3>\n<h3 style=\"text-align: center;\"><a href=\"https:\/\/economice.valahia.ro\/wp-content\/uploads\/2026\/02\/FD_ECTS2_SEM2_CONTAB-MG_2025-2026.pdf\" target=\"_blank\" rel=\"noopener\">Contabilitate managerial\u0103<\/a><\/h3>\n<h3 style=\"text-align: center;\"><a href=\"https:\/\/economice.valahia.ro\/wp-content\/uploads\/2026\/02\/FD_ECTS2_-SEM-1_FINANTE-PUBLICE_2025-2026.pdf\" target=\"_blank\" rel=\"noopener\">Finan\u0163e publice<\/a><\/h3>\n<h3 style=\"text-align: center;\"><a href=\"https:\/\/economice.valahia.ro\/wp-content\/uploads\/2026\/02\/FD_ECTS_SEM1_MARKETING_2025-2026.pdf\" target=\"_blank\" rel=\"noopener\">Marketing<\/a><\/h3>\n<h3 style=\"text-align: center;\"><a href=\"https:\/\/economice.valahia.ro\/wp-content\/uploads\/2026\/02\/FD_ECTS2_SEM-1_ECONOMETRIE_2025-2026.pdf\" target=\"_blank\" rel=\"noopener\">Econometrie<\/a><\/h3>\n<h3 style=\"text-align: center;\"><a href=\"https:\/\/economice.valahia.ro\/wp-content\/uploads\/2026\/02\/FD_ECTS2_SEM-1_COM-ENG_2025-2026.pdf\">Comunicare \u00een limba englez\u0103<\/a><\/h3>\n<h3 style=\"text-align: center;\"><a href=\"https:\/\/economice.valahia.ro\/wp-content\/uploads\/2026\/02\/FD_ECTS2-sem-1_EFS_2025-2026.pdf\" target=\"_blank\" rel=\"noopener\">Educa\u0163ie fizic\u0103 \u015fi sport<\/a><\/h3>\n<p>[\/vc_column_text][\/vc_column][\/vc_row][vc_row][vc_column][vc_text_separator title=&#8221;SEMESTRUL II&#8221; color=&#8221;orange&#8221;][vc_column_text]<\/p>\n<h3 style=\"text-align: center;\"><a href=\"https:\/\/economice.valahia.ro\/wp-content\/uploads\/2026\/02\/FD_ECTS2_SEM-2_MRF_2025-2026.pdf\" target=\"_blank\" rel=\"noopener\">Managementul rela\u0163iei cu furnizorii<\/a><\/h3>\n<h3 style=\"text-align: center;\"><a href=\"https:\/\/economice.valahia.ro\/wp-content\/uploads\/2026\/02\/FD_ECTS2_SEM2_MRU_2025-2026.pdf\" target=\"_blank\" rel=\"noopener\">Managementul resurselor umane<\/a><\/h3>\n<h3 style=\"text-align: center;\"><a href=\"https:\/\/economice.valahia.ro\/wp-content\/uploads\/2026\/02\/FD_ECTS2_SEM-2_EC-SERV_2025-2026.pdf\" target=\"_blank\" rel=\"noopener\">Economie \u00een servicii<\/a><\/h3>\n<h3 style=\"text-align: center;\"><a href=\"https:\/\/economice.valahia.ro\/wp-content\/uploads\/2026\/02\/FD_ECTS2_SEM-2_COMUNICARE_2025-2026.pdf\" target=\"_blank\" rel=\"noopener\">Comunicare \u015fi rela\u0163ii publice \u00een afaceri<\/a><\/h3>\n<h3 style=\"text-align: center;\"><a href=\"https:\/\/economice.valahia.ro\/wp-content\/uploads\/2026\/02\/FD_ECTS2_SEM2_-ANTREPRENORIAT_2025-2026.pdf\" target=\"_blank\" rel=\"noopener\">Antreprenoriat \u015fi gestiunea afacerilor<\/a><\/h3>\n<h3 style=\"text-align: center;\"><a href=\"https:\/\/economice.valahia.ro\/wp-content\/uploads\/2026\/02\/FD_ECTS2_SEM2_ETICA_2025-2026.pdf\">Etic\u0103 \u0219i integritate academic\u0103<\/a><\/h3>\n<h3 style=\"text-align: center;\"><a href=\"https:\/\/economice.valahia.ro\/wp-content\/uploads\/2026\/02\/FD_ECTS2_SEM2_CORESP-ENGLEZA_2025-2026.pdf\">Coresponden\u021b\u0103 \u00een limba englez\u0103<\/a><\/h3>\n<h3 style=\"text-align: center;\"><a href=\"https:\/\/economice.valahia.ro\/wp-content\/uploads\/2026\/02\/FD_ECTS-2-sem-2_Practica_2025-2026-1.pdf\" target=\"_blank\" rel=\"noopener\">Practic\u0103<\/a><\/h3>\n<h3 style=\"text-align: center;\"><a href=\"https:\/\/economice.valahia.ro\/wp-content\/uploads\/2026\/02\/FD_ECTS2_-sem-2_EFS_2025-2026.pdf\" target=\"_blank\" rel=\"noopener\">Educa\u0163ie fizic\u0103 \u015fi sport<\/a><\/h3>\n<p>[\/vc_column_text][\/vc_column][\/vc_row]<\/p>\n","protected":false},"excerpt":{"rendered":"<p>[vc_row][vc_column][vc_column_text] fi\u0219e disciplin\u0103 [\/vc_column_text][\/vc_column][\/vc_row][vc_row][vc_column][vc_text_separator title=&#8221;SEMESTRUL I&#8221; color=&#8221;orange&#8221;][\/vc_column][\/vc_row][vc_row][vc_column][vc_column_text] Management Contabilitate managerial\u0103 Finan\u0163e publice Marketing Econometrie Comunicare \u00een limba englez\u0103 Educa\u0163ie fizic\u0103 \u015fi sport [\/vc_column_text][\/vc_column][\/vc_row][vc_row][vc_column][vc_text_separator title=&#8221;SEMESTRUL II&#8221; color=&#8221;orange&#8221;][vc_column_text] Managementul rela\u0163iei cu furnizorii Managementul resurselor umane Economie \u00een servicii Comunicare \u015fi rela\u0163ii publice \u00een afaceri Antreprenoriat \u015fi gestiunea afacerilor Etic\u0103 \u0219i integritate academic\u0103 Coresponden\u021b\u0103 \u00een limba englez\u0103 Practic\u0103 [&hellip;]<\/p>\n","protected":false},"author":1,"featured_media":0,"parent":0,"menu_order":0,"comment_status":"closed","ping_status":"closed","template":"","meta":{"footnotes":""},"class_list":["post-6859","page","type-page","status-publish","hentry"],"_links":{"self":[{"href":"https:\/\/economice.valahia.ro\/index.php?rest_route=\/wp\/v2\/pages\/6859","targetHints":{"allow":["GET"]}}],"collection":[{"href":"https:\/\/economice.valahia.ro\/index.php?rest_route=\/wp\/v2\/pages"}],"about":[{"href":"https:\/\/economice.valahia.ro\/index.php?rest_route=\/wp\/v2\/types\/page"}],"author":[{"embeddable":true,"href":"https:\/\/economice.valahia.ro\/index.php?rest_route=\/wp\/v2\/users\/1"}],"replies":[{"embeddable":true,"href":"https:\/\/economice.valahia.ro\/index.php?rest_route=%2Fwp%2Fv2%2Fcomments&post=6859"}],"version-history":[{"count":9,"href":"https:\/\/economice.valahia.ro\/index.php?rest_route=\/wp\/v2\/pages\/6859\/revisions"}],"predecessor-version":[{"id":11528,"href":"https:\/\/economice.valahia.ro\/index.php?rest_route=\/wp\/v2\/pages\/6859\/revisions\/11528"}],"wp:attachment":[{"href":"https:\/\/economice.valahia.ro\/index.php?rest_route=%2Fwp%2Fv2%2Fmedia&parent=6859"}],"curies":[{"name":"wp","href":"https:\/\/api.w.org\/{rel}","templated":true}]}}