{"id":6862,"date":"2021-11-02T22:11:32","date_gmt":"2021-11-02T22:11:32","guid":{"rendered":"https:\/\/economice.valahia.ro\/?page_id=6862"},"modified":"2026-02-20T01:49:29","modified_gmt":"2026-02-19T23:49:29","slug":"fisa-disciplinei-ects-3","status":"publish","type":"page","link":"https:\/\/economice.valahia.ro\/?page_id=6862","title":{"rendered":"Fisa disciplinei ects 3"},"content":{"rendered":"<p>[vc_row][vc_column]<h2 style=\"color:;\" class=\" ztl-accent-font ztl-center ztl-font-bold\">ECONOMIA COMER\u021aULUI, TURISMULUI \u0218I SERVICIILOR - ANUL III<\/h2>[vc_column_text]<\/p>\n<h3 style=\"text-align: center;\"><strong>fi\u0219e disciplin\u0103<\/strong><\/h3>\n<p>[\/vc_column_text][\/vc_column][\/vc_row][vc_row][vc_column][vc_text_separator title=&#8221;SEMESTRUL I&#8221; color=&#8221;orange&#8221;][\/vc_column][\/vc_row][vc_row][vc_column][vc_column_text]<\/p>\n<h3 style=\"text-align: center;\"><a href=\"https:\/\/economice.valahia.ro\/wp-content\/uploads\/2026\/02\/FD_ECTS3_SEM1_TRANZACTII-COMERCIALE_2025-2026.pdf\" target=\"_blank\" rel=\"noopener\">Tranzac\u0163ii comerciale<\/a><\/h3>\n<h3 style=\"text-align: center;\"><a href=\"https:\/\/economice.valahia.ro\/wp-content\/uploads\/2026\/02\/FD_ECTS3_SEM1_SERVICII-SI-UTILITATI_2025-2026.pdf\" target=\"_blank\" rel=\"noopener\">Servicii \u015fi utilit\u0103\u0163i publice<\/a><\/h3>\n<h3 style=\"text-align: center;\"><a href=\"https:\/\/economice.valahia.ro\/wp-content\/uploads\/2026\/02\/FD_ECTS3_SEM1_LOGISTICA_2025-2026.pdf\" target=\"_blank\" rel=\"noopener\">Logistica \u015fi distribu\u0163ia m\u0103rfurilor<\/a><\/h3>\n<h3 style=\"text-align: center;\"><a href=\"https:\/\/economice.valahia.ro\/wp-content\/uploads\/2026\/02\/FD_ESTS3_SEM1_CERCETARI-DE-MK_2025-2026.pdf\" target=\"_blank\" rel=\"noopener\">Cercet\u0103ri de marketing<\/a><\/h3>\n<h3 style=\"text-align: center;\"><a href=\"https:\/\/economice.valahia.ro\/wp-content\/uploads\/2026\/02\/FD_ECTS3_SEM1_MARKETING-TURISTIC-_2025-2026.pdf\" target=\"_blank\" rel=\"noopener\">Marketing \u00een turism<\/a><\/h3>\n<h3 style=\"text-align: center;\"><a href=\"https:\/\/economice.valahia.ro\/wp-content\/uploads\/2026\/02\/FD_ECTS3_SEM1_COMPORTAMENTUL-CONS_2025-2026.pdf\" target=\"_blank\" rel=\"noopener\">Comportamentul consumatorului<\/a><\/h3>\n<p>[\/vc_column_text][\/vc_column][\/vc_row][vc_row][vc_column][vc_text_separator title=&#8221;SEMESTRUL II&#8221; color=&#8221;orange&#8221;][vc_column_text]<\/p>\n<h3 style=\"text-align: center;\"><a href=\"https:\/\/economice.valahia.ro\/wp-content\/uploads\/2026\/02\/FD_ECTS3_SEM2_ECOTURISM_2025-2026.pdf\" target=\"_blank\" rel=\"noopener\">Ecoturism \u015fi turism rural<\/a><\/h3>\n<h3 style=\"text-align: center;\"><a href=\"https:\/\/economice.valahia.ro\/wp-content\/uploads\/2026\/02\/FD_ECTS3_SEM2_Analiza-economico-financiara_2025-2026.pdf\" target=\"_blank\" rel=\"noopener\">Analiza economico-financiar\u0103 \u00een servicii<\/a><\/h3>\n<h3 style=\"text-align: center;\"><a href=\"https:\/\/economice.valahia.ro\/wp-content\/uploads\/2026\/02\/FD_ECTS3_SEM2_ECONOMIE-IN-TURISM_2025-2026.pdf\" target=\"_blank\" rel=\"noopener\">Economie \u00een turism<\/a><\/h3>\n<h3 style=\"text-align: center;\"><a href=\"https:\/\/economice.valahia.ro\/wp-content\/uploads\/2026\/02\/FD_ECTS3_SEM2_ETICACTS_2025-2026.pdf\" target=\"_blank\" rel=\"noopener\">Etic\u0103 \u00een comer\u021b, turism \u0219i servicii<\/a><\/h3>\n<h3 style=\"text-align: center;\"><a href=\"https:\/\/economice.valahia.ro\/wp-content\/uploads\/2026\/02\/FD_ECTS3_SEM2_PROIECTE-EC_2025-2026.pdf\" target=\"_blank\" rel=\"noopener\">Proiecte economice \u015fi jocuri de \u00eentreprindere<\/a><\/h3>\n<h3 style=\"text-align: center;\"><a href=\"https:\/\/economice.valahia.ro\/wp-content\/uploads\/2026\/02\/FD_ECTS3_SEM2_MARKETINGUL-SERVICIILOR_2025-2026.pdf\" target=\"_blank\" rel=\"noopener\">Marketingul serviciilor<\/a><\/h3>\n<h3 style=\"text-align: center;\"><a href=\"https:\/\/economice.valahia.ro\/wp-content\/uploads\/2026\/02\/FD_ECTS3_SEM-2_TEHNICI-PROMOTIONALE_2025-2026.pdf\" target=\"_blank\" rel=\"noopener\">Tehnici promo\u021bionale<\/a><\/h3>\n<h3 style=\"text-align: center;\">Elaborarea lucr\u0103rii de licen\u0163\u0103<\/h3>\n<p>[\/vc_column_text][\/vc_column][\/vc_row]<\/p>\n","protected":false},"excerpt":{"rendered":"<p>[vc_row][vc_column][vc_column_text] fi\u0219e disciplin\u0103 [\/vc_column_text][\/vc_column][\/vc_row][vc_row][vc_column][vc_text_separator title=&#8221;SEMESTRUL I&#8221; color=&#8221;orange&#8221;][\/vc_column][\/vc_row][vc_row][vc_column][vc_column_text] Tranzac\u0163ii comerciale Servicii \u015fi utilit\u0103\u0163i publice Logistica \u015fi distribu\u0163ia m\u0103rfurilor Cercet\u0103ri de marketing Marketing \u00een turism Comportamentul consumatorului [\/vc_column_text][\/vc_column][\/vc_row][vc_row][vc_column][vc_text_separator title=&#8221;SEMESTRUL II&#8221; color=&#8221;orange&#8221;][vc_column_text] Ecoturism \u015fi turism rural Analiza economico-financiar\u0103 \u00een servicii Economie \u00een turism Etic\u0103 \u00een comer\u021b, turism \u0219i servicii Proiecte economice \u015fi jocuri de \u00eentreprindere Marketingul serviciilor Tehnici [&hellip;]<\/p>\n","protected":false},"author":1,"featured_media":0,"parent":0,"menu_order":0,"comment_status":"closed","ping_status":"closed","template":"","meta":{"footnotes":""},"class_list":["post-6862","page","type-page","status-publish","hentry"],"_links":{"self":[{"href":"https:\/\/economice.valahia.ro\/index.php?rest_route=\/wp\/v2\/pages\/6862","targetHints":{"allow":["GET"]}}],"collection":[{"href":"https:\/\/economice.valahia.ro\/index.php?rest_route=\/wp\/v2\/pages"}],"about":[{"href":"https:\/\/economice.valahia.ro\/index.php?rest_route=\/wp\/v2\/types\/page"}],"author":[{"embeddable":true,"href":"https:\/\/economice.valahia.ro\/index.php?rest_route=\/wp\/v2\/users\/1"}],"replies":[{"embeddable":true,"href":"https:\/\/economice.valahia.ro\/index.php?rest_route=%2Fwp%2Fv2%2Fcomments&post=6862"}],"version-history":[{"count":9,"href":"https:\/\/economice.valahia.ro\/index.php?rest_route=\/wp\/v2\/pages\/6862\/revisions"}],"predecessor-version":[{"id":11542,"href":"https:\/\/economice.valahia.ro\/index.php?rest_route=\/wp\/v2\/pages\/6862\/revisions\/11542"}],"wp:attachment":[{"href":"https:\/\/economice.valahia.ro\/index.php?rest_route=%2Fwp%2Fv2%2Fmedia&parent=6862"}],"curies":[{"name":"wp","href":"https:\/\/api.w.org\/{rel}","templated":true}]}}