{"id":6865,"date":"2021-11-02T22:12:08","date_gmt":"2021-11-02T22:12:08","guid":{"rendered":"https:\/\/economice.valahia.ro\/?page_id=6865"},"modified":"2023-02-20T15:29:39","modified_gmt":"2023-02-20T13:29:39","slug":"fisa-disciplinei-ba-1","status":"publish","type":"page","link":"https:\/\/economice.valahia.ro\/?page_id=6865","title":{"rendered":"Fisa disciplinei ba 1"},"content":{"rendered":"<p>[vc_row][vc_column]<h2 style=\"color:;\" class=\" ztl-accent-font ztl-center ztl-font-normal\">ADMINISTRAREA AFACERILOR \/ BUSINESS ADMINISTRATION - ANUL 1<\/h2>[\/vc_column][\/vc_row][vc_row][vc_column][vc_text_separator title=&#8221;SEMESTRUL I \/ SEMESTER I&#8221; color=&#8221;orange&#8221;][\/vc_column][\/vc_row][vc_row][vc_column][vc_column_text]<a href=\"https:\/\/economice.valahia.ro\/wp-content\/uploads\/2023\/02\/LBA1BF01_Microeconomie.pdf\">Microeconomie<\/a> \/ <a href=\"https:\/\/economice.valahia.ro\/wp-content\/uploads\/2023\/02\/LBA1BF01_Microeconomics.pdf\">Microeconomics<\/a><br \/>\n<a href=\"https:\/\/economice.valahia.ro\/wp-content\/uploads\/2023\/02\/LBA1BF02_Matematici_aplicate_in_economie.pdf\">Matematici aplicate \u00een economie<\/a> \/ <a href=\"https:\/\/economice.valahia.ro\/wp-content\/uploads\/2023\/02\/LBA1BF02_Applied_mathematics_in_economics.pdf\">Applied mathematics in economics<\/a><br \/>\n<a href=\"https:\/\/economice.valahia.ro\/wp-content\/uploads\/2023\/02\/LBA1BF03_Introducere_in_drept.pdf\">Introducere \u00een drept<\/a> \/ <a href=\"https:\/\/economice.valahia.ro\/wp-content\/uploads\/2023\/02\/LBA1BF03_Introduction_to_law.pdf\">Introduction to law<\/a><br \/>\n<a href=\"https:\/\/economice.valahia.ro\/wp-content\/uploads\/2023\/02\/LBA1BF04_Informatica_economica-1.pdf\">Informatic\u0103 economic\u0103<\/a> \/ <a href=\"https:\/\/economice.valahia.ro\/wp-content\/uploads\/2023\/02\/LBA1BF04_Economic_informatics.pdf\">Economic informatics<\/a><br \/>\n<a href=\"https:\/\/economice.valahia.ro\/wp-content\/uploads\/2023\/02\/LBA1BS05_Comunicare_in_limba_engleza_I-1.pdf\">Comunicare \u00een limba englez\u0103<\/a> \/ <a href=\"https:\/\/economice.valahia.ro\/wp-content\/uploads\/2023\/02\/LBA1BS05_Communication_in_English_language_I.pdf\">Communication in English language<\/a><br \/>\n<a href=\"https:\/\/economice.valahia.ro\/wp-content\/uploads\/2023\/02\/LBA1BC06_Educatie_fizica_si_sport-I.pdf\">Educa\u0163ie fizic\u0103 \u015fi sport<\/a> \/ <a href=\"https:\/\/economice.valahia.ro\/wp-content\/uploads\/2023\/02\/LBA1BC06_Psysical_education_and_sport-I.pdf\">Psysical education and sport<\/a>[\/vc_column_text][\/vc_column][\/vc_row][vc_row][vc_column][vc_text_separator title=&#8221;SEMESTRUL II \/ SEMESTER II&#8221; color=&#8221;orange&#8221;][vc_column_text]<a href=\"https:\/\/economice.valahia.ro\/wp-content\/uploads\/2023\/02\/LBA1BF11_Macroeconomie.pdf\">Macroeconomie<\/a> \/ <a href=\"https:\/\/economice.valahia.ro\/wp-content\/uploads\/2023\/02\/LBA1BF11_Macroeconomics.pdf\">Macroeconomics<\/a><br \/>\n<a href=\"https:\/\/economice.valahia.ro\/wp-content\/uploads\/2023\/02\/LBA1BF12_Contabilitate.pdf\">Contabilitate<\/a> \/ <a href=\"https:\/\/economice.valahia.ro\/wp-content\/uploads\/2023\/02\/LBA1BF12_Accounting.pdf\">Accounting<\/a><br \/>\n<a href=\"https:\/\/economice.valahia.ro\/wp-content\/uploads\/2023\/02\/LBA1BD13_Baze_de_date_pentru_afaceri.pdf\">Baze de date pentru afaceri<\/a> \/ <a href=\"https:\/\/economice.valahia.ro\/wp-content\/uploads\/2023\/02\/LBA1BD13_Databases_for_Business.pdf\">Databases for Business<\/a><br \/>\n<a href=\"https:\/\/economice.valahia.ro\/wp-content\/uploads\/2023\/02\/LBA1BF14_Statistica_economica.pdf\">Statistic\u0103 economic\u0103<\/a> \/ <a href=\"https:\/\/economice.valahia.ro\/wp-content\/uploads\/2023\/02\/LBA1BF14_Economic_Statistics.pdf\">Economic Statistics<\/a><br \/>\n<a href=\"https:\/\/economice.valahia.ro\/wp-content\/uploads\/2023\/02\/LBA1BS15_Comunicare_in_limba_engleza_II.pdf\">Comunicare \u00een limba englez\u0103 II<\/a> \/ <a href=\"https:\/\/economice.valahia.ro\/wp-content\/uploads\/2023\/02\/LBA1BS15_Communication_in_English_language_II.pdf\">Communication in English language II<\/a><br \/>\n<a href=\"https:\/\/economice.valahia.ro\/wp-content\/uploads\/2023\/02\/LBA1BC16_Educatie_fizica_si_sport-II.pdf\">Educa\u0163ie fizic\u0103 \u015fi sport<\/a> \/ <a href=\"https:\/\/economice.valahia.ro\/wp-content\/uploads\/2023\/02\/LBA1BC16_Psysical_education_and_sport-II.pdf\">Psysical education and sport II<\/a>[\/vc_column_text][\/vc_column][\/vc_row]<\/p>\n","protected":false},"excerpt":{"rendered":"<p>[vc_row][vc_column][\/vc_column][\/vc_row][vc_row][vc_column][vc_text_separator title=&#8221;SEMESTRUL I \/ SEMESTER I&#8221; color=&#8221;orange&#8221;][\/vc_column][\/vc_row][vc_row][vc_column][vc_column_text]Microeconomie \/ Microeconomics Matematici aplicate \u00een economie \/ Applied mathematics in economics Introducere \u00een drept \/ Introduction to law Informatic\u0103 economic\u0103 \/ Economic informatics Comunicare \u00een limba englez\u0103 \/ Communication in English language Educa\u0163ie fizic\u0103 \u015fi sport \/ Psysical education and sport[\/vc_column_text][\/vc_column][\/vc_row][vc_row][vc_column][vc_text_separator title=&#8221;SEMESTRUL II \/ SEMESTER II&#8221; color=&#8221;orange&#8221;][vc_column_text]Macroeconomie \/ [&hellip;]<\/p>\n","protected":false},"author":1,"featured_media":0,"parent":0,"menu_order":0,"comment_status":"closed","ping_status":"closed","template":"","meta":{"footnotes":""},"class_list":["post-6865","page","type-page","status-publish","hentry"],"_links":{"self":[{"href":"https:\/\/economice.valahia.ro\/index.php?rest_route=\/wp\/v2\/pages\/6865","targetHints":{"allow":["GET"]}}],"collection":[{"href":"https:\/\/economice.valahia.ro\/index.php?rest_route=\/wp\/v2\/pages"}],"about":[{"href":"https:\/\/economice.valahia.ro\/index.php?rest_route=\/wp\/v2\/types\/page"}],"author":[{"embeddable":true,"href":"https:\/\/economice.valahia.ro\/index.php?rest_route=\/wp\/v2\/users\/1"}],"replies":[{"embeddable":true,"href":"https:\/\/economice.valahia.ro\/index.php?rest_route=%2Fwp%2Fv2%2Fcomments&post=6865"}],"version-history":[{"count":12,"href":"https:\/\/economice.valahia.ro\/index.php?rest_route=\/wp\/v2\/pages\/6865\/revisions"}],"predecessor-version":[{"id":9399,"href":"https:\/\/economice.valahia.ro\/index.php?rest_route=\/wp\/v2\/pages\/6865\/revisions\/9399"}],"wp:attachment":[{"href":"https:\/\/economice.valahia.ro\/index.php?rest_route=%2Fwp%2Fv2%2Fmedia&parent=6865"}],"curies":[{"name":"wp","href":"https:\/\/api.w.org\/{rel}","templated":true}]}}