{"id":6868,"date":"2021-11-02T22:12:39","date_gmt":"2021-11-02T22:12:39","guid":{"rendered":"https:\/\/economice.valahia.ro\/?page_id=6868"},"modified":"2023-02-02T19:17:46","modified_gmt":"2023-02-02T17:17:46","slug":"fisa-disciplinei-ba-2","status":"publish","type":"page","link":"https:\/\/economice.valahia.ro\/?page_id=6868","title":{"rendered":"Fisa disciplinei ba 2"},"content":{"rendered":"<p>[vc_row][vc_column]<h2 style=\"color:;\" class=\" ztl-accent-font ztl-center ztl-font-normal\">ADMINISTRAREA AFACERILOR \/ BUSINESS ADMINISTRATION - ANUL 2<\/h2>[\/vc_column][\/vc_row][vc_row][vc_column][vc_text_separator title=&#8221;SEMESTRUL I \/ SEMESTER I&#8221; color=&#8221;orange&#8221;][\/vc_column][\/vc_row][vc_row][vc_column][vc_column_text]<a href=\"https:\/\/economice.valahia.ro\/wp-content\/uploads\/2023\/02\/LBA2BF01_Managementul_firmei.pdf\">Managementul firmei<\/a> \/ <a href=\"https:\/\/economice.valahia.ro\/wp-content\/uploads\/2023\/02\/LBA2BF01_Management_of_the_company.pdf\">Management of the company<\/a><br \/>\n<a href=\"https:\/\/economice.valahia.ro\/wp-content\/uploads\/2023\/02\/LBA2BD02_Contabilitate_manageriala.pdf\">Contabilitate managerial\u0103<\/a> \/ <a href=\"https:\/\/economice.valahia.ro\/wp-content\/uploads\/2023\/02\/LBA2BD02_Managerial_accounting.pdf\">Managerial accounting<\/a><br \/>\n<a href=\"https:\/\/economice.valahia.ro\/wp-content\/uploads\/2023\/02\/LBA2BF03_Finante_publice.pdf\">Finan\u0163e publice<\/a> \/ <a href=\"https:\/\/economice.valahia.ro\/wp-content\/uploads\/2023\/02\/LBA2BF03_Public_finance.pdf\">Public finance<\/a><br \/>\n<a href=\"https:\/\/economice.valahia.ro\/wp-content\/uploads\/2023\/02\/LBA2BF04_Marketing.pdf\">Marketing<\/a> \/ <a href=\"https:\/\/economice.valahia.ro\/wp-content\/uploads\/2023\/02\/LBA2BF04_Marketing_EN.pdf\">Marketing<\/a><br \/>\n<a href=\"https:\/\/economice.valahia.ro\/wp-content\/uploads\/2023\/02\/LBA2BS05_Corespondenta_in_limba_engleza.pdf\">Coresponden\u021b\u0103 \u00een limba englez\u0103<\/a> \/ <a href=\"https:\/\/economice.valahia.ro\/wp-content\/uploads\/2023\/02\/LBA2BS05_Correspondence_in_English_language.pdf\">Correspondence in English language<\/a><br \/>\n<a href=\"https:\/\/economice.valahia.ro\/wp-content\/uploads\/2023\/02\/LBA2BC06_Educatie_fizica_si_sport-III.pdf\">Educa\u0163ie fizic\u0103 \u015fi sport<\/a> \/ <a href=\"https:\/\/economice.valahia.ro\/wp-content\/uploads\/2023\/02\/LBA2BC06_Psysical_education_and_sport-III.pdf\">Psysical education and sport III<\/a>[\/vc_column_text][\/vc_column][\/vc_row][vc_row][vc_column][vc_text_separator title=&#8221;SEMESTRUL II \/ SEMESTER II&#8221; color=&#8221;orange&#8221;][vc_column_text]<a href=\"https:\/\/economice.valahia.ro\/wp-content\/uploads\/2023\/02\/LBA2BS12_Tehnica_negocierilor_in_afaceri.pdf\">Tehnica negocierilor \u00een afaceri<\/a> \/ <a href=\"https:\/\/economice.valahia.ro\/wp-content\/uploads\/2023\/02\/LBA2BS12_The_technique_of_business_negotiaions.pdf\">The technique of business negotiations<\/a><br \/>\n<a href=\"https:\/\/economice.valahia.ro\/wp-content\/uploads\/2023\/02\/LBA2BD13_Sisteme_informatice_de_gestiune.pdf\">Sisteme informatice de gestiune<\/a> \/ <a href=\"https:\/\/economice.valahia.ro\/wp-content\/uploads\/2023\/02\/LBA2BD13_Business_information_systems.pdf\">Business information systems<\/a><br \/>\n<a href=\"https:\/\/economice.valahia.ro\/wp-content\/uploads\/2023\/02\/LBA2BD14_Cercetari_de_marketing.pdf\">Cercet\u0103ri de marketing<\/a> \/ <a href=\"https:\/\/economice.valahia.ro\/wp-content\/uploads\/2023\/02\/LBA2BD14_Marketing_research.pdf\">Marketing research<\/a><br \/>\n<a href=\"https:\/\/economice.valahia.ro\/wp-content\/uploads\/2023\/02\/LBA2BD15_Fiscalitate.pdf\">Fiscalitate<\/a> \/ <a href=\"https:\/\/economice.valahia.ro\/wp-content\/uploads\/2023\/02\/LBA2BD15_Fiscality.pdf\">Fiscality<\/a><br \/>\n<a href=\"https:\/\/economice.valahia.ro\/wp-content\/uploads\/2023\/02\/LBA2BS16_Drept_comercial.pdf\">Drept comercial<\/a> \/ <a href=\"https:\/\/economice.valahia.ro\/wp-content\/uploads\/2023\/02\/LBA2BS16_Commercial_law.pdf\">Commercial law<\/a><br \/>\n<a href=\"https:\/\/economice.valahia.ro\/wp-content\/uploads\/2023\/02\/LBA2BS17_Practica.pdf\">Practic\u0103<\/a> \/ <a href=\"https:\/\/economice.valahia.ro\/wp-content\/uploads\/2023\/02\/LBA2BS17_Internship.pdf\">Internship<\/a><br \/>\n<a href=\"https:\/\/economice.valahia.ro\/wp-content\/uploads\/2023\/02\/LBA2BC18_Educatie_fizica_si_sport-IV.pdf\">Educa\u0163ie fizic\u0103 \u015fi sport<\/a> \/<a href=\"https:\/\/economice.valahia.ro\/wp-content\/uploads\/2023\/02\/LBA2BC18_Psysical_education_and_sport-IV.pdf\">Psysical education and sport IV<\/a>[\/vc_column_text][\/vc_column][\/vc_row]<\/p>\n","protected":false},"excerpt":{"rendered":"<p>[vc_row][vc_column][\/vc_column][\/vc_row][vc_row][vc_column][vc_text_separator title=&#8221;SEMESTRUL I \/ SEMESTER I&#8221; color=&#8221;orange&#8221;][\/vc_column][\/vc_row][vc_row][vc_column][vc_column_text]Managementul firmei \/ Management of the company Contabilitate managerial\u0103 \/ Managerial accounting Finan\u0163e publice \/ Public finance Marketing \/ Marketing Coresponden\u021b\u0103 \u00een limba englez\u0103 \/ Correspondence in English language Educa\u0163ie fizic\u0103 \u015fi sport \/ Psysical education and sport III[\/vc_column_text][\/vc_column][\/vc_row][vc_row][vc_column][vc_text_separator title=&#8221;SEMESTRUL II \/ SEMESTER II&#8221; color=&#8221;orange&#8221;][vc_column_text]Tehnica negocierilor \u00een afaceri \/ [&hellip;]<\/p>\n","protected":false},"author":1,"featured_media":0,"parent":0,"menu_order":0,"comment_status":"closed","ping_status":"closed","template":"","meta":{"footnotes":""},"class_list":["post-6868","page","type-page","status-publish","hentry"],"_links":{"self":[{"href":"https:\/\/economice.valahia.ro\/index.php?rest_route=\/wp\/v2\/pages\/6868","targetHints":{"allow":["GET"]}}],"collection":[{"href":"https:\/\/economice.valahia.ro\/index.php?rest_route=\/wp\/v2\/pages"}],"about":[{"href":"https:\/\/economice.valahia.ro\/index.php?rest_route=\/wp\/v2\/types\/page"}],"author":[{"embeddable":true,"href":"https:\/\/economice.valahia.ro\/index.php?rest_route=\/wp\/v2\/users\/1"}],"replies":[{"embeddable":true,"href":"https:\/\/economice.valahia.ro\/index.php?rest_route=%2Fwp%2Fv2%2Fcomments&post=6868"}],"version-history":[{"count":9,"href":"https:\/\/economice.valahia.ro\/index.php?rest_route=\/wp\/v2\/pages\/6868\/revisions"}],"predecessor-version":[{"id":9220,"href":"https:\/\/economice.valahia.ro\/index.php?rest_route=\/wp\/v2\/pages\/6868\/revisions\/9220"}],"wp:attachment":[{"href":"https:\/\/economice.valahia.ro\/index.php?rest_route=%2Fwp%2Fv2%2Fmedia&parent=6868"}],"curies":[{"name":"wp","href":"https:\/\/api.w.org\/{rel}","templated":true}]}}