{"id":6871,"date":"2021-11-02T22:13:01","date_gmt":"2021-11-02T22:13:01","guid":{"rendered":"https:\/\/economice.valahia.ro\/?page_id=6871"},"modified":"2023-02-02T20:16:25","modified_gmt":"2023-02-02T18:16:25","slug":"fisa-disciplinei-ba-3","status":"publish","type":"page","link":"https:\/\/economice.valahia.ro\/?page_id=6871","title":{"rendered":"Fisa disciplinei ba 3"},"content":{"rendered":"<p>[vc_row][vc_column]<h2 style=\"color:;\" class=\" ztl-accent-font ztl-center ztl-font-normal\">ADMINISTRAREA AFACERILOR \/ BUSINESS ADMINISTRATION - ANUL 3<\/h2>[\/vc_column][\/vc_row][vc_row][vc_column][vc_text_separator title=&#8221;SEMESTRUL I \/ SEMESTER I&#8221; color=&#8221;orange&#8221;][\/vc_column][\/vc_row][vc_row][vc_column][vc_column_text]<a href=\"https:\/\/economice.valahia.ro\/wp-content\/uploads\/2023\/02\/LBA3BD01_Managementul_resurselor_umane.pdf\">Managementul resurselor umane<\/a> \/ <a href=\"https:\/\/economice.valahia.ro\/wp-content\/uploads\/2023\/02\/LBA3BD01_Human_ressources_management.pdf\">Human ressources management<\/a><br \/>\n<a href=\"https:\/\/economice.valahia.ro\/wp-content\/uploads\/2023\/02\/LBA3BS02_Analiza_economica_si_financiara.pdf\">Analiz\u0103 economic\u0103 \u015fi financiar\u0103<\/a> \/ <a href=\"https:\/\/economice.valahia.ro\/wp-content\/uploads\/2023\/02\/LBA3BS02_Economic_and_Financial_Analysis.pdf\">Economic and Financial Analysis<\/a><br \/>\n<a href=\"https:\/\/economice.valahia.ro\/wp-content\/uploads\/2023\/02\/LBA3BS03_Antreprenoriat_si_gestiunea_afacerilor.pdf\">Antreprenoriat \u0219i gestiunea \u00eentreprinderii<\/a> \/ <a href=\"https:\/\/economice.valahia.ro\/wp-content\/uploads\/2023\/02\/LBA3BS03_Entrepreneurship_and_Business_Management.pdf\">Entrepreneurship and Business Management<\/a><br \/>\n<a href=\"https:\/\/economice.valahia.ro\/wp-content\/uploads\/2023\/02\/LBA3BD04_Comert_electronic.pdf\">Comer\u021b electronic<\/a> \/ <a href=\"https:\/\/economice.valahia.ro\/wp-content\/uploads\/2023\/02\/LBA3BD04_Electronic_commerce.pdf\">Electronic commerce<\/a><br \/>\n<a href=\"https:\/\/economice.valahia.ro\/wp-content\/uploads\/2023\/02\/LBA3BD05_Management_operational.pdf\">Management opera\u021bional<\/a> \/ <a href=\"https:\/\/economice.valahia.ro\/wp-content\/uploads\/2023\/02\/LBA3BD05_Operations_management.pdf\">Operations management<\/a>[\/vc_column_text][\/vc_column][\/vc_row][vc_row][vc_column][vc_text_separator title=&#8221;SEMESTRUL II \/ SEMESTER II&#8221; color=&#8221;orange&#8221;][vc_column_text]<a href=\"https:\/\/economice.valahia.ro\/wp-content\/uploads\/2023\/02\/LBA3BD11_Management_strategic.pdf\">Management strategic<\/a> \/ <a href=\"https:\/\/economice.valahia.ro\/wp-content\/uploads\/2023\/02\/LBA3BD11_Strategic_management.pdf\">Strategic management<\/a><br \/>\n<a href=\"https:\/\/economice.valahia.ro\/wp-content\/uploads\/2023\/02\/LBA3BD12_Managementul_proiectelor_in_afaceri.pdf\">Managementul proiectelor \u00een afaceri<\/a> \/ <a href=\"https:\/\/economice.valahia.ro\/wp-content\/uploads\/2023\/02\/LBA3BD12_Project_management_in_business.pdf\">Project management in business<\/a><br \/>\n<a href=\"https:\/\/economice.valahia.ro\/wp-content\/uploads\/2023\/02\/LBA3BD13_Evaluarea_si_finantarea_investitiilor.pdf\">Evaluarea \u0219i finan\u021barea investitiilor<\/a> \/ <a href=\"https:\/\/economice.valahia.ro\/wp-content\/uploads\/2023\/02\/LBA3BD13_Evaluation_and_financing_of_investments.pdf\">Evaluation and financing of investments<\/a><br \/>\n<a href=\"https:\/\/economice.valahia.ro\/wp-content\/uploads\/2023\/02\/LBA3BD14_Etica_in_afaceri.pdf\">Etic\u0103 \u00een afaceri<\/a> \/ <a href=\"https:\/\/economice.valahia.ro\/wp-content\/uploads\/2023\/02\/LBA3BD14_Ethics_in_business.pdf\">Ethics in business<\/a><br \/>\n<a href=\"https:\/\/economice.valahia.ro\/wp-content\/uploads\/2023\/02\/LBA3BD15_Metodologia_elaborarii_lucrarii_de_licenta.pdf\">Metodologia elaborarii lucrarii de licenta<\/a> \/\u00a0 <a href=\"https:\/\/economice.valahia.ro\/wp-content\/uploads\/2023\/02\/LBA3BD15_The_methodology_of_writing_the_bachelor_s_thesis.pdf\">The methodology of writing the bachelor s thesis<\/a>[\/vc_column_text][\/vc_column][\/vc_row]<\/p>\n","protected":false},"excerpt":{"rendered":"<p>[vc_row][vc_column][\/vc_column][\/vc_row][vc_row][vc_column][vc_text_separator title=&#8221;SEMESTRUL I \/ SEMESTER I&#8221; color=&#8221;orange&#8221;][\/vc_column][\/vc_row][vc_row][vc_column][vc_column_text]Managementul resurselor umane \/ Human ressources management Analiz\u0103 economic\u0103 \u015fi financiar\u0103 \/ Economic and Financial Analysis Antreprenoriat \u0219i gestiunea \u00eentreprinderii \/ Entrepreneurship and Business Management Comer\u021b electronic \/ Electronic commerce Management opera\u021bional \/ Operations management[\/vc_column_text][\/vc_column][\/vc_row][vc_row][vc_column][vc_text_separator title=&#8221;SEMESTRUL II \/ SEMESTER II&#8221; color=&#8221;orange&#8221;][vc_column_text]Management strategic \/ Strategic management Managementul proiectelor \u00een afaceri [&hellip;]<\/p>\n","protected":false},"author":1,"featured_media":0,"parent":0,"menu_order":0,"comment_status":"closed","ping_status":"closed","template":"","meta":{"footnotes":""},"class_list":["post-6871","page","type-page","status-publish","hentry"],"_links":{"self":[{"href":"https:\/\/economice.valahia.ro\/index.php?rest_route=\/wp\/v2\/pages\/6871","targetHints":{"allow":["GET"]}}],"collection":[{"href":"https:\/\/economice.valahia.ro\/index.php?rest_route=\/wp\/v2\/pages"}],"about":[{"href":"https:\/\/economice.valahia.ro\/index.php?rest_route=\/wp\/v2\/types\/page"}],"author":[{"embeddable":true,"href":"https:\/\/economice.valahia.ro\/index.php?rest_route=\/wp\/v2\/users\/1"}],"replies":[{"embeddable":true,"href":"https:\/\/economice.valahia.ro\/index.php?rest_route=%2Fwp%2Fv2%2Fcomments&post=6871"}],"version-history":[{"count":7,"href":"https:\/\/economice.valahia.ro\/index.php?rest_route=\/wp\/v2\/pages\/6871\/revisions"}],"predecessor-version":[{"id":9243,"href":"https:\/\/economice.valahia.ro\/index.php?rest_route=\/wp\/v2\/pages\/6871\/revisions\/9243"}],"wp:attachment":[{"href":"https:\/\/economice.valahia.ro\/index.php?rest_route=%2Fwp%2Fv2%2Fmedia&parent=6871"}],"curies":[{"name":"wp","href":"https:\/\/api.w.org\/{rel}","templated":true}]}}