{"id":6874,"date":"2021-11-02T21:26:01","date_gmt":"2021-11-02T21:26:01","guid":{"rendered":"https:\/\/economice.valahia.ro\/?page_id=6874"},"modified":"2024-11-13T13:51:31","modified_gmt":"2024-11-13T11:51:31","slug":"fisa-disciplinei-mco-1","status":"publish","type":"page","link":"https:\/\/economice.valahia.ro\/?page_id=6874","title":{"rendered":"Fisa disciplinei mco 1"},"content":{"rendered":"<p>[vc_row][vc_column]<h2 style=\"color:;\" class=\" ztl-accent-font ztl-center ztl-font-normal\">MASTER CONTABILITATE - ANUL 1<\/h2>[\/vc_column][\/vc_row][vc_row][vc_column][vc_text_separator title=&#8221;SEMESTRUL I&#8221; color=&#8221;orange&#8221;][\/vc_column][\/vc_row][vc_row][vc_column][vc_column_text]<\/p>\n<h3><a href=\"https:\/\/economice.valahia.ro\/wp-content\/uploads\/2024\/11\/FD-MCO1S1-Sistemul-fiscal-national.pdf\" target=\"_blank\" rel=\"noopener\">Sistemul fiscal na\u0163ional<\/a><br \/>\n<a href=\"https:\/\/economice.valahia.ro\/wp-content\/uploads\/2024\/11\/FD-MCO1S1-Tehnici-de-consolidare-a-conturilor-societatilor-de-grup.pdf\" target=\"_blank\" rel=\"noopener\">Tehnici de consolidare a conturilor societ\u0103\u0163ilor de grup<\/a><br \/>\n<a href=\"https:\/\/economice.valahia.ro\/wp-content\/uploads\/2024\/11\/FD-MCO1S1-Sisteme-contabile-comparate.pdf\" target=\"_blank\" rel=\"noopener\">Sisteme contabile comparate<\/a><br \/>\n<a href=\"https:\/\/economice.valahia.ro\/wp-content\/uploads\/2024\/11\/FD-MCO1S1-Metode-econometrice.pdf\" target=\"_blank\" rel=\"noopener\">Metode econometrice<\/a><\/h3>\n<p>[\/vc_column_text][\/vc_column][\/vc_row][vc_row][vc_column][vc_text_separator title=&#8221;SEMESTRUL II&#8221; color=&#8221;orange&#8221;][vc_column_text]<\/p>\n<h3><a href=\"https:\/\/economice.valahia.ro\/wp-content\/uploads\/2024\/11\/FD-MCO1S2-Contabilitate-manageriala.pdf\" target=\"_blank\" rel=\"noopener\">Contabilitate managerial\u0103<\/a><br \/>\n<a href=\"https:\/\/economice.valahia.ro\/wp-content\/uploads\/2024\/11\/FD-MCO1S2-Doctrina-si-deontologie-profesionala.pdf\" target=\"_blank\" rel=\"noopener\">Doctrin\u0103 \u015fi deontologie profesional\u0103<\/a><br \/>\n<a href=\"https:\/\/economice.valahia.ro\/wp-content\/uploads\/2024\/11\/FD-MCO1S2-Sisteme-informatice-de-gestiune-financiar-contabile.pdf\" target=\"_blank\" rel=\"noopener\">Sisteme informatice de gestiune financiar-contabile \u2013 studii de aprofundare<\/a><br \/>\n<a href=\"https:\/\/economice.valahia.ro\/wp-content\/uploads\/2024\/11\/FD-MCO1S2-Control-intern.pdf\" target=\"_blank\" rel=\"noopener\">Control intern<\/a><br \/>\n<a href=\"https:\/\/economice.valahia.ro\/wp-content\/uploads\/2024\/11\/FD-MCO1S2-Etica-si-integritate-academica.pdf\" target=\"_blank\" rel=\"noopener\">Etic\u0103 \u0219i integritate academic\u0103<\/a><\/h3>\n<p>[\/vc_column_text][\/vc_column][\/vc_row]<\/p>\n","protected":false},"excerpt":{"rendered":"<p>[vc_row][vc_column][\/vc_column][\/vc_row][vc_row][vc_column][vc_text_separator title=&#8221;SEMESTRUL I&#8221; color=&#8221;orange&#8221;][\/vc_column][\/vc_row][vc_row][vc_column][vc_column_text] Sistemul fiscal na\u0163ional Tehnici de consolidare a conturilor societ\u0103\u0163ilor de grup Sisteme contabile comparate Metode econometrice [\/vc_column_text][\/vc_column][\/vc_row][vc_row][vc_column][vc_text_separator title=&#8221;SEMESTRUL II&#8221; color=&#8221;orange&#8221;][vc_column_text] Contabilitate managerial\u0103 Doctrin\u0103 \u015fi deontologie profesional\u0103 Sisteme informatice de gestiune financiar-contabile \u2013 studii de aprofundare Control intern Etic\u0103 \u0219i integritate academic\u0103 [\/vc_column_text][\/vc_column][\/vc_row]<\/p>\n","protected":false},"author":1,"featured_media":0,"parent":0,"menu_order":0,"comment_status":"closed","ping_status":"closed","template":"","meta":{"footnotes":""},"class_list":["post-6874","page","type-page","status-publish","hentry"],"_links":{"self":[{"href":"https:\/\/economice.valahia.ro\/index.php?rest_route=\/wp\/v2\/pages\/6874","targetHints":{"allow":["GET"]}}],"collection":[{"href":"https:\/\/economice.valahia.ro\/index.php?rest_route=\/wp\/v2\/pages"}],"about":[{"href":"https:\/\/economice.valahia.ro\/index.php?rest_route=\/wp\/v2\/types\/page"}],"author":[{"embeddable":true,"href":"https:\/\/economice.valahia.ro\/index.php?rest_route=\/wp\/v2\/users\/1"}],"replies":[{"embeddable":true,"href":"https:\/\/economice.valahia.ro\/index.php?rest_route=%2Fwp%2Fv2%2Fcomments&post=6874"}],"version-history":[{"count":6,"href":"https:\/\/economice.valahia.ro\/index.php?rest_route=\/wp\/v2\/pages\/6874\/revisions"}],"predecessor-version":[{"id":10515,"href":"https:\/\/economice.valahia.ro\/index.php?rest_route=\/wp\/v2\/pages\/6874\/revisions\/10515"}],"wp:attachment":[{"href":"https:\/\/economice.valahia.ro\/index.php?rest_route=%2Fwp%2Fv2%2Fmedia&parent=6874"}],"curies":[{"name":"wp","href":"https:\/\/api.w.org\/{rel}","templated":true}]}}