{"id":6877,"date":"2021-11-02T21:26:26","date_gmt":"2021-11-02T21:26:26","guid":{"rendered":"https:\/\/economice.valahia.ro\/?page_id=6877"},"modified":"2024-11-13T14:05:12","modified_gmt":"2024-11-13T12:05:12","slug":"fisa-disciplinei-mco-2","status":"publish","type":"page","link":"https:\/\/economice.valahia.ro\/?page_id=6877","title":{"rendered":"Fisa disciplinei mco 2"},"content":{"rendered":"<p>[vc_row][vc_column]<h2 style=\"color:;\" class=\" ztl-accent-font ztl-center ztl-font-normal\">MASTER CONTABILITATE - ANUL 2<\/h2>[\/vc_column][\/vc_row][vc_row][vc_column][vc_text_separator title=&#8221;SEMESTRUL I&#8221; color=&#8221;orange&#8221;][\/vc_column][\/vc_row][vc_row][vc_column][vc_column_text]<\/p>\n<h3><a href=\"https:\/\/economice.valahia.ro\/wp-content\/uploads\/2024\/11\/FD-MCO2S1-Evaluarea-economica-si-financiara-a-intreprinderiiI.pdf\" target=\"_blank\" rel=\"noopener\">Evaluarea economic\u0103 \u015fi financiar\u0103 a \u00eentreprinderii<\/a><br \/>\n<a href=\"https:\/\/economice.valahia.ro\/wp-content\/uploads\/2024\/11\/FD-MCO2S1-Metodologia-cercetarii-stiintifice.pdf\" target=\"_blank\" rel=\"noopener\">Metodologia cercet\u0103rii \u015ftiin\u0163ifice<\/a><br \/>\n<a href=\"https:\/\/economice.valahia.ro\/wp-content\/uploads\/2024\/11\/FD-MCO2S1-Management-financiar.pdf\" target=\"_blank\" rel=\"noopener\">Management financiar<\/a><br \/>\n<a href=\"https:\/\/economice.valahia.ro\/wp-content\/uploads\/2024\/11\/FD-MCO2S1-Audit-intern-studii-de-aprofundare.pdf\" target=\"_blank\" rel=\"noopener\">Audit intern &#8211; studii de aprofundare<\/a><\/h3>\n<p>[\/vc_column_text][\/vc_column][\/vc_row][vc_row][vc_column][vc_text_separator title=&#8221;SEMESTRUL II&#8221; color=&#8221;orange&#8221;][vc_column_text]<\/p>\n<h3><a href=\"https:\/\/economice.valahia.ro\/wp-content\/uploads\/2024\/11\/FD-MCO2S2-Expertiza-contabila.pdf\" target=\"_blank\" rel=\"noopener\">Expertiz\u0103 contabil\u0103 &#8211; studii de aprofundare<\/a><br \/>\n<a href=\"https:\/\/economice.valahia.ro\/wp-content\/uploads\/2024\/11\/FD-MCO2S2-Strategii-de-dezvoltare-si-masurare-a-performantelor.pdf\" target=\"_blank\" rel=\"noopener\">Strategii de dezvoltare \u015fi m\u0103surare a performan\u0163elor<\/a><br \/>\n<a href=\"https:\/\/economice.valahia.ro\/wp-content\/uploads\/2024\/11\/FD-MCO2S2-Proiecte-de-contabilitate.pdf\" target=\"_blank\" rel=\"noopener\">Proiecte de contabilitate<\/a><br \/>\n<a href=\"https:\/\/economice.valahia.ro\/wp-content\/uploads\/2024\/11\/FD-MCO2S2-Audit-si-certificare-situatii-financiare.pdf\" target=\"_blank\" rel=\"noopener\">Auditul \u015fi certificarea situa\u0163iilor financiare anuale<\/a><br \/>\n<a href=\"https:\/\/economice.valahia.ro\/wp-content\/uploads\/2024\/11\/FD-MCO2S2-Practica.pdf\" target=\"_blank\" rel=\"noopener\">Practic\u0103<\/a><br \/>\nElaborarea lucr\u0103rii de diserta\u0163ie<\/h3>\n<p>[\/vc_column_text][\/vc_column][\/vc_row]<\/p>\n","protected":false},"excerpt":{"rendered":"<p>[vc_row][vc_column][\/vc_column][\/vc_row][vc_row][vc_column][vc_text_separator title=&#8221;SEMESTRUL I&#8221; color=&#8221;orange&#8221;][\/vc_column][\/vc_row][vc_row][vc_column][vc_column_text] Evaluarea economic\u0103 \u015fi financiar\u0103 a \u00eentreprinderii Metodologia cercet\u0103rii \u015ftiin\u0163ifice Management financiar Audit intern &#8211; studii de aprofundare [\/vc_column_text][\/vc_column][\/vc_row][vc_row][vc_column][vc_text_separator title=&#8221;SEMESTRUL II&#8221; color=&#8221;orange&#8221;][vc_column_text] Expertiz\u0103 contabil\u0103 &#8211; studii de aprofundare Strategii de dezvoltare \u015fi m\u0103surare a performan\u0163elor Proiecte de contabilitate Auditul \u015fi certificarea situa\u0163iilor financiare anuale Practic\u0103 Elaborarea lucr\u0103rii de diserta\u0163ie [\/vc_column_text][\/vc_column][\/vc_row]<\/p>\n","protected":false},"author":1,"featured_media":0,"parent":0,"menu_order":0,"comment_status":"closed","ping_status":"closed","template":"","meta":{"footnotes":""},"class_list":["post-6877","page","type-page","status-publish","hentry"],"_links":{"self":[{"href":"https:\/\/economice.valahia.ro\/index.php?rest_route=\/wp\/v2\/pages\/6877","targetHints":{"allow":["GET"]}}],"collection":[{"href":"https:\/\/economice.valahia.ro\/index.php?rest_route=\/wp\/v2\/pages"}],"about":[{"href":"https:\/\/economice.valahia.ro\/index.php?rest_route=\/wp\/v2\/types\/page"}],"author":[{"embeddable":true,"href":"https:\/\/economice.valahia.ro\/index.php?rest_route=\/wp\/v2\/users\/1"}],"replies":[{"embeddable":true,"href":"https:\/\/economice.valahia.ro\/index.php?rest_route=%2Fwp%2Fv2%2Fcomments&post=6877"}],"version-history":[{"count":5,"href":"https:\/\/economice.valahia.ro\/index.php?rest_route=\/wp\/v2\/pages\/6877\/revisions"}],"predecessor-version":[{"id":10525,"href":"https:\/\/economice.valahia.ro\/index.php?rest_route=\/wp\/v2\/pages\/6877\/revisions\/10525"}],"wp:attachment":[{"href":"https:\/\/economice.valahia.ro\/index.php?rest_route=%2Fwp%2Fv2%2Fmedia&parent=6877"}],"curies":[{"name":"wp","href":"https:\/\/api.w.org\/{rel}","templated":true}]}}