{"id":6880,"date":"2021-11-02T21:26:58","date_gmt":"2021-11-02T21:26:58","guid":{"rendered":"https:\/\/economice.valahia.ro\/?page_id=6880"},"modified":"2024-11-13T14:32:07","modified_gmt":"2024-11-13T12:32:07","slug":"fisa-disciplinei-mep-1","status":"publish","type":"page","link":"https:\/\/economice.valahia.ro\/?page_id=6880","title":{"rendered":"Fisa disciplinei mep 1"},"content":{"rendered":"<p>[vc_row][vc_column]<h2 style=\"color:;\" class=\" ztl-accent-font ztl-center ztl-font-normal\">MASTER AUDITUL ENTIT\u0102\u0162ILOR PUBLICE \u015eI PRIVATE - ANUL 1<\/h2>[\/vc_column][\/vc_row][vc_row][vc_column][vc_text_separator title=&#8221;SEMESTRUL I&#8221; color=&#8221;orange&#8221;][\/vc_column][\/vc_row][vc_row][vc_column][vc_column_text]<\/p>\n<h3><a href=\"https:\/\/economice.valahia.ro\/wp-content\/uploads\/2024\/11\/FD-MEP1S1-Etica-profesionala-si-deontologie.pdf\" target=\"_blank\" rel=\"noopener\">Etic\u0103 profesional\u0103 \u015fi deontologie<\/a><br \/>\n<a href=\"https:\/\/economice.valahia.ro\/wp-content\/uploads\/2024\/11\/FD-MEP1S1-Control-intern.pdf\" target=\"_blank\" rel=\"noopener\">Control intern<\/a><br \/>\n<a href=\"https:\/\/economice.valahia.ro\/wp-content\/uploads\/2024\/11\/FD-MEP1S1-Audit-bancar.pdf\" target=\"_blank\" rel=\"noopener\">Audit bancar<\/a><br \/>\n<a href=\"https:\/\/economice.valahia.ro\/wp-content\/uploads\/2024\/11\/FD-MEP1S1-Tehnologii-informatice-in-audit.pdf\" target=\"_blank\" rel=\"noopener\">Tehnologii informatice \u00een audit<\/a><\/h3>\n<p>[\/vc_column_text][\/vc_column][\/vc_row][vc_row][vc_column][vc_text_separator title=&#8221;SEMESTRUL II&#8221; color=&#8221;orange&#8221;][vc_column_text]<\/p>\n<h3><a href=\"https:\/\/economice.valahia.ro\/wp-content\/uploads\/2024\/11\/FD-MEP1S2-Controlul-performantelor-prin-costuri-si-bugete.pdf\" target=\"_blank\" rel=\"noopener\">Controlul performan\u021belor prin costuri \u0219i bugete<\/a><br \/>\n<a href=\"https:\/\/economice.valahia.ro\/wp-content\/uploads\/2024\/11\/FD-MEP1S2-Sistemul-fiscal-national.pdf\" target=\"_blank\" rel=\"noopener\">Sistemul fiscal na\u0163ional<\/a><br \/>\n<a href=\"https:\/\/economice.valahia.ro\/wp-content\/uploads\/2024\/11\/FD-MEP1S2-Auditarea-sistemelor-informatice.pdf\" target=\"_blank\" rel=\"noopener\">Auditarea sistemelor informatice<\/a><br \/>\n<a href=\"https:\/\/economice.valahia.ro\/wp-content\/uploads\/2024\/11\/FD-MEP1S2-Metode-prelucrare-datelor-in-audit.pdf\" target=\"_blank\" rel=\"noopener\">Metode de prelucrare a datelor \u00een audit<\/a><br \/>\n<a href=\"https:\/\/economice.valahia.ro\/wp-content\/uploads\/2024\/11\/FD-MEP1S2-Etica-si-integritate-academica.pdf\" target=\"_blank\" rel=\"noopener\">Etic\u0103 \u0219i integritate academic\u0103<\/a><\/h3>\n<p>[\/vc_column_text][\/vc_column][\/vc_row]<\/p>\n","protected":false},"excerpt":{"rendered":"<p>[vc_row][vc_column][\/vc_column][\/vc_row][vc_row][vc_column][vc_text_separator title=&#8221;SEMESTRUL I&#8221; color=&#8221;orange&#8221;][\/vc_column][\/vc_row][vc_row][vc_column][vc_column_text] Etic\u0103 profesional\u0103 \u015fi deontologie Control intern Audit bancar Tehnologii informatice \u00een audit [\/vc_column_text][\/vc_column][\/vc_row][vc_row][vc_column][vc_text_separator title=&#8221;SEMESTRUL II&#8221; color=&#8221;orange&#8221;][vc_column_text] Controlul performan\u021belor prin costuri \u0219i bugete Sistemul fiscal na\u0163ional Auditarea sistemelor informatice Metode de prelucrare a datelor \u00een audit Etic\u0103 \u0219i integritate academic\u0103 [\/vc_column_text][\/vc_column][\/vc_row]<\/p>\n","protected":false},"author":1,"featured_media":0,"parent":0,"menu_order":0,"comment_status":"closed","ping_status":"closed","template":"","meta":{"footnotes":""},"class_list":["post-6880","page","type-page","status-publish","hentry"],"_links":{"self":[{"href":"https:\/\/economice.valahia.ro\/index.php?rest_route=\/wp\/v2\/pages\/6880","targetHints":{"allow":["GET"]}}],"collection":[{"href":"https:\/\/economice.valahia.ro\/index.php?rest_route=\/wp\/v2\/pages"}],"about":[{"href":"https:\/\/economice.valahia.ro\/index.php?rest_route=\/wp\/v2\/types\/page"}],"author":[{"embeddable":true,"href":"https:\/\/economice.valahia.ro\/index.php?rest_route=\/wp\/v2\/users\/1"}],"replies":[{"embeddable":true,"href":"https:\/\/economice.valahia.ro\/index.php?rest_route=%2Fwp%2Fv2%2Fcomments&post=6880"}],"version-history":[{"count":5,"href":"https:\/\/economice.valahia.ro\/index.php?rest_route=\/wp\/v2\/pages\/6880\/revisions"}],"predecessor-version":[{"id":10552,"href":"https:\/\/economice.valahia.ro\/index.php?rest_route=\/wp\/v2\/pages\/6880\/revisions\/10552"}],"wp:attachment":[{"href":"https:\/\/economice.valahia.ro\/index.php?rest_route=%2Fwp%2Fv2%2Fmedia&parent=6880"}],"curies":[{"name":"wp","href":"https:\/\/api.w.org\/{rel}","templated":true}]}}