{"id":6883,"date":"2021-11-02T21:27:22","date_gmt":"2021-11-02T21:27:22","guid":{"rendered":"https:\/\/economice.valahia.ro\/?page_id=6883"},"modified":"2024-11-13T14:40:01","modified_gmt":"2024-11-13T12:40:01","slug":"fisa-disciplinei-mep-2","status":"publish","type":"page","link":"https:\/\/economice.valahia.ro\/?page_id=6883","title":{"rendered":"Fisa disciplinei mep 2"},"content":{"rendered":"<p>[vc_row][vc_column]<h2 style=\"color:;\" class=\" ztl-accent-font ztl-center ztl-font-normal\">MASTER AUDITUL ENTIT\u0102\u0162ILOR PUBLICE \u015eI PRIVATE - ANUL 2<\/h2>[\/vc_column][\/vc_row][vc_row][vc_column][vc_text_separator title=&#8221;SEMESTRUL I&#8221; color=&#8221;orange&#8221;][\/vc_column][\/vc_row][vc_row][vc_column][vc_column_text]<\/p>\n<h3><a href=\"https:\/\/economice.valahia.ro\/wp-content\/uploads\/2024\/11\/FD-MEP2S1-Audit-intern-studii-de-aprofundare.pdf\" target=\"_blank\" rel=\"noopener\">Audit intern &#8211; studii de aprofundare<\/a><br \/>\n<a href=\"https:\/\/economice.valahia.ro\/wp-content\/uploads\/2024\/11\/FD-MEP2S1-Guvernanta-corporativa.pdf\" target=\"_blank\" rel=\"noopener\">Guvernan\u0163\u0103 corporativ\u0103<\/a><br \/>\n<a href=\"https:\/\/economice.valahia.ro\/wp-content\/uploads\/2024\/11\/FD-MEP2S1-Metodologia-cercetarii-stiintifice.pdf\" target=\"_blank\" rel=\"noopener\">Metodologia cercet\u0103rii \u015ftiin\u0163ifice<\/a><br \/>\n<a href=\"https:\/\/economice.valahia.ro\/wp-content\/uploads\/2024\/11\/FD-MEP2S1-Contabilitate-manageriala.pdf\" target=\"_blank\" rel=\"noopener\">Contabilitate managerial\u0103<\/a><\/h3>\n<p>[\/vc_column_text][\/vc_column][\/vc_row][vc_row][vc_column][vc_text_separator title=&#8221;SEMESTRUL II&#8221; color=&#8221;orange&#8221;][vc_column_text]<\/p>\n<h3><a href=\"https:\/\/economice.valahia.ro\/wp-content\/uploads\/2024\/11\/FD-MEP2S2-Auditul-performantei.pdf\" target=\"_blank\" rel=\"noopener\">Auditul performan\u0163ei<\/a><br \/>\n<a href=\"https:\/\/economice.valahia.ro\/wp-content\/uploads\/2024\/11\/FD-MEP2S2-Management-financiar.pdf\" target=\"_blank\" rel=\"noopener\">Management financiar<\/a><br \/>\n<a href=\"https:\/\/economice.valahia.ro\/wp-content\/uploads\/2024\/11\/FD-MEP2S2-Audit-financiar-studii-de-aprofundare.pdf\" target=\"_blank\" rel=\"noopener\">Audit financiar &#8211; studii de aprofundare<\/a><br \/>\n<a href=\"https:\/\/economice.valahia.ro\/wp-content\/uploads\/2024\/11\/FD-MEP2S2-Proiecte-de-audit.pdf\" target=\"_blank\" rel=\"noopener\">Proiecte de audit<\/a><br \/>\n<a href=\"https:\/\/economice.valahia.ro\/wp-content\/uploads\/2024\/11\/FD-MEP2S2-Practica.pdf\" target=\"_blank\" rel=\"noopener\">Practica<\/a><br \/>\nElaborarea lucr\u0103rii de diserta\u0163ie<\/h3>\n<p>[\/vc_column_text][\/vc_column][\/vc_row]<\/p>\n","protected":false},"excerpt":{"rendered":"<p>[vc_row][vc_column][\/vc_column][\/vc_row][vc_row][vc_column][vc_text_separator title=&#8221;SEMESTRUL I&#8221; color=&#8221;orange&#8221;][\/vc_column][\/vc_row][vc_row][vc_column][vc_column_text] Audit intern &#8211; studii de aprofundare Guvernan\u0163\u0103 corporativ\u0103 Metodologia cercet\u0103rii \u015ftiin\u0163ifice Contabilitate managerial\u0103 [\/vc_column_text][\/vc_column][\/vc_row][vc_row][vc_column][vc_text_separator title=&#8221;SEMESTRUL II&#8221; color=&#8221;orange&#8221;][vc_column_text] Auditul performan\u0163ei Management financiar Audit financiar &#8211; studii de aprofundare Proiecte de audit Practica Elaborarea lucr\u0103rii de diserta\u0163ie [\/vc_column_text][\/vc_column][\/vc_row]<\/p>\n","protected":false},"author":1,"featured_media":0,"parent":0,"menu_order":0,"comment_status":"closed","ping_status":"closed","template":"","meta":{"footnotes":""},"class_list":["post-6883","page","type-page","status-publish","hentry"],"_links":{"self":[{"href":"https:\/\/economice.valahia.ro\/index.php?rest_route=\/wp\/v2\/pages\/6883","targetHints":{"allow":["GET"]}}],"collection":[{"href":"https:\/\/economice.valahia.ro\/index.php?rest_route=\/wp\/v2\/pages"}],"about":[{"href":"https:\/\/economice.valahia.ro\/index.php?rest_route=\/wp\/v2\/types\/page"}],"author":[{"embeddable":true,"href":"https:\/\/economice.valahia.ro\/index.php?rest_route=\/wp\/v2\/users\/1"}],"replies":[{"embeddable":true,"href":"https:\/\/economice.valahia.ro\/index.php?rest_route=%2Fwp%2Fv2%2Fcomments&post=6883"}],"version-history":[{"count":5,"href":"https:\/\/economice.valahia.ro\/index.php?rest_route=\/wp\/v2\/pages\/6883\/revisions"}],"predecessor-version":[{"id":10553,"href":"https:\/\/economice.valahia.ro\/index.php?rest_route=\/wp\/v2\/pages\/6883\/revisions\/10553"}],"wp:attachment":[{"href":"https:\/\/economice.valahia.ro\/index.php?rest_route=%2Fwp%2Fv2%2Fmedia&parent=6883"}],"curies":[{"name":"wp","href":"https:\/\/api.w.org\/{rel}","templated":true}]}}