{"id":6886,"date":"2021-11-02T21:27:52","date_gmt":"2021-11-02T21:27:52","guid":{"rendered":"https:\/\/economice.valahia.ro\/?page_id=6886"},"modified":"2025-03-05T13:35:31","modified_gmt":"2025-03-05T11:35:31","slug":"fisa-disciplinei-mfb-1","status":"publish","type":"page","link":"https:\/\/economice.valahia.ro\/?page_id=6886","title":{"rendered":"Fisa disciplinei mfb 1"},"content":{"rendered":"<p>[vc_row][vc_column]<h2 style=\"color:;\" class=\" ztl-accent-font ztl-center ztl-font-bold\">MASTER MANAGEMENT FINANCIAR BANCAR - ANUL 1<\/h2>[\/vc_column][\/vc_row][vc_row][vc_column][vc_text_separator title=&#8221;SEMESTRUL I&#8221; color=&#8221;orange&#8221;][\/vc_column][\/vc_row][vc_row][vc_column][vc_column_text]<\/p>\n<h3 style=\"text-align: center;\"><a href=\"https:\/\/economice.valahia.ro\/wp-content\/uploads\/2025\/03\/Politici-si-strategii-comunitare-in-domeniul-financiar-bancar.pdf\" target=\"_blank\" rel=\"noopener\">Politici \u015fi strategii comunitare \u00een domeniul financiar bancar<\/a><br \/>\n<a href=\"https:\/\/economice.valahia.ro\/wp-content\/uploads\/2025\/03\/Fiscalitate_europeana.pdf\" target=\"_blank\" rel=\"noopener\">Fiscalitate european\u0103<\/a><br \/>\n<a href=\"https:\/\/economice.valahia.ro\/wp-content\/uploads\/2025\/03\/Finante-corporative.pdf\" target=\"_blank\" rel=\"noopener\">Finan\u0163e corporative<\/a><br \/>\n<a href=\"https:\/\/economice.valahia.ro\/wp-content\/uploads\/2025\/03\/Metode-cantitative.pdf\" target=\"_blank\" rel=\"noopener\">Metode cantitative utilizate \u00een activitatea economic\u0103<\/a><\/h3>\n<p>[\/vc_column_text][\/vc_column][\/vc_row][vc_row][vc_column][vc_text_separator title=&#8221;SEMESTRUL II&#8221; color=&#8221;orange&#8221;][vc_column_text]<\/p>\n<h3 style=\"text-align: center;\"><a href=\"https:\/\/economice.valahia.ro\/wp-content\/uploads\/2025\/03\/Gest._trez_intrep.pdf\" target=\"_blank\" rel=\"noopener\">Gestiunea trezoreriei \u00eentreprinderii<\/a><br \/>\n<a href=\"https:\/\/economice.valahia.ro\/wp-content\/uploads\/2025\/03\/Sisteme-informatice.pdf\" target=\"_blank\" rel=\"noopener\">Sisteme informatice financiar bancare<\/a><br \/>\n<a href=\"https:\/\/economice.valahia.ro\/wp-content\/uploads\/2025\/03\/Teorii-financiare.pdf\" target=\"_blank\" rel=\"noopener\">Teorii financiare<\/a><br \/>\n<a href=\"https:\/\/economice.valahia.ro\/wp-content\/uploads\/2025\/03\/Etica-si-integritate-academica.pdf\" target=\"_blank\" rel=\"noopener\">Etic\u0103 \u0219i integritate academic\u0103<\/a><\/h3>\n<p>[\/vc_column_text][\/vc_column][\/vc_row]<\/p>\n","protected":false},"excerpt":{"rendered":"<p>[vc_row][vc_column][\/vc_column][\/vc_row][vc_row][vc_column][vc_text_separator title=&#8221;SEMESTRUL I&#8221; color=&#8221;orange&#8221;][\/vc_column][\/vc_row][vc_row][vc_column][vc_column_text] Politici \u015fi strategii comunitare \u00een domeniul financiar bancar Fiscalitate european\u0103 Finan\u0163e corporative Metode cantitative utilizate \u00een activitatea economic\u0103 [\/vc_column_text][\/vc_column][\/vc_row][vc_row][vc_column][vc_text_separator title=&#8221;SEMESTRUL II&#8221; color=&#8221;orange&#8221;][vc_column_text] Gestiunea trezoreriei \u00eentreprinderii Sisteme informatice financiar bancare Teorii financiare Etic\u0103 \u0219i integritate academic\u0103 [\/vc_column_text][\/vc_column][\/vc_row]<\/p>\n","protected":false},"author":1,"featured_media":0,"parent":0,"menu_order":0,"comment_status":"closed","ping_status":"closed","template":"","meta":{"footnotes":""},"class_list":["post-6886","page","type-page","status-publish","hentry"],"_links":{"self":[{"href":"https:\/\/economice.valahia.ro\/index.php?rest_route=\/wp\/v2\/pages\/6886","targetHints":{"allow":["GET"]}}],"collection":[{"href":"https:\/\/economice.valahia.ro\/index.php?rest_route=\/wp\/v2\/pages"}],"about":[{"href":"https:\/\/economice.valahia.ro\/index.php?rest_route=\/wp\/v2\/types\/page"}],"author":[{"embeddable":true,"href":"https:\/\/economice.valahia.ro\/index.php?rest_route=\/wp\/v2\/users\/1"}],"replies":[{"embeddable":true,"href":"https:\/\/economice.valahia.ro\/index.php?rest_route=%2Fwp%2Fv2%2Fcomments&post=6886"}],"version-history":[{"count":7,"href":"https:\/\/economice.valahia.ro\/index.php?rest_route=\/wp\/v2\/pages\/6886\/revisions"}],"predecessor-version":[{"id":10872,"href":"https:\/\/economice.valahia.ro\/index.php?rest_route=\/wp\/v2\/pages\/6886\/revisions\/10872"}],"wp:attachment":[{"href":"https:\/\/economice.valahia.ro\/index.php?rest_route=%2Fwp%2Fv2%2Fmedia&parent=6886"}],"curies":[{"name":"wp","href":"https:\/\/api.w.org\/{rel}","templated":true}]}}