{"id":6889,"date":"2021-11-02T21:28:16","date_gmt":"2021-11-02T21:28:16","guid":{"rendered":"https:\/\/economice.valahia.ro\/?page_id=6889"},"modified":"2025-03-05T02:31:26","modified_gmt":"2025-03-05T00:31:26","slug":"fisa-disciplinei-mfb-2","status":"publish","type":"page","link":"https:\/\/economice.valahia.ro\/?page_id=6889","title":{"rendered":"Fisa disciplinei mfb 2"},"content":{"rendered":"<p>[vc_row][vc_column]<h2 style=\"color:;\" class=\" ztl-accent-font ztl-center ztl-font-bold\">MASTER MANAGEMENT FINANCIAR BANCAR - ANUL 2<\/h2>[\/vc_column][\/vc_row][vc_row][vc_column][vc_text_separator title=&#8221;SEMESTRUL I&#8221; color=&#8221;orange&#8221;][\/vc_column][\/vc_row][vc_row][vc_column][vc_column_text]<\/p>\n<h3 style=\"text-align: center;\"><a href=\"https:\/\/economice.valahia.ro\/wp-content\/uploads\/2025\/03\/Managementul-riscului-bancar.pdf\" target=\"_blank\" rel=\"noopener\">Managementul riscului bancar<\/a><br \/>\n<a href=\"https:\/\/economice.valahia.ro\/wp-content\/uploads\/2025\/03\/Managementul-societatilor-de-asigurare.pdf\" target=\"_blank\" rel=\"noopener\">Managementul societ\u0103\u0163ilor de asigurare<\/a><br \/>\n<a href=\"https:\/\/economice.valahia.ro\/wp-content\/uploads\/2025\/03\/Metodologia-cercetarii.pdf\" target=\"_blank\" rel=\"noopener\">Metodologia cercet\u0103rii \u015ftiin\u0163ifice<\/a><\/h3>\n<h3 style=\"text-align: center;\"><a href=\"https:\/\/economice.valahia.ro\/wp-content\/uploads\/2025\/03\/Gestiune-fiscala.pdf\" target=\"_blank\" rel=\"noopener\">Gestiune fiscal\u0103<\/a><\/h3>\n<h3 style=\"text-align: center;\"><a href=\"https:\/\/economice.valahia.ro\/wp-content\/uploads\/2025\/03\/Marketing-bancar.pdf\" target=\"_blank\" rel=\"noopener\">Marketing bancar<\/a><\/h3>\n<p>[\/vc_column_text][\/vc_column][\/vc_row][vc_row][vc_column][vc_text_separator title=&#8221;SEMESTRUL II&#8221; color=&#8221;orange&#8221;][vc_column_text]<\/p>\n<h3 style=\"text-align: center;\"><a href=\"https:\/\/economice.valahia.ro\/wp-content\/uploads\/2025\/03\/Managementul-Investitiilor.pdf\" target=\"_blank\" rel=\"noopener\">Managementul investi\u0163iilor<\/a><br \/>\n<a href=\"https:\/\/economice.valahia.ro\/wp-content\/uploads\/2025\/03\/Modelarea_deciziei_financiare.pdf\" target=\"_blank\" rel=\"noopener\">Modelarea deciziei financiare<\/a><br \/>\n<a href=\"https:\/\/economice.valahia.ro\/wp-content\/uploads\/2025\/03\/Macrostabilitate.pdf\" target=\"_blank\" rel=\"noopener\">Macrostabilitate economic\u0103<\/a><br \/>\n<a href=\"https:\/\/economice.valahia.ro\/wp-content\/uploads\/2025\/03\/Proiecte-financiar-bancare.pdf\" target=\"_blank\" rel=\"noopener\">Proiecte financiar-bancare<\/a><br \/>\nPractic\u0103<br \/>\nElaborarea lucr\u0103rii de diserta\u0163ie<\/h3>\n<p>[\/vc_column_text][\/vc_column][\/vc_row]<\/p>\n","protected":false},"excerpt":{"rendered":"<p>[vc_row][vc_column][\/vc_column][\/vc_row][vc_row][vc_column][vc_text_separator title=&#8221;SEMESTRUL I&#8221; color=&#8221;orange&#8221;][\/vc_column][\/vc_row][vc_row][vc_column][vc_column_text] Managementul riscului bancar Managementul societ\u0103\u0163ilor de asigurare Metodologia cercet\u0103rii \u015ftiin\u0163ifice Gestiune fiscal\u0103 Marketing bancar [\/vc_column_text][\/vc_column][\/vc_row][vc_row][vc_column][vc_text_separator title=&#8221;SEMESTRUL II&#8221; color=&#8221;orange&#8221;][vc_column_text] Managementul investi\u0163iilor Modelarea deciziei financiare Macrostabilitate economic\u0103 Proiecte financiar-bancare Practic\u0103 Elaborarea lucr\u0103rii de diserta\u0163ie [\/vc_column_text][\/vc_column][\/vc_row]<\/p>\n","protected":false},"author":1,"featured_media":0,"parent":0,"menu_order":0,"comment_status":"closed","ping_status":"closed","template":"","meta":{"footnotes":""},"class_list":["post-6889","page","type-page","status-publish","hentry"],"_links":{"self":[{"href":"https:\/\/economice.valahia.ro\/index.php?rest_route=\/wp\/v2\/pages\/6889","targetHints":{"allow":["GET"]}}],"collection":[{"href":"https:\/\/economice.valahia.ro\/index.php?rest_route=\/wp\/v2\/pages"}],"about":[{"href":"https:\/\/economice.valahia.ro\/index.php?rest_route=\/wp\/v2\/types\/page"}],"author":[{"embeddable":true,"href":"https:\/\/economice.valahia.ro\/index.php?rest_route=\/wp\/v2\/users\/1"}],"replies":[{"embeddable":true,"href":"https:\/\/economice.valahia.ro\/index.php?rest_route=%2Fwp%2Fv2%2Fcomments&post=6889"}],"version-history":[{"count":5,"href":"https:\/\/economice.valahia.ro\/index.php?rest_route=\/wp\/v2\/pages\/6889\/revisions"}],"predecessor-version":[{"id":10867,"href":"https:\/\/economice.valahia.ro\/index.php?rest_route=\/wp\/v2\/pages\/6889\/revisions\/10867"}],"wp:attachment":[{"href":"https:\/\/economice.valahia.ro\/index.php?rest_route=%2Fwp%2Fv2%2Fmedia&parent=6889"}],"curies":[{"name":"wp","href":"https:\/\/api.w.org\/{rel}","templated":true}]}}