{"id":6895,"date":"2021-11-02T21:29:17","date_gmt":"2021-11-02T21:29:17","guid":{"rendered":"https:\/\/economice.valahia.ro\/?page_id=6895"},"modified":"2025-03-05T02:15:57","modified_gmt":"2025-03-05T00:15:57","slug":"fisa-disciplinei-mmi-2","status":"publish","type":"page","link":"https:\/\/economice.valahia.ro\/?page_id=6895","title":{"rendered":"Fisa disciplinei mmi 2"},"content":{"rendered":"<p>[vc_row][vc_column]<h2 style=\"color:;\" class=\" ztl-accent-font ztl-center ztl-font-bold\">MASTER MANAGEMENTUL INFORMA\u021aIILOR - ANUL 2<\/h2>[\/vc_column][\/vc_row][vc_row][vc_column][vc_text_separator title=&#8221;SEMESTRUL I&#8221; color=&#8221;orange&#8221;][\/vc_column][\/vc_row][vc_row][vc_column][vc_column_text]<\/p>\n<h3 style=\"text-align: center;\"><a href=\"https:\/\/economice.valahia.ro\/wp-content\/uploads\/2025\/03\/MMI2S1-01-Fisa-disciplinei-Securitatea-sistemelor-informatice-si-cybersecurity.pdf\" target=\"_blank\" rel=\"noopener\">Securitatea sistemelor informatice \u0219i cybersecurity<\/a><br \/>\n<a href=\"https:\/\/economice.valahia.ro\/wp-content\/uploads\/2025\/03\/MMI2S1-02-fisa-disciplinei-Mg.conflictelor-si-crizelor-delia-popescu-2024.pdf\" target=\"_blank\" rel=\"noopener\">Managementul conflictelor \u015fi crizelor<\/a><br \/>\n<a href=\"https:\/\/economice.valahia.ro\/wp-content\/uploads\/2025\/03\/MMI2S1-03-Politici-publice-in-spatiul-euroatlantic-Savu-BC.pdf\" target=\"_blank\" rel=\"noopener\">Politici publice \u00een spa\u0163iul euroatlantic<\/a><br \/>\n<a href=\"https:\/\/economice.valahia.ro\/wp-content\/uploads\/2025\/03\/MMI2S1-04-Metodologia-cercetarii-stiintifice-Radu-Valentin-2024-2025.pdf\" target=\"_blank\" rel=\"noopener\">Medodologia cercet\u0103rii \u0219tiin\u021bifice<\/a><\/h3>\n<h3 style=\"text-align: center;\"><a href=\"https:\/\/economice.valahia.ro\/wp-content\/uploads\/2025\/03\/MMI2S1-05a-opt-ales-fisa-Ion-Pargaru.pdf\" target=\"_blank\" rel=\"noopener\">Teoria \u0219i practica diploma\u021biei economice \u0219i cooperarea economic\u0103 interna\u021bional\u0103 (op\u021bional A)<\/a><\/h3>\n<h3 style=\"text-align: center;\"><a href=\"https:\/\/economice.valahia.ro\/wp-content\/uploads\/2025\/03\/MMI2S1-05b-opt-Fisa-disciplinei-Mg-Prev-si-combat-corup-si-crime-org_MMI.pdf\" target=\"_blank\" rel=\"noopener\">Managementul prevenirii \u0219i combaterii corup\u021biei \u0219i crimei organizate (op\u021bional B)<\/a><\/h3>\n<p>[\/vc_column_text][\/vc_column][\/vc_row][vc_row][vc_column][vc_text_separator title=&#8221;SEMESTRUL II&#8221; color=&#8221;orange&#8221;][vc_column_text]<\/p>\n<h3 style=\"text-align: center;\"><a href=\"https:\/\/economice.valahia.ro\/wp-content\/uploads\/2025\/03\/MMI2S2-01-Strategia-de-securitate-nationala_2024-2025-Stefan-MC-si-Ghibanu-AI.pdf\" target=\"_blank\" rel=\"noopener\">Strategia de securitate na\u0163ional\u0103<\/a><br \/>\n<a href=\"https:\/\/economice.valahia.ro\/wp-content\/uploads\/2025\/03\/MMI2S2-02-Fisa-disciplinei_Proiecte-de-management-Ghibanu-AI.pdf\" target=\"_blank\" rel=\"noopener\">Proiecte de management<\/a><br \/>\n<a href=\"https:\/\/economice.valahia.ro\/wp-content\/uploads\/2025\/03\/MMI2S2-03-Fisa-disciplinei_Managementul-cunoasterii_MMI-Croitoru-G.pdf\" target=\"_blank\" rel=\"noopener\">Managementul cunoa\u0219terii<\/a><br \/>\n<a href=\"https:\/\/economice.valahia.ro\/wp-content\/uploads\/2025\/03\/MMI2S2-04-Practica-1-Croitoru-G-si-Ghibanu-AI.pdf\" target=\"_blank\" rel=\"noopener\">Practic\u0103<\/a><\/h3>\n<h3 style=\"text-align: center;\"><a href=\"https:\/\/economice.valahia.ro\/wp-content\/uploads\/2025\/03\/MMI2S2-06a-opt-ales-Fisa-disciplinei-2024-2025-Business_intelligence_MMI-Duica-MC.pdf\" target=\"_blank\" rel=\"noopener\">Business intelligence (op\u021bional A)<\/a><\/h3>\n<h3 style=\"text-align: center;\"><a href=\"https:\/\/economice.valahia.ro\/wp-content\/uploads\/2025\/03\/MMI2S2-06b-opt-Fisa-disciplinei-Cultura-de-securitate_MMI.pdf\" target=\"_blank\" rel=\"noopener\">Cultura de securitate (op\u021bional B)<\/a><\/h3>\n<h3 style=\"text-align: center;\">Elaborarea lucr\u0103rii de diserta\u0163ie<\/h3>\n<p>[\/vc_column_text][\/vc_column][\/vc_row]<\/p>\n","protected":false},"excerpt":{"rendered":"<p>[vc_row][vc_column][\/vc_column][\/vc_row][vc_row][vc_column][vc_text_separator title=&#8221;SEMESTRUL I&#8221; color=&#8221;orange&#8221;][\/vc_column][\/vc_row][vc_row][vc_column][vc_column_text] Securitatea sistemelor informatice \u0219i cybersecurity Managementul conflictelor \u015fi crizelor Politici publice \u00een spa\u0163iul euroatlantic Medodologia cercet\u0103rii \u0219tiin\u021bifice Teoria \u0219i practica diploma\u021biei economice \u0219i cooperarea economic\u0103 interna\u021bional\u0103 (op\u021bional A) Managementul prevenirii \u0219i combaterii corup\u021biei \u0219i crimei organizate (op\u021bional B) [\/vc_column_text][\/vc_column][\/vc_row][vc_row][vc_column][vc_text_separator title=&#8221;SEMESTRUL II&#8221; color=&#8221;orange&#8221;][vc_column_text] Strategia de securitate na\u0163ional\u0103 Proiecte de management Managementul cunoa\u0219terii [&hellip;]<\/p>\n","protected":false},"author":1,"featured_media":0,"parent":0,"menu_order":0,"comment_status":"closed","ping_status":"closed","template":"","meta":{"footnotes":""},"class_list":["post-6895","page","type-page","status-publish","hentry"],"_links":{"self":[{"href":"https:\/\/economice.valahia.ro\/index.php?rest_route=\/wp\/v2\/pages\/6895","targetHints":{"allow":["GET"]}}],"collection":[{"href":"https:\/\/economice.valahia.ro\/index.php?rest_route=\/wp\/v2\/pages"}],"about":[{"href":"https:\/\/economice.valahia.ro\/index.php?rest_route=\/wp\/v2\/types\/page"}],"author":[{"embeddable":true,"href":"https:\/\/economice.valahia.ro\/index.php?rest_route=\/wp\/v2\/users\/1"}],"replies":[{"embeddable":true,"href":"https:\/\/economice.valahia.ro\/index.php?rest_route=%2Fwp%2Fv2%2Fcomments&post=6895"}],"version-history":[{"count":5,"href":"https:\/\/economice.valahia.ro\/index.php?rest_route=\/wp\/v2\/pages\/6895\/revisions"}],"predecessor-version":[{"id":10851,"href":"https:\/\/economice.valahia.ro\/index.php?rest_route=\/wp\/v2\/pages\/6895\/revisions\/10851"}],"wp:attachment":[{"href":"https:\/\/economice.valahia.ro\/index.php?rest_route=%2Fwp%2Fv2%2Fmedia&parent=6895"}],"curies":[{"name":"wp","href":"https:\/\/api.w.org\/{rel}","templated":true}]}}