{"id":6898,"date":"2021-11-02T21:30:03","date_gmt":"2021-11-02T21:30:03","guid":{"rendered":"https:\/\/economice.valahia.ro\/?page_id=6898"},"modified":"2025-03-04T23:53:48","modified_gmt":"2025-03-04T21:53:48","slug":"fisa-disciplinei-mmk-1","status":"publish","type":"page","link":"https:\/\/economice.valahia.ro\/?page_id=6898","title":{"rendered":"Fisa disciplinei mmk 1"},"content":{"rendered":"<p>[vc_row][vc_column]<h2 style=\"color:;\" class=\" ztl-accent-font ztl-center ztl-font-bold\">MASTER MARKETING - ANUL 1<\/h2>[\/vc_column][\/vc_row][vc_row][vc_column][vc_text_separator title=&#8221;SEMESTRUL I&#8221; color=&#8221;orange&#8221;][\/vc_column][\/vc_row][vc_row][vc_column][vc_column_text]<\/p>\n<h3 style=\"text-align: center;\"><a href=\"https:\/\/economice.valahia.ro\/wp-content\/uploads\/2025\/03\/MMK1S1-01-_NC_Marketing-international-si-globalizarea-afacerilor-Marcu-Laura-2024-2025.pdf\" target=\"_blank\" rel=\"noopener\">Marketing interna\u021bional \u0219i globalizarea afacerilor<\/a><br \/>\n<a href=\"https:\/\/economice.valahia.ro\/wp-content\/uploads\/2025\/03\/MMK1S1-02-_NC_Managementul-proiectelor-Duica-Mircea-2024-2025.pdf\" target=\"_blank\" rel=\"noopener\">Managementul proiectelor<\/a><br \/>\n<a href=\"https:\/\/economice.valahia.ro\/wp-content\/uploads\/2025\/03\/MMK1S1-03-_NC_Profilul-consumatorului-in-era-digitala-Toma-A-2024-2025.pdf\" target=\"_blank\" rel=\"noopener\">Profilul consumatorului \u00een era digital\u0103<\/a><br \/>\n<a href=\"https:\/\/economice.valahia.ro\/wp-content\/uploads\/2025\/03\/MMK1S1-04-_NC_Metode-cantitative-mk-Mieila-Mihai-2024-2025.pdf\" target=\"_blank\" rel=\"noopener\">Metode cantitative utilizate \u00een activitatea de marketing<\/a><br \/>\n<a href=\"https:\/\/economice.valahia.ro\/wp-content\/uploads\/2025\/03\/MMK1S1-05-_NC_Corespondenta-in-limba-straina-Popescu-Nicoleta-Aurora-2024-2025.pdf\" target=\"_blank\" rel=\"noopener\">Coresponden\u021b\u0103 \u00een limba str\u0103in\u0103<\/a><\/h3>\n<p>[\/vc_column_text][\/vc_column][\/vc_row][vc_row][vc_column][vc_text_separator title=&#8221;SEMESTRUL II&#8221; color=&#8221;orange&#8221;][vc_column_text]<\/p>\n<h3 style=\"text-align: center;\"><a href=\"https:\/\/economice.valahia.ro\/wp-content\/uploads\/2025\/03\/MMK1S2-01-_NC_Gestiunea-echipei-de-vanzari-Ivan-Cornelia-Denisa-2024-2025.pdf\" target=\"_blank\" rel=\"noopener\">Gestiunea echipei de v\u00e2nz\u0103ri<\/a><br \/>\n<a href=\"https:\/\/economice.valahia.ro\/wp-content\/uploads\/2025\/03\/MMK1S2-02-_NC_Tehnici-de-marketing-digital-Marcu-Laura-2024-2025.pdf\" target=\"_blank\" rel=\"noopener\">Tehnici de marketing digital<\/a><br \/>\n<a href=\"https:\/\/economice.valahia.ro\/wp-content\/uploads\/2025\/03\/MMK1S2-03-_NC_Marketing-strategic-Ivan-Cornelia-Denisa-2024-2025.pdf\" target=\"_blank\" rel=\"noopener\">Marketing strategic<\/a><br \/>\n<a href=\"https:\/\/economice.valahia.ro\/wp-content\/uploads\/2025\/03\/MMK1S2-03-_NC_Marketing-strategic-Ivan-Cornelia-Denisa-2024-2025.pdf\" target=\"_blank\" rel=\"noopener\">Comunicare integrat\u0103 \u00een afaceri<\/a><br \/>\n<a href=\"https:\/\/economice.valahia.ro\/wp-content\/uploads\/2025\/03\/MMK1S2-05-_NC_Etica-si-integritate-academica-Bulea-Emilian-Alexandru-2024-2025.pdf\" target=\"_blank\" rel=\"noopener\">Etic\u0103 \u0219i integritate academic\u0103<\/a><\/h3>\n<p>[\/vc_column_text][\/vc_column][\/vc_row]<\/p>\n","protected":false},"excerpt":{"rendered":"<p>[vc_row][vc_column][\/vc_column][\/vc_row][vc_row][vc_column][vc_text_separator title=&#8221;SEMESTRUL I&#8221; color=&#8221;orange&#8221;][\/vc_column][\/vc_row][vc_row][vc_column][vc_column_text] Marketing interna\u021bional \u0219i globalizarea afacerilor Managementul proiectelor Profilul consumatorului \u00een era digital\u0103 Metode cantitative utilizate \u00een activitatea de marketing Coresponden\u021b\u0103 \u00een limba str\u0103in\u0103 [\/vc_column_text][\/vc_column][\/vc_row][vc_row][vc_column][vc_text_separator title=&#8221;SEMESTRUL II&#8221; color=&#8221;orange&#8221;][vc_column_text] Gestiunea echipei de v\u00e2nz\u0103ri Tehnici de marketing digital Marketing strategic Comunicare integrat\u0103 \u00een afaceri Etic\u0103 \u0219i integritate academic\u0103 [\/vc_column_text][\/vc_column][\/vc_row]<\/p>\n","protected":false},"author":1,"featured_media":0,"parent":0,"menu_order":0,"comment_status":"closed","ping_status":"closed","template":"","meta":{"footnotes":""},"class_list":["post-6898","page","type-page","status-publish","hentry"],"_links":{"self":[{"href":"https:\/\/economice.valahia.ro\/index.php?rest_route=\/wp\/v2\/pages\/6898","targetHints":{"allow":["GET"]}}],"collection":[{"href":"https:\/\/economice.valahia.ro\/index.php?rest_route=\/wp\/v2\/pages"}],"about":[{"href":"https:\/\/economice.valahia.ro\/index.php?rest_route=\/wp\/v2\/types\/page"}],"author":[{"embeddable":true,"href":"https:\/\/economice.valahia.ro\/index.php?rest_route=\/wp\/v2\/users\/1"}],"replies":[{"embeddable":true,"href":"https:\/\/economice.valahia.ro\/index.php?rest_route=%2Fwp%2Fv2%2Fcomments&post=6898"}],"version-history":[{"count":5,"href":"https:\/\/economice.valahia.ro\/index.php?rest_route=\/wp\/v2\/pages\/6898\/revisions"}],"predecessor-version":[{"id":10799,"href":"https:\/\/economice.valahia.ro\/index.php?rest_route=\/wp\/v2\/pages\/6898\/revisions\/10799"}],"wp:attachment":[{"href":"https:\/\/economice.valahia.ro\/index.php?rest_route=%2Fwp%2Fv2%2Fmedia&parent=6898"}],"curies":[{"name":"wp","href":"https:\/\/api.w.org\/{rel}","templated":true}]}}