{"id":6901,"date":"2021-11-02T21:30:27","date_gmt":"2021-11-02T21:30:27","guid":{"rendered":"https:\/\/economice.valahia.ro\/?page_id=6901"},"modified":"2025-03-05T00:10:29","modified_gmt":"2025-03-04T22:10:29","slug":"fisa-disciplinei-mmk-2","status":"publish","type":"page","link":"https:\/\/economice.valahia.ro\/?page_id=6901","title":{"rendered":"Fisa disciplinei mmk 2"},"content":{"rendered":"<p>[vc_row][vc_column]<h2 style=\"color:;\" class=\" ztl-accent-font ztl-center ztl-font-bold\">MASTER MARKETING - ANUL 2<\/h2>[\/vc_column][\/vc_row][vc_row][vc_column][vc_text_separator title=&#8221;SEMESTRUL I&#8221; color=&#8221;orange&#8221;][\/vc_column][\/vc_row][vc_row][vc_column][vc_column_text]<\/p>\n<h3 style=\"text-align: center;\"><a href=\"https:\/\/economice.valahia.ro\/wp-content\/uploads\/2025\/03\/MMK2S1-01-Ecomarketing-Andreiana-Violeta-Andreea-2024-2025.pdf\" target=\"_blank\" rel=\"noopener\">Ecomarketing<\/a><br \/>\n<a href=\"https:\/\/economice.valahia.ro\/wp-content\/uploads\/2025\/03\/MMK2S1-02-Marketing-intercultural-Fratila-Camelia-Ana-2024-2025.pdf\" target=\"_blank\" rel=\"noopener\">Marketing intercultural<\/a><br \/>\n<a href=\"https:\/\/economice.valahia.ro\/wp-content\/uploads\/2025\/03\/MMK2S1-03-Metodologia-cercetarii-stiintifice-Radu-Valentin-2024-2025.pdf\" target=\"_blank\" rel=\"noopener\">Metodologia cercet\u0103rii \u015ftiin\u0163ifice<\/a><\/h3>\n<h3 style=\"text-align: center;\"><a href=\"https:\/\/economice.valahia.ro\/wp-content\/uploads\/2025\/03\/MMK2S1-04a-opt-Marketingul-serviciilor-turistice.pdf\" target=\"_blank\" rel=\"noopener\">Marketingul serviciilor turistice (op\u021bional A)<\/a><\/h3>\n<h3 style=\"text-align: center;\"><a href=\"https:\/\/economice.valahia.ro\/wp-content\/uploads\/2025\/03\/MMK2S1-04b-opt-ales-Competitivitate-in-economia-mondiala-Stoica-Georgiana-2024-2025.pdf\" target=\"_blank\" rel=\"noopener\">Competitivitate \u00een economia mondial\u0103 (op\u021bional B)<\/a><\/h3>\n<h3 style=\"text-align: center;\"><a href=\"https:\/\/economice.valahia.ro\/wp-content\/uploads\/2025\/03\/MMK2S1-04c-opt-Supply-Chain-Management.pdf\" target=\"_blank\" rel=\"noopener\">Supply Chain Management (op\u021bional C)<\/a><\/h3>\n<p>[\/vc_column_text][\/vc_column][\/vc_row][vc_row][vc_column][vc_text_separator title=&#8221;SEMESTRUL II&#8221; color=&#8221;orange&#8221;][vc_column_text]<\/p>\n<h3 style=\"text-align: center;\"><a href=\"https:\/\/economice.valahia.ro\/wp-content\/uploads\/2025\/03\/MMK2S2-01-Cybermarketing-Cucui-Gabriel-2024-2025.pdf\" target=\"_blank\" rel=\"noopener\">Cybermarketing<\/a><br \/>\n<a href=\"https:\/\/economice.valahia.ro\/wp-content\/uploads\/2025\/03\/MMK2S2-02-Proiecte-de-marketing-Savu-Bogdan-2024-2025.pdf\" target=\"_blank\" rel=\"noopener\">Proiecte de marketing<\/a><br \/>\n<a href=\"https:\/\/economice.valahia.ro\/wp-content\/uploads\/2025\/03\/MMK2S2-03-Analiza-informatiilor-de-mk-Toma-Andrei-2024-2025.pdf\" target=\"_blank\" rel=\"noopener\">Analiza informa\u021biilor de marketing<\/a><br \/>\n<a href=\"https:\/\/economice.valahia.ro\/wp-content\/uploads\/2025\/03\/MMK2S2-04-Practica-Marcu-Laura-si-Ivan-Cornelia-Denisa-2024-2025.pdf\" target=\"_blank\" rel=\"noopener\">Practic\u0103<\/a><br \/>\n<a href=\"https:\/\/economice.valahia.ro\/wp-content\/uploads\/2025\/03\/MMK2S2-05a-opt-Managementul-schimbarii-si-riscurilor-2024-2025.pdf\" target=\"_blank\" rel=\"noopener\">Managementul schimb\u0103rii \u0219i riscurilor (op\u021bional A)<\/a><\/h3>\n<h3 style=\"text-align: center;\"><a href=\"https:\/\/economice.valahia.ro\/wp-content\/uploads\/2025\/03\/MMK2S2-05b-opt-ales-Responsabilitatea-sociala-a-organizatiei-Ghibanu-Ionut-2024-2025.pdf\" target=\"_blank\" rel=\"noopener\">Responsabilitatea social\u0103 a organiza\u021biei (op\u021bional B)<\/a><\/h3>\n<h3 style=\"text-align: center;\">Elaborarea lucr\u0103rii de diserta\u0163ie<\/h3>\n<p>[\/vc_column_text][\/vc_column][\/vc_row]<\/p>\n","protected":false},"excerpt":{"rendered":"<p>[vc_row][vc_column][\/vc_column][\/vc_row][vc_row][vc_column][vc_text_separator title=&#8221;SEMESTRUL I&#8221; color=&#8221;orange&#8221;][\/vc_column][\/vc_row][vc_row][vc_column][vc_column_text] Ecomarketing Marketing intercultural Metodologia cercet\u0103rii \u015ftiin\u0163ifice Marketingul serviciilor turistice (op\u021bional A) Competitivitate \u00een economia mondial\u0103 (op\u021bional B) Supply Chain Management (op\u021bional C) [\/vc_column_text][\/vc_column][\/vc_row][vc_row][vc_column][vc_text_separator title=&#8221;SEMESTRUL II&#8221; color=&#8221;orange&#8221;][vc_column_text] Cybermarketing Proiecte de marketing Analiza informa\u021biilor de marketing Practic\u0103 Managementul schimb\u0103rii \u0219i riscurilor (op\u021bional A) Responsabilitatea social\u0103 a organiza\u021biei (op\u021bional B) Elaborarea lucr\u0103rii de diserta\u0163ie [&hellip;]<\/p>\n","protected":false},"author":1,"featured_media":0,"parent":0,"menu_order":0,"comment_status":"closed","ping_status":"closed","template":"","meta":{"footnotes":""},"class_list":["post-6901","page","type-page","status-publish","hentry"],"_links":{"self":[{"href":"https:\/\/economice.valahia.ro\/index.php?rest_route=\/wp\/v2\/pages\/6901","targetHints":{"allow":["GET"]}}],"collection":[{"href":"https:\/\/economice.valahia.ro\/index.php?rest_route=\/wp\/v2\/pages"}],"about":[{"href":"https:\/\/economice.valahia.ro\/index.php?rest_route=\/wp\/v2\/types\/page"}],"author":[{"embeddable":true,"href":"https:\/\/economice.valahia.ro\/index.php?rest_route=\/wp\/v2\/users\/1"}],"replies":[{"embeddable":true,"href":"https:\/\/economice.valahia.ro\/index.php?rest_route=%2Fwp%2Fv2%2Fcomments&post=6901"}],"version-history":[{"count":6,"href":"https:\/\/economice.valahia.ro\/index.php?rest_route=\/wp\/v2\/pages\/6901\/revisions"}],"predecessor-version":[{"id":10801,"href":"https:\/\/economice.valahia.ro\/index.php?rest_route=\/wp\/v2\/pages\/6901\/revisions\/10801"}],"wp:attachment":[{"href":"https:\/\/economice.valahia.ro\/index.php?rest_route=%2Fwp%2Fv2%2Fmedia&parent=6901"}],"curies":[{"name":"wp","href":"https:\/\/api.w.org\/{rel}","templated":true}]}}