{"id":6904,"date":"2021-11-02T21:30:54","date_gmt":"2021-11-02T21:30:54","guid":{"rendered":"https:\/\/economice.valahia.ro\/?page_id=6904"},"modified":"2025-03-05T01:23:59","modified_gmt":"2025-03-04T23:23:59","slug":"fisa-disciplinei-mmo-1","status":"publish","type":"page","link":"https:\/\/economice.valahia.ro\/?page_id=6904","title":{"rendered":"Fisa disciplinei mmo 1"},"content":{"rendered":"<p>[vc_row][vc_column]<h2 style=\"color:;\" class=\" ztl-accent-font ztl-center ztl-font-bold\">MASTER MANAGEMENTUL ORGANIZA\u021aIEI - ANUL 1<\/h2>[\/vc_column][\/vc_row][vc_row][vc_column][vc_text_separator title=&#8221;SEMESTRUL I&#8221; color=&#8221;orange&#8221;][\/vc_column][\/vc_row][vc_row][vc_column][vc_column_text]<\/p>\n<h3 style=\"text-align: center;\"><a href=\"https:\/\/economice.valahia.ro\/wp-content\/uploads\/2025\/03\/MMO1S1-01-Managementul-organizatiei-si-strategii-manageriale-Stegaroiu-I.pdf\" target=\"_blank\" rel=\"noopener\">Managementul organiza\u021biei \u015fi strategii manageriale<\/a><br \/>\n<a href=\"https:\/\/economice.valahia.ro\/wp-content\/uploads\/2025\/03\/MMO1S1-02-Strategii-si-politici-macroeconomice-Popescu-C-ta.pdf\" target=\"_blank\" rel=\"noopener\">Strategii \u015fi politici macroeconomice<\/a><br \/>\n<a href=\"https:\/\/economice.valahia.ro\/wp-content\/uploads\/2025\/03\/MMO1S1-03-Comportament-organizational-Fratila-CA.pdf\" target=\"_blank\" rel=\"noopener\">Comportament organiza\u0163ional<\/a><br \/>\n<a href=\"https:\/\/economice.valahia.ro\/wp-content\/uploads\/2025\/03\/MMO1S1-04-Managementul-schimbarii-Duica-A.pdf\" target=\"_blank\" rel=\"noopener\">Managementul schimb\u0103rii<\/a><\/h3>\n<h3 style=\"text-align: center;\"><a href=\"https:\/\/economice.valahia.ro\/wp-content\/uploads\/2025\/03\/MMO1S1-05-Fisa-disciplinei-Modelarea-si-digitalizarea-datelor.pdf\" target=\"_blank\" rel=\"noopener\">Modelarea \u0219i digitalizarea datelor<\/a><\/h3>\n<p>[\/vc_column_text][\/vc_column][\/vc_row][vc_row][vc_column][vc_text_separator title=&#8221;SEMESTRUL II&#8221; color=&#8221;orange&#8221;][vc_column_text]<\/p>\n<h3 style=\"text-align: center;\"><a href=\"https:\/\/economice.valahia.ro\/wp-content\/uploads\/2025\/03\/MMO1S2-01-Metodologii-manageriale-Stefan-MC-si-Ghibanu-AI.pdf\" target=\"_blank\" rel=\"noopener\">Metodologii manageriale<\/a><br \/>\n<a href=\"https:\/\/economice.valahia.ro\/wp-content\/uploads\/2025\/03\/MMO1S2-02-Managementul-proiectelor-Duica-MC.pdf\" target=\"_blank\" rel=\"noopener\">Managementul proiectelor<\/a><br \/>\n<a href=\"https:\/\/economice.valahia.ro\/wp-content\/uploads\/2025\/03\/MMO1S2-03-Managementul-conflictelor-Popescu-D.pdf\" target=\"_blank\" rel=\"noopener\">Managementul conflictelor<\/a><br \/>\n<a href=\"https:\/\/economice.valahia.ro\/wp-content\/uploads\/2025\/03\/MMO1S2-04-Metode-econometrice-Mieila-M.pdf\" target=\"_blank\" rel=\"noopener\">Metode econometrice<\/a><br \/>\n<a href=\"https:\/\/economice.valahia.ro\/wp-content\/uploads\/2025\/03\/MMO1S2-05-Etica-si-integritate-academica-Bulea-EAl.pdf\" target=\"_blank\" rel=\"noopener\">Etic\u0103 \u0219i integritate academic\u0103<\/a><\/h3>\n<p>[\/vc_column_text][\/vc_column][\/vc_row]<\/p>\n","protected":false},"excerpt":{"rendered":"<p>[vc_row][vc_column][\/vc_column][\/vc_row][vc_row][vc_column][vc_text_separator title=&#8221;SEMESTRUL I&#8221; color=&#8221;orange&#8221;][\/vc_column][\/vc_row][vc_row][vc_column][vc_column_text] Managementul organiza\u021biei \u015fi strategii manageriale Strategii \u015fi politici macroeconomice Comportament organiza\u0163ional Managementul schimb\u0103rii Modelarea \u0219i digitalizarea datelor [\/vc_column_text][\/vc_column][\/vc_row][vc_row][vc_column][vc_text_separator title=&#8221;SEMESTRUL II&#8221; color=&#8221;orange&#8221;][vc_column_text] Metodologii manageriale Managementul proiectelor Managementul conflictelor Metode econometrice Etic\u0103 \u0219i integritate academic\u0103 [\/vc_column_text][\/vc_column][\/vc_row]<\/p>\n","protected":false},"author":1,"featured_media":0,"parent":0,"menu_order":0,"comment_status":"closed","ping_status":"closed","template":"","meta":{"footnotes":""},"class_list":["post-6904","page","type-page","status-publish","hentry"],"_links":{"self":[{"href":"https:\/\/economice.valahia.ro\/index.php?rest_route=\/wp\/v2\/pages\/6904","targetHints":{"allow":["GET"]}}],"collection":[{"href":"https:\/\/economice.valahia.ro\/index.php?rest_route=\/wp\/v2\/pages"}],"about":[{"href":"https:\/\/economice.valahia.ro\/index.php?rest_route=\/wp\/v2\/types\/page"}],"author":[{"embeddable":true,"href":"https:\/\/economice.valahia.ro\/index.php?rest_route=\/wp\/v2\/users\/1"}],"replies":[{"embeddable":true,"href":"https:\/\/economice.valahia.ro\/index.php?rest_route=%2Fwp%2Fv2%2Fcomments&post=6904"}],"version-history":[{"count":6,"href":"https:\/\/economice.valahia.ro\/index.php?rest_route=\/wp\/v2\/pages\/6904\/revisions"}],"predecessor-version":[{"id":10825,"href":"https:\/\/economice.valahia.ro\/index.php?rest_route=\/wp\/v2\/pages\/6904\/revisions\/10825"}],"wp:attachment":[{"href":"https:\/\/economice.valahia.ro\/index.php?rest_route=%2Fwp%2Fv2%2Fmedia&parent=6904"}],"curies":[{"name":"wp","href":"https:\/\/api.w.org\/{rel}","templated":true}]}}